  
{"id":2329,"date":"2022-10-06T12:53:37","date_gmt":"2022-10-06T12:53:37","guid":{"rendered":"https:\/\/www.estedem.com\/tr\/?post_type=product&#038;p=2329"},"modified":"2022-10-11T06:22:39","modified_gmt":"2022-10-11T06:22:39","slug":"extra-818-gempl","status":"publish","type":"product","link":"https:\/\/www.estedem.com\/tr\/urun\/extra-818-gempl\/","title":{"rendered":"EXTRA 818 GEMPL"},"content":{"rendered":"<p>Facial Treatment<\/p>\n<p>Medikal &amp; Kozmetik tedavileri\u00a0 ve t\u00fcm becerisini tek bir ba\u015fl\u0131k alt\u0131nda ger\u00e7ekle\u015ftirir. Geni\u015f da\u011f\u0131l\u0131ml\u0131\u00a0 yo\u011fun \u0131\u015f\u0131k at\u0131\u015f\u0131 yayan\u00a0 flash d\u00fczene\u011fi 450-1200 nm&#8217;ye sahiptir.\u00a0 Program se\u00e7iminde\u00a0 yerle\u015fik olarak\u00a0 d\u00fczenli at\u0131\u015flar aras\u0131ndaki zaman\u0131 uygun \u00f6l\u00e7\u00fcde\u00a0 otomatik olarak ayarlar.<\/p>\n","protected":false},"excerpt":{"rendered":"<p>D\u00fcnyada mevcut bulunan b\u00fct\u00fcn \u0131\u015f\u0131k sistem cihazlar\u0131n\u0131n \u00fczerinde, \u0130srail&#8217;de haz\u0131rlanm\u0131\u015f ve \u00fcretilmi\u015f HIPL\/GEM teknoloji patentine dayal\u0131d\u0131r. Etkisi ba\u015fka hi\u00e7bir y\u00f6ntemle k\u0131yaslanamayacak kadar g\u00fc\u00e7l\u00fc; \u00e7ok k\u0131sa s\u00fcrede\u00a0 bir\u00e7ok cilt sorununa\u00a0 kal\u0131c\u0131 tedavi yapabilir.<\/p>\n","protected":false},"featured_media":2427,"comment_status":"open","ping_status":"closed","template":"","meta":{"h5ap_radio_sources":[]},"product_cat":[51],"product_tag":[],"class_list":["post-2329","product","type-product","status-publish","has-post-thumbnail","hentry","product_cat-lazer-ve-cihazlari"],"_links":{"self":[{"href":"https:\/\/www.estedem.com\/tr\/wp-json\/wp\/v2\/product\/2329","targetHints":{"allow":["GET"]}}],"collection":[{"href":"https:\/\/www.estedem.com\/tr\/wp-json\/wp\/v2\/product"}],"about":[{"href":"https:\/\/www.estedem.com\/tr\/wp-json\/wp\/v2\/types\/product"}],"replies":[{"embeddable":true,"href":"https:\/\/www.estedem.com\/tr\/wp-json\/wp\/v2\/comments?post=2329"}],"wp:featuredmedia":[{"embeddable":true,"href":"https:\/\/www.estedem.com\/tr\/wp-json\/wp\/v2\/media\/2427"}],"wp:attachment":[{"href":"https:\/\/www.estedem.com\/tr\/wp-json\/wp\/v2\/media?parent=2329"}],"wp:term":[{"taxonomy":"product_cat","embeddable":true,"href":"https:\/\/www.estedem.com\/tr\/wp-json\/wp\/v2\/product_cat?post=2329"},{"taxonomy":"product_tag","embeddable":true,"href":"https:\/\/www.estedem.com\/tr\/wp-json\/wp\/v2\/product_tag?post=2329"}],"curies":[{"name":"wp","href":"https:\/\/api.w.org\/{rel}","templated":true}]}}