  
{"id":2328,"date":"2022-10-06T18:51:08","date_gmt":"2022-10-06T18:51:08","guid":{"rendered":"https:\/\/www.estedem.com\/tr\/?post_type=product&#038;p=2328"},"modified":"2022-10-11T07:49:20","modified_gmt":"2022-10-11T07:49:20","slug":"goldmix-microchiplaer","status":"publish","type":"product","link":"https:\/\/www.estedem.com\/tr\/urun\/goldmix-microchiplaer\/","title":{"rendered":"GOLDMIX MICROCHIP LASER"},"content":{"rendered":"<ul>\n<li>Goldmix Microchip\u00a0 Laser, bug\u00fcne kadar geli\u015ftirilen t\u00fcm lazer epilasyon teknolojilerinin en \u00fcst noktas\u0131\u2026<\/li>\n<li>En iyi sonu\u00e7 i\u00e7in Alexandrite 755nm.\/ Diode 810nm.\/ Ndyag 1064 nm.\u00a0 3 Dalga boyu bir arada<\/li>\n<li>Avrupa birli\u011fi CE onayl\u0131<\/li>\n<li>At\u0131m h\u0131z\u0131na m\u00fcdahale etme imkan\u0131\/10 Hz. \u00fct\u00fcleme sistem<\/li>\n<li>Lazer BAR yoktur!!! . M\u0130CROCHIP ba\u015fl\u0131k teknoloji kullan\u0131lmaktad\u0131r<\/li>\n<li>En g\u00fc\u00e7l\u00fc: 1080 Watt<\/li>\n<li>Touch Screen<\/li>\n<li>50.000.000 at\u0131mdan fazla at\u0131\u015f kapasitesi<\/li>\n<li>12 x 12 \u00a0uygulama ba\u015fl\u0131\u011f\u0131<\/li>\n<li>5-600 ms At\u0131\u015f aral\u0131\u011f\u0131<\/li>\n<li>Avrupa birli\u011fi CE onayl\u0131<\/li>\n<li>Hem hava- hem su, ayr\u0131ca contact cooling\u00a0 mevcuttur<\/li>\n<li>2 y\u0131l \u00fcretim hatalar\u0131na kar\u015f\u0131 \u00fccretsiz garantili*8 y\u0131l \u00fccretli servis ve yedek par\u00e7a garantili<\/li>\n<li>24 saatte T\u00fcrkiyenin her yerine teknik servis imkan\u0131<\/li>\n<\/ul>\n<p>T\u00fcm modeller 2 y\u0131l garantilidir<\/p>\n<p>Laser wave length 755nm.\/810nm\/1064nm Energy density Tekil olarak 40J\/cm Frequency 0.5Hz-10Hz Pulse width 5ms-600ms Double working mode Single pulse||Double pulse\/Multi pulse Temperature of probe -5\u2103~5\u2103 Spot size 12mm*12mm Display 12*color touch LCD screen Output Light power 1080W Output power 3200W Machine Size 45*40*115cm Cooling system Winding Cooling &amp; Water Cooling &amp; Semi-conductor Cooling<\/p>\n","protected":false},"excerpt":{"rendered":"<p>Goldmix Microchip Laser<\/p>\n<ul>\n<li>3 Dalga Boyu Bir Arada: 755 nm Alexandirite\u00a0 810 nm Diode Laser\u00a0 \u00a01064 nm NdYag<\/li>\n<li>Saniyede 10 At\u0131m &#8211; S\u00fcper H\u0131zl\u0131<\/li>\n<li>Buz Ba\u015fl\u0131k<\/li>\n<li>4 Kat Daha Y\u00fcksek G\u00fc\u00e7<\/li>\n<li>T\u00fcm Cilt Tonlar\u0131nda\u00a0 4 Mevsim G\u00fcvenle Uygulama<\/li>\n<li>El ve Ayaktan Tetikleme<\/li>\n<li>Farkl\u0131 derinliklerdeki t\u00fcm t\u00fcylere etki edebildi\u011fi i\u00e7in\u00a0 uygulama b\u00f6lgesinde m\u00fckemmel sonu\u00e7<\/li>\n<\/ul>\n<p><a href=\"https:\/\/www.estedem.com\/pdf\/GOLDM%C4%B0Xlaser.pdf\" target=\"_blank\" rel=\"noopener\"> <img decoding=\"async\" src=\"https:\/\/www.estedem.com\/tr\/wp-content\/uploads\/2022\/10\/100-pdf.png\"><\/a><\/p>\n","protected":false},"featured_media":2112,"comment_status":"open","ping_status":"closed","template":"","meta":{"h5ap_radio_sources":[]},"product_cat":[51],"product_tag":[],"class_list":["post-2328","product","type-product","status-publish","has-post-thumbnail","hentry","product_cat-lazer-ve-cihazlari"],"_links":{"self":[{"href":"https:\/\/www.estedem.com\/tr\/wp-json\/wp\/v2\/product\/2328","targetHints":{"allow":["GET"]}}],"collection":[{"href":"https:\/\/www.estedem.com\/tr\/wp-json\/wp\/v2\/product"}],"about":[{"href":"https:\/\/www.estedem.com\/tr\/wp-json\/wp\/v2\/types\/product"}],"replies":[{"embeddable":true,"href":"https:\/\/www.estedem.com\/tr\/wp-json\/wp\/v2\/comments?post=2328"}],"wp:featuredmedia":[{"embeddable":true,"href":"https:\/\/www.estedem.com\/tr\/wp-json\/wp\/v2\/media\/2112"}],"wp:attachment":[{"href":"https:\/\/www.estedem.com\/tr\/wp-json\/wp\/v2\/media?parent=2328"}],"wp:term":[{"taxonomy":"product_cat","embeddable":true,"href":"https:\/\/www.estedem.com\/tr\/wp-json\/wp\/v2\/product_cat?post=2328"},{"taxonomy":"product_tag","embeddable":true,"href":"https:\/\/www.estedem.com\/tr\/wp-json\/wp\/v2\/product_tag?post=2328"}],"curies":[{"name":"wp","href":"https:\/\/api.w.org\/{rel}","templated":true}]}}