  
{"id":2325,"date":"2022-10-06T12:45:44","date_gmt":"2022-10-06T12:45:44","guid":{"rendered":"https:\/\/www.estedem.com\/tr\/?post_type=product&#038;p=2325"},"modified":"2022-10-11T07:51:45","modified_gmt":"2022-10-11T07:51:45","slug":"gold-plus-8051","status":"publish","type":"product","link":"https:\/\/www.estedem.com\/tr\/urun\/gold-plus-8051\/","title":{"rendered":"GOLD PLUS 8051"},"content":{"rendered":"<p><strong>Tripolar RF Ba\u015fl\u0131\u011f\u0131<\/strong><\/p>\n<p>Tripolar teknolojisi, non-invaziv v\u00fccut \u015fekillendirmede son teknoloji bir bulu\u015ftur. Cerrahiden \u00e7ekinen hastalar\u0131n sonunda bekledikleri sonu\u00e7lar\u0131 alabilmeleri sa\u011flanmaktad\u0131r. Bu sonu\u00e7lar hem derhal g\u00f6zlenir hem de uzun vadelidir. Tripolar, g\u00fcvenli ve etkin \u015fekilde istenmeyen lokal ya\u011f dokular\u0131n\u0131 hedefler ve yok eder. TriLipo, hi\u00e7bir nekahat s\u00fcresi gerektirmemektedir. Uygulanan tedavi rahat, konforlu, \u201cgir ve \u00e7\u0131k\u201d bi\u00e7iminde deneyimlenecek kolay bir y\u00f6ntemdir, hastalar g\u00fcnl\u00fck rutinlerine d\u00f6nebilirler.<\/p>\n<p><strong>Tripolar uygulamas\u0131;<\/strong><\/p>\n<ul>\n<li>Deri alt\u0131 dokudaki s\u0131v\u0131 ya\u011f\u0131 a\u00e7\u0131\u011fa \u00e7\u0131kar\u0131r<\/li>\n<li>A\u00e7\u0131\u011fa \u00e7\u0131kan ya\u011f\u0131 lenfatik bo\u015falt\u0131m mekanizmas\u0131yla giderir<\/li>\n<li>Lokalle\u015fmi\u015f ya\u011f\u0131 giderip cildi s\u0131k\u0131la\u015ft\u0131rarak v\u00fccudu yeniden \u015fekillendirir.<\/li>\n<\/ul>\n<p><strong>Vakum Probu<\/strong><\/p>\n<p>Yap\u0131lan yo\u011fun ya\u011f par\u00e7alama ve ya\u011fl\u0131 b\u00f6lgeleri s\u0131v\u0131ya indirgeme i\u015flemlerinin ard\u0131ndan yap\u0131lmas\u0131 gereken en \u00f6nemli i\u015flem, dola\u015f\u0131m sistemi h\u0131zland\u0131r\u0131larak, v\u00fccut kav\u015fak noktalar\u0131n\u0131 a\u00e7makt\u0131r. Bu noktada vakumterapi teknolojileri ile Goldkav sayesinde bunu m\u00fckemmel \u015fekilde ba\u015farabilirsiniz.<\/p>\n<p><strong>Cryolipoliz<\/strong><\/p>\n<p>\u00dcr\u00fcn en yeni non-invazif y\u00f6ntemle dondurucu etkiyi deri alt\u0131 ya\u011f\u0131n birikti\u011fi b\u00f6lgelere ta\u015f\u0131r ve inat\u00e7\u0131 lipocitleri giderir. Bilimsel ara\u015ft\u0131rmalar dondurucu etki alt\u0131nda d\u00fc\u015f\u00fck s\u0131cakl\u0131klarda lipositlerin etraftaki h\u00fccrelerden \u00e7ok daha fazla oranda etkiye a\u00e7\u0131k oldu\u011funu g\u00f6stermektedir. Bu prensiple yak\u0131ndaki di\u011fer h\u00fccrelere zarar vermeksizin lipositlerin giderilmesi m\u00fcmk\u00fcn olmaktad\u0131r. Kryoterapi \u00f6ncesi mevzubahis b\u00f6lgeye vakum uygulamak daha iyi sonu\u00e7 verir. Probu cilde temas ettirip bast\u0131rarak, inat\u00e7\u0131 ya\u011f b\u00f6lgesi \u00fczerinde ki\u015finin dayanmas\u0131na g\u00f6re 40 saniye ile 1 dakika aras\u0131 uygulan\u0131r.<\/p>\n<ul>\n<li>Sel\u00fclitlerin yok edilmesi<\/li>\n<li>V\u00fccut \u015fekillendirme<\/li>\n<li>Zay\u0131flama<\/li>\n<li>Mikro masaj K\u0131r\u0131\u015f\u0131kl\u0131klar\u0131n giderilmesi<\/li>\n<li>G\u00f6\u011f\u00fcs lifting<\/li>\n<li>Y\u00fcz lifting<\/li>\n<li>S\u0131k\u0131la\u015ft\u0131rma<\/li>\n<li>Vakum masaj\u0131<\/li>\n<li>Bipolar rf li Cilt \u00fct\u00fcleme<\/li>\n<\/ul>\n","protected":false},"excerpt":{"rendered":"<ul>\n<li>Sel\u00fclitlerin yok edilmesi<\/li>\n<li>V\u00fccut \u015fekillendirme<\/li>\n<li>Zay\u0131flama<\/li>\n<li>Mikro masaj K\u0131r\u0131\u015f\u0131kl\u0131klar\u0131n giderilmesi<\/li>\n<li>G\u00f6\u011f\u00fcs lifting<\/li>\n<li>Y\u00fcz lifting<\/li>\n<li>S\u0131k\u0131la\u015ft\u0131rma&amp;Toparlama<\/li>\n<li>Vakum masaj\u0131<\/li>\n<li>Bipolar rf li Cilt \u00fct\u00fcleme<\/li>\n<li>Goldplus Teknolojisi 5 Teknoloji birarada<\/li>\n<\/ul>\n<p><strong>\u00a04. Nesil Kavitasyon Probu<\/strong><\/p>\n<p>Sistem ilk olarak insan v\u00fccudundan ya\u011flanma probleminin metabolizma yoluyla at\u0131lmas\u0131n\u0131 sa\u011flamak i\u00e7in d\u00fc\u015f\u00fck-frekansl\u0131 ses dalgalar\u0131 (ultrasound) kullan\u0131r. Bu sayede b\u00fcy\u00fck ya\u011f partik\u00fcllerinin k\u00fc\u00e7\u00fck par\u00e7alara ayr\u0131lmas\u0131 sa\u011flan\u0131r. Cilt y\u00fczeyinden ses darbelerinin ba\u015flamas\u0131yla birlikte en \u00fcst ya\u011f tabakas\u0131ndan daha derine do\u011fru itme hareketi ba\u015flar. Bu darbeler ya\u011flar aras\u0131ndaki bo\u015fluklar\u0131 s\u0131k\u0131\u015ft\u0131rarak g\u00f6zle g\u00f6r\u00fcl\u00fcr beden k\u00fc\u00e7\u00fclmelerine sebep olur. Buradaki tespit edilen en b\u00fcy\u00fck sorun, i\u015flemin ilk seanslarda elde edilen pozitif sonu\u00e7lar\u0131na kar\u015f\u0131n di\u011fer seanslarda v\u00fccudun verilen frekansa al\u0131\u015fmas\u0131 sebebi ile g\u00f6r\u00fclememesiydi. 4. nesil kavitasyonda bu sorunun \u00f6n\u00fcne ge\u00e7ilerek makine \u00e7al\u0131\u015fma frekanslar\u0131 otomatik olarak her saniye kendi kendine de\u011fi\u015ftirilebilir hale getirildi. Bu teknoloji ile art\u0131k ilk seansta al\u0131nan de\u011ferleri azaltmak bir tarafa, ilerleyen seanslarda daha da art\u0131rarak m\u00fckemmel hale getirilmesi sa\u011flanm\u0131\u015ft\u0131r.<br \/>\n<a href=\"https:\/\/www.estedem.com\/pdf\/GoldPlus8051.pdf\" target=\"_blank\" rel=\"noopener\"> <img decoding=\"async\" src=\"https:\/\/www.estedem.com\/tr\/wp-content\/uploads\/2022\/10\/100-pdf.png\"><\/a><\/p>\n","protected":false},"featured_media":2103,"comment_status":"open","ping_status":"closed","template":"","meta":{"h5ap_radio_sources":[]},"product_cat":[50],"product_tag":[],"class_list":["post-2325","product","type-product","status-publish","has-post-thumbnail","hentry","product_cat-vucut-bakim-zayiflama-cihazlari"],"_links":{"self":[{"href":"https:\/\/www.estedem.com\/tr\/wp-json\/wp\/v2\/product\/2325","targetHints":{"allow":["GET"]}}],"collection":[{"href":"https:\/\/www.estedem.com\/tr\/wp-json\/wp\/v2\/product"}],"about":[{"href":"https:\/\/www.estedem.com\/tr\/wp-json\/wp\/v2\/types\/product"}],"replies":[{"embeddable":true,"href":"https:\/\/www.estedem.com\/tr\/wp-json\/wp\/v2\/comments?post=2325"}],"wp:featuredmedia":[{"embeddable":true,"href":"https:\/\/www.estedem.com\/tr\/wp-json\/wp\/v2\/media\/2103"}],"wp:attachment":[{"href":"https:\/\/www.estedem.com\/tr\/wp-json\/wp\/v2\/media?parent=2325"}],"wp:term":[{"taxonomy":"product_cat","embeddable":true,"href":"https:\/\/www.estedem.com\/tr\/wp-json\/wp\/v2\/product_cat?post=2325"},{"taxonomy":"product_tag","embeddable":true,"href":"https:\/\/www.estedem.com\/tr\/wp-json\/wp\/v2\/product_tag?post=2325"}],"curies":[{"name":"wp","href":"https:\/\/api.w.org\/{rel}","templated":true}]}}