  
{"id":2252,"date":"2022-10-04T07:34:34","date_gmt":"2022-10-04T07:34:34","guid":{"rendered":"https:\/\/www.estedem.com\/tr\/?post_type=product&#038;p=2252"},"modified":"2022-10-11T07:29:44","modified_gmt":"2022-10-11T07:29:44","slug":"solaris-d-2","status":"publish","type":"product","link":"https:\/\/www.estedem.com\/tr\/urun\/solaris-d-2\/","title":{"rendered":"SOLARIS- D"},"content":{"rendered":"<p><u>SOLAR\u0130S-D<\/u><\/p>\n<p>\u00dcst D\u00fczey Ya\u015flanma Kar\u015f\u0131t\u0131 Proje<\/p>\n<p>T\u00fcm d\u00fcnyada uzun y\u0131llar s\u00fcren deneyimle geli\u015ftirilmi\u015f, y\u00fcksek teknoloji, ameliyats\u0131z gen\u00e7le\u015fme ve cilt yenileme teknikleri tek bir platformda<\/p>\n<p>Solaris-d\u00fczerinde bir arada sunulmu\u015ftur. G\u00fcn\u00fcm\u00fczde profesyonel makine grubunda elektroestetik d\u00fcnyas\u0131na T\u00fcrk markas\u0131 ile sunulan tek \u00fcst d\u00fczey ya\u015flanma kar\u015f\u0131t\u0131 cihazd\u0131r.<\/p>\n<p>&nbsp;<\/p>\n<ul>\n<li>Alt\u0131n i\u011fne teknolojisi<\/li>\n<li>Hifu 2D teknolojisi<\/li>\n<li>Fractional i\u011fnesiz Rf teknolojisi<\/li>\n<li>1,5 mm soft wave ultrasound<\/li>\n<\/ul>\n<p>*D\u00fcnyada geli\u015ftirilmi\u015f t\u00fcm ameliyats\u0131z gen\u00e7le\u015ftirme teknolojileri bir arada<\/p>\n<p>*Avrupa Birli\u011fi dahil t\u00fcm kalite belgeleri Estedem Medikal Estetik olarak tescillendi<\/p>\n<p>*Profesyonel makine grubunda ya\u015flanma kar\u015f\u0131t\u0131 kombine platform<\/p>\n","protected":false},"excerpt":{"rendered":"<ul>\n<li>Ameliyats\u0131z gen\u00e7le\u015ftirme, y\u00fcz germe, k\u0131r\u0131\u015f\u0131kl\u0131k uygulamalar\u0131<\/li>\n<li>Cilt bak\u0131m\u0131, s\u0131k\u0131la\u015fma, toparlama uygulamalar\u0131<\/li>\n<li>Yara izi ve leke uygulamalar\u0131<\/li>\n<li>Sivilce ve akne uygulamalar\u0131<\/li>\n<li>\u00c7atlak ve sarkma uygulamalar\u0131<\/li>\n<li>T\u00fcm v\u00fccut i\u00e7in ayr\u0131 uygulama ba\u015fl\u0131klar\u0131<\/li>\n<li>Ka\u015f kald\u0131rma uygulamalar\u0131<\/li>\n<li>Boyun,g\u0131d\u0131,dekolte,\u00e7ene hatt\u0131 uygulamalar\u0131<\/li>\n<li>Ce\/Emc\/Lvd Kalite belgeli, test raporlu<\/li>\n<\/ul>\n<p>&nbsp;<\/p>\n","protected":false},"featured_media":2380,"comment_status":"open","ping_status":"closed","template":"","meta":{"h5ap_radio_sources":[]},"product_cat":[49],"product_tag":[],"class_list":["post-2252","product","type-product","status-publish","has-post-thumbnail","hentry","product_cat-cilt-yenileme-bakim-cihazlari"],"_links":{"self":[{"href":"https:\/\/www.estedem.com\/tr\/wp-json\/wp\/v2\/product\/2252","targetHints":{"allow":["GET"]}}],"collection":[{"href":"https:\/\/www.estedem.com\/tr\/wp-json\/wp\/v2\/product"}],"about":[{"href":"https:\/\/www.estedem.com\/tr\/wp-json\/wp\/v2\/types\/product"}],"replies":[{"embeddable":true,"href":"https:\/\/www.estedem.com\/tr\/wp-json\/wp\/v2\/comments?post=2252"}],"wp:featuredmedia":[{"embeddable":true,"href":"https:\/\/www.estedem.com\/tr\/wp-json\/wp\/v2\/media\/2380"}],"wp:attachment":[{"href":"https:\/\/www.estedem.com\/tr\/wp-json\/wp\/v2\/media?parent=2252"}],"wp:term":[{"taxonomy":"product_cat","embeddable":true,"href":"https:\/\/www.estedem.com\/tr\/wp-json\/wp\/v2\/product_cat?post=2252"},{"taxonomy":"product_tag","embeddable":true,"href":"https:\/\/www.estedem.com\/tr\/wp-json\/wp\/v2\/product_tag?post=2252"}],"curies":[{"name":"wp","href":"https:\/\/api.w.org\/{rel}","templated":true}]}}