  
{"id":2167,"date":"2022-10-06T13:24:08","date_gmt":"2022-10-06T13:24:08","guid":{"rendered":"https:\/\/www.estedem.com\/tr\/?post_type=product&#038;p=2167"},"modified":"2022-10-07T13:04:06","modified_gmt":"2022-10-07T13:04:06","slug":"wolf-diode-laser-810-nm","status":"publish","type":"product","link":"https:\/\/www.estedem.com\/tr\/urun\/wolf-diode-laser-810-nm\/","title":{"rendered":"WOLF DIODE LASER 810 nm"},"content":{"rendered":"<ul>\n<li>810 nm<\/li>\n<li>Dokunmatik ekran<\/li>\n<li>12*20 mm b\u00fcy\u00fck uygulama ba\u015fl\u0131\u011f\u0131 ile h\u0131zl\u0131 ve etkili sonu\u00e7<\/li>\n<li>&#8211; 20\u00b0 ye varabilen ak\u0131ll\u0131 so\u011futma sistemi<\/li>\n<li>Ice \u00a0ba\u015fl\u0131k<\/li>\n<li>Saniyede 10 at\u0131m\/ 10 adet lazer bar<\/li>\n<li>A\u011fr\u0131s\u0131z ,ac\u0131s\u0131z, konforlu kullan\u0131m<\/li>\n<li>4 mevsim g\u00fcvenle uygulama<\/li>\n<li>Farkl\u0131 k\u0131l ve ten rengi se\u00e7me imkan\u0131<\/li>\n<li>Sertifikal\u0131 E\u011fitim<\/li>\n<li>24 saatte T\u00fcrkiye\u2019nin her yerine\u00a0 teknik servis hizmeti<\/li>\n<\/ul>\n<p>&nbsp;<\/p>\n<p>&nbsp;<\/p>\n","protected":false},"excerpt":{"rendered":"<p><u>WOLF DIODE LASER<\/u><\/p>\n<p>810 nm Wolf Diode Lazer standart\u00a0 tek darbeli y\u00fcksek joule veya s\u0131ral\u0131 \u00e7ok darbeli d\u00fc\u015f\u00fck joule ile \u00e7al\u0131\u015fabilir. Ortalama g\u00fc\u00e7,haz\u0131r tedavi modlar\u0131n\u0131\u00a0 kullanarak kozmetik t\u00fcylerin azalt\u0131lmas\u0131 i\u00e7in tasarlanm\u0131\u015f,v\u00fccuttaki t\u00fcm b\u00f6lgelerde,t\u00fcm cilt tiplerinde g\u00fcvenli bir \u015fekilde \u00e7al\u0131\u015fabilen Lazer Epilasyon cihaz\u0131d\u0131r.<\/p>\n","protected":false},"featured_media":2375,"comment_status":"open","ping_status":"closed","template":"","meta":{"h5ap_radio_sources":[]},"product_cat":[51],"product_tag":[],"class_list":["post-2167","product","type-product","status-publish","has-post-thumbnail","hentry","product_cat-lazer-ve-cihazlari"],"_links":{"self":[{"href":"https:\/\/www.estedem.com\/tr\/wp-json\/wp\/v2\/product\/2167","targetHints":{"allow":["GET"]}}],"collection":[{"href":"https:\/\/www.estedem.com\/tr\/wp-json\/wp\/v2\/product"}],"about":[{"href":"https:\/\/www.estedem.com\/tr\/wp-json\/wp\/v2\/types\/product"}],"replies":[{"embeddable":true,"href":"https:\/\/www.estedem.com\/tr\/wp-json\/wp\/v2\/comments?post=2167"}],"wp:featuredmedia":[{"embeddable":true,"href":"https:\/\/www.estedem.com\/tr\/wp-json\/wp\/v2\/media\/2375"}],"wp:attachment":[{"href":"https:\/\/www.estedem.com\/tr\/wp-json\/wp\/v2\/media?parent=2167"}],"wp:term":[{"taxonomy":"product_cat","embeddable":true,"href":"https:\/\/www.estedem.com\/tr\/wp-json\/wp\/v2\/product_cat?post=2167"},{"taxonomy":"product_tag","embeddable":true,"href":"https:\/\/www.estedem.com\/tr\/wp-json\/wp\/v2\/product_tag?post=2167"}],"curies":[{"name":"wp","href":"https:\/\/api.w.org\/{rel}","templated":true}]}}