  
{"id":2162,"date":"2022-10-06T14:00:57","date_gmt":"2022-10-06T14:00:57","guid":{"rendered":"https:\/\/www.estedem.com\/tr\/?post_type=product&#038;p=2162"},"modified":"2022-10-11T07:45:38","modified_gmt":"2022-10-11T07:45:38","slug":"romeo-x","status":"publish","type":"product","link":"https:\/\/www.estedem.com\/tr\/urun\/romeo-x\/","title":{"rendered":"ROMEO-X"},"content":{"rendered":"<p><u>B\u00f6lgesel Zay\u0131flama,Sel\u00fclit ve S\u0131k\u0131la\u015ft\u0131rma Cihaz\u0131<\/u><\/p>\n<ul>\n<li>V\u00fccut \u0130\u00e7in 40K Kavitasyon RF<\/li>\n<\/ul>\n<p>35-40 KHZ aras\u0131nda mod\u00fclasyon.\u00a0 V\u00fccudu g\u00fc\u00e7l\u00fc etki ile \u00a0\u00a0\u015fekillendirir, cildi s\u0131k\u0131la\u015ft\u0131r\u0131r ve sel\u00fcliti iyile\u015ftirir. V\u00fccudun bir\u00e7ok b\u00f6lgesinde kullan\u0131labilir.<\/p>\n<ul>\n<li>V\u00fccut \u0130\u00e7in Vakum Rf + Pozitif Bas\u0131n\u00e7<\/li>\n<\/ul>\n<p>Vakum RF ayn\u0131 anda ya\u011f\u0131 \u0131s\u0131tabilir, bu \u0131s\u0131nma ile\u00a0 ya\u011f depo b\u00f6lgesindeki kan dola\u015f\u0131m\u0131 h\u0131zlanarak ya\u011f yak\u0131m s\u00fcreci h\u0131zlan\u0131r.<\/p>\n<ul>\n<li>Quadropolar RF (V\u00fccut)<\/li>\n<\/ul>\n<p>(Erkek bira g\u00f6be\u011fi Dahil)Derin inat\u00e7\u0131 ya\u011flarda g\u00fc\u00e7l\u00fc etki, b\u00f6lgesel s\u0131k\u0131la\u015fma<\/p>\n<ul>\n<li>Quadropolar Rf (Y\u00fcz)<\/li>\n<\/ul>\n<p>Ciltte s\u0131k\u0131la\u015fma ,elastikiyetini kaybetmi\u015f ciltlerde gerdirme, g\u0131d\u0131 toparlama. Hasarl\u0131 ciltte onar\u0131m, y\u00fcz i\u00e7in yeni kolojen \u00fcretimi ile ya\u015flanma kar\u015f\u0131t\u0131 olu\u015fuma te\u015fvik sa\u011flar.<\/p>\n<ul>\n<li>Lipoliz<\/li>\n<\/ul>\n<p>Ya\u011flar\u0131\u00a0 par\u00e7alayarak kan dola\u015f\u0131m\u0131n\u0131 te\u015fvik eder, v\u00fccudun do\u011fal ya\u011f yakma s\u00fcrecini tetikler.<\/p>\n<p>&nbsp;<\/p>\n","protected":false},"excerpt":{"rendered":"<p><u>B\u00f6lgesel Zay\u0131flama,Sel\u00fclit ve S\u0131k\u0131la\u015ft\u0131rma Cihaz\u0131<\/u><\/p>\n<ul>\n<li>B\u00f6lgesel zay\u0131flama<\/li>\n<li>S\u0131k\u0131la\u015ft\u0131rma<\/li>\n<li>Toparlama<\/li>\n<li>Sel\u00fclit yok edici<\/li>\n<li>B\u00f6lgesel incelme<\/li>\n<li>Y\u00fcz k\u0131r\u0131\u015f\u0131kl\u0131k<\/li>\n<li>Y\u00fcz anti-aging<\/li>\n<li>Ce\/Emc\/Lvd Kalite Belgeli,test raporlu<\/li>\n<li>24 saatte T\u00fcrkiye\u2019nin er yerine teknik servis<\/li>\n<li>Sertifikal\u0131 E\u011fitim<\/li>\n<\/ul>\n<p>&nbsp;<br \/>\n<a href=\"https:\/\/www.estedem.com\/tr\/wp-content\/uploads\/2022\/10\/black-seri.pdf\" target=\"_blank\" rel=\"noopener\"> <img decoding=\"async\" src=\"https:\/\/www.estedem.com\/tr\/wp-content\/uploads\/2022\/10\/100-pdf.png\"><\/a><\/p>\n","protected":false},"featured_media":2163,"comment_status":"open","ping_status":"closed","template":"","meta":{"h5ap_radio_sources":[]},"product_cat":[50],"product_tag":[],"class_list":["post-2162","product","type-product","status-publish","has-post-thumbnail","hentry","product_cat-vucut-bakim-zayiflama-cihazlari"],"_links":{"self":[{"href":"https:\/\/www.estedem.com\/tr\/wp-json\/wp\/v2\/product\/2162","targetHints":{"allow":["GET"]}}],"collection":[{"href":"https:\/\/www.estedem.com\/tr\/wp-json\/wp\/v2\/product"}],"about":[{"href":"https:\/\/www.estedem.com\/tr\/wp-json\/wp\/v2\/types\/product"}],"replies":[{"embeddable":true,"href":"https:\/\/www.estedem.com\/tr\/wp-json\/wp\/v2\/comments?post=2162"}],"wp:featuredmedia":[{"embeddable":true,"href":"https:\/\/www.estedem.com\/tr\/wp-json\/wp\/v2\/media\/2163"}],"wp:attachment":[{"href":"https:\/\/www.estedem.com\/tr\/wp-json\/wp\/v2\/media?parent=2162"}],"wp:term":[{"taxonomy":"product_cat","embeddable":true,"href":"https:\/\/www.estedem.com\/tr\/wp-json\/wp\/v2\/product_cat?post=2162"},{"taxonomy":"product_tag","embeddable":true,"href":"https:\/\/www.estedem.com\/tr\/wp-json\/wp\/v2\/product_tag?post=2162"}],"curies":[{"name":"wp","href":"https:\/\/api.w.org\/{rel}","templated":true}]}}