  
{"id":2156,"date":"2022-09-26T12:52:39","date_gmt":"2022-09-26T12:52:39","guid":{"rendered":"https:\/\/www.estedem.com\/tr\/?post_type=product&#038;p=2156"},"modified":"2022-10-06T12:57:45","modified_gmt":"2022-10-06T12:57:45","slug":"spirit-918-super-diode-lazer","status":"publish","type":"product","link":"https:\/\/www.estedem.com\/tr\/urun\/spirit-918-super-diode-lazer\/","title":{"rendered":"SPIRIT-918 Super Diode Lazer"},"content":{"rendered":"<p><strong>Tedbirler:<\/strong><\/p>\n<ul>\n<li>Makine \u00f6n-ayarl\u0131 bir \u00e7evre s\u0131cakl\u0131\u011f\u0131 i\u00e7inde at\u0131\u015f yapar<\/li>\n<li>Makine Oda, So\u011futma Suyu ve U\u00e7 S\u0131cakl\u0131klar\u0131n\u0131 s\u00fcrekli izler<\/li>\n<li>Kazayla at\u0131\u015f yap\u0131lmaz. At\u0131\u015f sadece el probu cilde dokunursa yap\u0131l\u0131r<\/li>\n<\/ul>\n","protected":false},"excerpt":{"rendered":"<p>D\u00fcnyaca \u00fcnl\u00fc \u0130srail firmas\u0131 Active Optical System in geli\u015ftirdi\u011fi.Son teknoloji \u00fcr\u00fcn\u00fc S\u00fcper Diyot lazer cihaz\u0131<\/p>\n<p><strong>SPIRIT 918<\/strong><\/p>\n<p><strong>T\u00fcy Gidermede Piyasan\u0131n Alt\u0131n Standard\u0131: \u00a0<\/strong><\/p>\n<ul>\n<li>El probu 15 Milyon at\u0131\u015fta,5,000,000 at\u0131\u015f garantili,<\/li>\n<li>Yava\u015f ve H\u0131zl\u0131 At\u0131\u015f: 1 &#8211; 10 at\u0131\u015f\/sn<\/li>\n<li>Ayarlanabilir At\u0131\u015f S\u00fcresi (15-100 ms) ve Enerji (4-45 j\/cm2)<\/li>\n<li>So\u011futmal\u0131 U\u00e7 ve Verimli So\u011futma Sistemi<\/li>\n<li>Geni\u015f Uygulama Spotu (12&#215;16 mm)<\/li>\n<li>Bak\u0131m Gerektirmez (Periyodik Kontroller Hari\u00e7)<\/li>\n<\/ul>\n<p><strong>G\u00fcvenli, Etkili ve Ayarlanabilir Teknoloji: \u00a0<\/strong><\/p>\n<ul>\n<li>Spirit-918, Uygulay\u0131c\u0131n\u0131n at\u0131\u015f h\u0131z\u0131, g\u00fcc\u00fc ve s\u00fcresini hastan\u0131n Cilt Rengi, T\u00fcy Rengi, T\u00fcy Yo\u011funlu\u011fu ve T\u00fcy \u00c7ap\u0131 gibi \u00f6zel parametrelerine gore ayarlayabilmesini sa\u011flayan e\u015fsiz bir yaz\u0131l\u0131m kullan\u0131lmaktad\u0131r.<\/li>\n<li>Geni\u015f, Kullan\u0131c\u0131-Dostu Dokunmatik Ekranl\u0131 Kontrol Paneli<\/li>\n<li>\u00c7e\u015fitli T\u00fcy Giderme Protokolleri: Normal, Derin Folik\u00fcl, Hassas<\/li>\n<li>Benzersiz\u00a0Yama\u00a0Testi\u00a0(cilt tipi alg\u0131lama) ve\u00a0Sistem<\/li>\n<\/ul>\n<p><strong>Kontrol Fonksiyonlar\u0131<\/strong><\/p>\n<p>Diot Lazer El Probu:<\/p>\n<ul>\n<li>Yeni Nesil El Probu-: E\u015fit Yay\u0131l\u0131ml\u0131 Enerji Spotu.<\/li>\n<li>\u00c7e\u015fitli Cilt ve T\u00fcy Tiplerine Uygun<\/li>\n<li>M\u00fc\u015fteri Rahatl\u0131\u011f\u0131 ve Daha \u0130yi Enerji Ak\u0131\u015f\u0131 i\u00e7in So\u011futulmu\u015f U\u00e7. So\u011futma Bilgisayar Kontroll\u00fcd\u00fcr<\/li>\n<li>Cilt Temas\u0131 Entegre Sens\u00f6r\u00fc: Yanl\u0131\u015fl\u0131kla At\u0131\u015f Yap\u0131lmas\u0131n\u0131 Engeller<\/li>\n<li>Kullan\u0131\u015fl\u0131 ve Ergonomik Tasar\u0131m. Yo\u011fun \u0130\u015fe Uygun Hafif Siklet Teknoloji<\/li>\n<li>At\u0131\u015flar \u00c7evirmeli Tu\u015f veya Ayak Pedal\u0131yla Kontrol Edilebilir<\/li>\n<li>Geni\u015f Etkin Alanl\u0131 Tedavi Spot Alan\u0131 (~2. cm2).Tedavi Alan\u0131 Ba\u015f\u0131na Minimum I\u015f\u0131k At\u0131m\u0131<\/li>\n<\/ul>\n","protected":false},"featured_media":2157,"comment_status":"open","ping_status":"closed","template":"","meta":{"h5ap_radio_sources":[]},"product_cat":[51],"product_tag":[],"class_list":["post-2156","product","type-product","status-publish","has-post-thumbnail","hentry","product_cat-lazer-ve-cihazlari"],"_links":{"self":[{"href":"https:\/\/www.estedem.com\/tr\/wp-json\/wp\/v2\/product\/2156","targetHints":{"allow":["GET"]}}],"collection":[{"href":"https:\/\/www.estedem.com\/tr\/wp-json\/wp\/v2\/product"}],"about":[{"href":"https:\/\/www.estedem.com\/tr\/wp-json\/wp\/v2\/types\/product"}],"replies":[{"embeddable":true,"href":"https:\/\/www.estedem.com\/tr\/wp-json\/wp\/v2\/comments?post=2156"}],"wp:featuredmedia":[{"embeddable":true,"href":"https:\/\/www.estedem.com\/tr\/wp-json\/wp\/v2\/media\/2157"}],"wp:attachment":[{"href":"https:\/\/www.estedem.com\/tr\/wp-json\/wp\/v2\/media?parent=2156"}],"wp:term":[{"taxonomy":"product_cat","embeddable":true,"href":"https:\/\/www.estedem.com\/tr\/wp-json\/wp\/v2\/product_cat?post=2156"},{"taxonomy":"product_tag","embeddable":true,"href":"https:\/\/www.estedem.com\/tr\/wp-json\/wp\/v2\/product_tag?post=2156"}],"curies":[{"name":"wp","href":"https:\/\/api.w.org\/{rel}","templated":true}]}}