  
{"id":2151,"date":"2022-09-26T12:47:03","date_gmt":"2022-09-26T12:47:03","guid":{"rendered":"https:\/\/www.estedem.com\/tr\/?post_type=product&#038;p=2151"},"modified":"2022-10-11T07:50:50","modified_gmt":"2022-10-11T07:50:50","slug":"hifugold-focus-ultrasound","status":"publish","type":"product","link":"https:\/\/www.estedem.com\/tr\/urun\/hifugold-focus-ultrasound\/","title":{"rendered":"HIFUGOLD- Focus Ultrasound"},"content":{"rendered":"","protected":false},"excerpt":{"rendered":"<p>Hifu.non-invazif uygulamaya dayal\u0131 olmas\u0131ndan dolay\u0131, cilt y\u00fczeyine zarar vermeksizin,hedeflenen b\u00f6lgede termal hasar olu\u015fturma ama\u00e7l\u0131 geli\u015ftirilmi\u015f en son teknolojidir.Ses dalgalar\u0131 kullan\u0131larak cildin alt katmanlar\u0131ndaki kolojen \u00fcretiminin uyar\u0131m\u0131 sayesinde germe ve s\u0131k\u0131la\u015fma da en etkin sonu\u00e7lar elde edilebilir.Uygulama sonras\u0131nda yenilenme s\u00fcreci hemen ba\u015flar.\u0130lk anda dahi pozitif etkiler g\u00f6r\u00fcl\u00fcr fakat bu etki ge\u00e7icidir.Ger\u00e7ek sonu\u00e7lar 30 g\u00fcn sonras\u0131nda belirgin hale gelir.90 g\u00fcn\u00fcn sonunda ise maximum seviye ye ula\u015f\u0131r.<br \/>\n<a href=\"https:\/\/www.estedem.com\/pdf\/tarama-tarihi.pdf\" target=\"_blank\" rel=\"noopener\"> <img decoding=\"async\" src=\"https:\/\/www.estedem.com\/tr\/wp-content\/uploads\/2022\/10\/100-pdf.png\"><\/a><\/p>\n","protected":false},"featured_media":2152,"comment_status":"open","ping_status":"closed","template":"","meta":{"h5ap_radio_sources":[]},"product_cat":[49],"product_tag":[],"class_list":["post-2151","product","type-product","status-publish","has-post-thumbnail","hentry","product_cat-cilt-yenileme-bakim-cihazlari"],"_links":{"self":[{"href":"https:\/\/www.estedem.com\/tr\/wp-json\/wp\/v2\/product\/2151","targetHints":{"allow":["GET"]}}],"collection":[{"href":"https:\/\/www.estedem.com\/tr\/wp-json\/wp\/v2\/product"}],"about":[{"href":"https:\/\/www.estedem.com\/tr\/wp-json\/wp\/v2\/types\/product"}],"replies":[{"embeddable":true,"href":"https:\/\/www.estedem.com\/tr\/wp-json\/wp\/v2\/comments?post=2151"}],"wp:featuredmedia":[{"embeddable":true,"href":"https:\/\/www.estedem.com\/tr\/wp-json\/wp\/v2\/media\/2152"}],"wp:attachment":[{"href":"https:\/\/www.estedem.com\/tr\/wp-json\/wp\/v2\/media?parent=2151"}],"wp:term":[{"taxonomy":"product_cat","embeddable":true,"href":"https:\/\/www.estedem.com\/tr\/wp-json\/wp\/v2\/product_cat?post=2151"},{"taxonomy":"product_tag","embeddable":true,"href":"https:\/\/www.estedem.com\/tr\/wp-json\/wp\/v2\/product_tag?post=2151"}],"curies":[{"name":"wp","href":"https:\/\/api.w.org\/{rel}","templated":true}]}}