  
{"id":2130,"date":"2022-09-26T12:18:49","date_gmt":"2022-09-26T12:18:49","guid":{"rendered":"https:\/\/www.estedem.com\/tr\/?post_type=product&#038;p=2130"},"modified":"2022-10-10T13:17:51","modified_gmt":"2022-10-10T13:17:51","slug":"fractional-lazer","status":"publish","type":"product","link":"https:\/\/www.estedem.com\/tr\/urun\/fractional-lazer\/","title":{"rendered":"FRACT\u0130ONAL LASER"},"content":{"rendered":"<table style=\"height: 324px;\" width=\"381\">\n<tbody>\n<tr>\n<td width=\"186\">\u00a0\u00a0\u00a0\u00a0\u00a0\u00a0\u00a0\u00a0\u00a0\u00a0\u00a0\u00a0 LAZER T\u0130P\u0130<\/td>\n<td width=\"229\">\u00a0 \u00a0P\u0130KOSAN\u0130YE LAZER<\/td>\n<\/tr>\n<tr>\n<td width=\"186\">Lazer \u00e7\u0131k\u0131\u015f dalga enerjisi<\/td>\n<td width=\"229\">1320nm\/1064 nm\/532 nm\/755 nm<\/td>\n<\/tr>\n<tr>\n<td width=\"186\">Lazer sinyali at\u0131\u015f enerjisi<\/td>\n<td width=\"229\">1-2000 mj<\/td>\n<\/tr>\n<tr>\n<td width=\"186\">Lazer tekrarlama h\u0131z\u0131<\/td>\n<td width=\"229\">1-10 Hz<\/td>\n<\/tr>\n<tr>\n<td width=\"186\">Hedef \u0131\u015f\u0131\u011f\u0131<\/td>\n<td width=\"229\">K\u0131rm\u0131z\u0131 K\u0131z\u0131l\u00f6tesi \u0131\u015f\u0131k<\/td>\n<\/tr>\n<tr>\n<td width=\"186\">Ekran<\/td>\n<td width=\"229\">10in\u00e7 renkli LCD ekran<\/td>\n<\/tr>\n<tr>\n<td width=\"186\">Kasa malzemesi<\/td>\n<td width=\"229\">Metal<\/td>\n<\/tr>\n<tr>\n<td width=\"186\">Lazer g\u00fc\u00e7 kayna\u011f\u0131<\/td>\n<td width=\"229\">220 V\/5A veya 110 V\/10A<\/td>\n<\/tr>\n<\/tbody>\n<\/table>\n<p>1064 nm:\u00a0\u00a0\u00a0 genel olarak siyah renkli d\u00f6vmeler i\u00e7in kullan\u0131l\u0131r<\/p>\n<p>532 nm:\u00a0\u00a0\u00a0 genel olarak ye\u015fil, k\u0131rm\u0131z\u0131 vb. renkli d\u00f6vmeler i\u00e7in kullan\u0131l\u0131r<\/p>\n<p>755 nm: \u00a0\u00a0genel olarak cilt yenileme i\u00e7in kullan\u0131l\u0131r<\/p>\n<p>1320 nm : karbon peeling vb. i\u00e7in kullan\u0131l\u0131r<\/p>\n<p>&nbsp;<\/p>\n<p>&nbsp;<\/p>\n<p>&nbsp;<\/p>\n","protected":false},"excerpt":{"rendered":"<p>Frapico Laser, geli\u015fmi\u015f optik pikosaniye teknolojisi ve bile\u015fenlerini kullanmakta olup \u00e7ok i\u015flevli kontrol sistemi\u00a0 ve ayarlanabilir\u00a0 spot b\u00fcy\u00fckl\u00fc\u011f\u00fcne sahip 4 farkl\u0131 lazer mercekleri bar\u0131nd\u0131rmakta, bu sayede d\u00f6vme silme, karbon peeling, t\u00fcy beyazlatma ve pigment lezyon uygulamalar\u0131n\u0131 yapabilmektedir.<\/p>\n","protected":false},"featured_media":2414,"comment_status":"open","ping_status":"closed","template":"","meta":{"h5ap_radio_sources":[]},"product_cat":[51],"product_tag":[],"class_list":["post-2130","product","type-product","status-publish","has-post-thumbnail","hentry","product_cat-lazer-ve-cihazlari"],"_links":{"self":[{"href":"https:\/\/www.estedem.com\/tr\/wp-json\/wp\/v2\/product\/2130","targetHints":{"allow":["GET"]}}],"collection":[{"href":"https:\/\/www.estedem.com\/tr\/wp-json\/wp\/v2\/product"}],"about":[{"href":"https:\/\/www.estedem.com\/tr\/wp-json\/wp\/v2\/types\/product"}],"replies":[{"embeddable":true,"href":"https:\/\/www.estedem.com\/tr\/wp-json\/wp\/v2\/comments?post=2130"}],"wp:featuredmedia":[{"embeddable":true,"href":"https:\/\/www.estedem.com\/tr\/wp-json\/wp\/v2\/media\/2414"}],"wp:attachment":[{"href":"https:\/\/www.estedem.com\/tr\/wp-json\/wp\/v2\/media?parent=2130"}],"wp:term":[{"taxonomy":"product_cat","embeddable":true,"href":"https:\/\/www.estedem.com\/tr\/wp-json\/wp\/v2\/product_cat?post=2130"},{"taxonomy":"product_tag","embeddable":true,"href":"https:\/\/www.estedem.com\/tr\/wp-json\/wp\/v2\/product_tag?post=2130"}],"curies":[{"name":"wp","href":"https:\/\/api.w.org\/{rel}","templated":true}]}}