  
{"id":2095,"date":"2022-09-26T11:50:28","date_gmt":"2022-09-26T11:50:28","guid":{"rendered":"https:\/\/www.estedem.com\/tr\/?post_type=product&#038;p=2095"},"modified":"2022-10-07T07:13:31","modified_gmt":"2022-10-07T07:13:31","slug":"gold-5g-5","status":"publish","type":"product","link":"https:\/\/www.estedem.com\/tr\/urun\/gold-5g-5\/","title":{"rendered":"GOLD 5(G-5)"},"content":{"rendered":"<p>\u00dcr\u00fcn hakk\u0131nda bilgi almak i\u00e7in bizimle ileti\u015fime ge\u00e7iniz.<\/p>\n","protected":false},"excerpt":{"rendered":"<ul>\n<li>B\u00f6lgesel Dola\u015f\u0131m<\/li>\n<li>A\u011fr\u0131 giderme ve rahatlama<\/li>\n<li>Fazla ya\u011flar\u0131n yak\u0131lmas\u0131<\/li>\n<li>Cilt s\u0131k\u0131la\u015ft\u0131rma<\/li>\n<li>B\u00f6lgesel zay\u0131flama<\/li>\n<li>Toksin atma<\/li>\n<li>Cildin esnekli\u011fini sa\u011flama<\/li>\n<li>Sel\u00fclit olu\u015fumunu engeller ve azalt\u0131r<\/li>\n<\/ul>\n","protected":false},"featured_media":2099,"comment_status":"open","ping_status":"closed","template":"","meta":{"h5ap_radio_sources":[]},"product_cat":[50],"product_tag":[],"class_list":["post-2095","product","type-product","status-publish","has-post-thumbnail","hentry","product_cat-vucut-bakim-zayiflama-cihazlari"],"_links":{"self":[{"href":"https:\/\/www.estedem.com\/tr\/wp-json\/wp\/v2\/product\/2095","targetHints":{"allow":["GET"]}}],"collection":[{"href":"https:\/\/www.estedem.com\/tr\/wp-json\/wp\/v2\/product"}],"about":[{"href":"https:\/\/www.estedem.com\/tr\/wp-json\/wp\/v2\/types\/product"}],"replies":[{"embeddable":true,"href":"https:\/\/www.estedem.com\/tr\/wp-json\/wp\/v2\/comments?post=2095"}],"wp:featuredmedia":[{"embeddable":true,"href":"https:\/\/www.estedem.com\/tr\/wp-json\/wp\/v2\/media\/2099"}],"wp:attachment":[{"href":"https:\/\/www.estedem.com\/tr\/wp-json\/wp\/v2\/media?parent=2095"}],"wp:term":[{"taxonomy":"product_cat","embeddable":true,"href":"https:\/\/www.estedem.com\/tr\/wp-json\/wp\/v2\/product_cat?post=2095"},{"taxonomy":"product_tag","embeddable":true,"href":"https:\/\/www.estedem.com\/tr\/wp-json\/wp\/v2\/product_tag?post=2095"}],"curies":[{"name":"wp","href":"https:\/\/api.w.org\/{rel}","templated":true}]}}