  
{"id":2093,"date":"2022-09-26T11:48:12","date_gmt":"2022-09-26T11:48:12","guid":{"rendered":"https:\/\/www.estedem.com\/tr\/?post_type=product&#038;p=2093"},"modified":"2022-10-11T07:52:51","modified_gmt":"2022-10-11T07:52:51","slug":"shellby-plus-ipl-shr-opt","status":"publish","type":"product","link":"https:\/\/www.estedem.com\/tr\/urun\/shellby-plus-ipl-shr-opt\/","title":{"rendered":"SHELLBY PLUS IPL \/\/ SHR+ OPT"},"content":{"rendered":"<p>\u00dcr\u00fcn hakk\u0131nda bilgi almak i\u00e7in bizimle ileti\u015fime ge\u00e7iniz.<\/p>\n","protected":false},"excerpt":{"rendered":"<ul>\n<li>Avrupa birli\u011fi CE onayl\u0131<\/li>\n<li>3 Teknoloji tek makinede birle\u015ftirilerek \u00a0M\u00fckemmel epilasyon sonu\u00e7lar\u0131 ortaya \u00e7\u0131km\u0131\u015ft\u0131r.<\/li>\n<li>SHR \u00fct\u00fcleme + Elight + IPL<\/li>\n<li>Ba\u015fl\u0131k \u00fczerinde 2 adet start butonu vard\u0131r.Tutu\u015f pozisyonuna g\u00f6re kullan\u0131labildi\u011fi gibi,olas\u0131 bir buton probleminde bir nevi yede\u011fi \u00fczerindedir.Servis m\u00fcdahale edene kadar randevu iptal etmek zorunda kalmazs\u0131n\u0131z&#8230;<\/li>\n<li>Kendi s\u0131n\u0131f\u0131n\u0131n en y\u00fcksek lamba at\u0131\u015f kapasitesi 180.000 at\u0131\u015fa kadar<\/li>\n<li>Di\u011fer cihazlar 2-3 litre al\u0131rken shelby ve shelby plus 7&amp;9 litre su kapasitesine sahiptir.Dolay\u0131s\u0131 ile daha az duraksar\/4 kat daha verimli \u00e7al\u0131\u015f\u0131r.Ayr\u0131ca daha iyi so\u011futma=daha komplikasyonsuz \u00e7al\u0131\u015fmad\u0131r.<\/li>\n<li>At\u0131m h\u0131z\u0131na m\u00fcdahale etme imkan\u0131.\u00c7ok h\u0131zl\u0131d\u0131r<\/li>\n<li>15*50 yani 7.5cm2 lik dev ba\u015fl\u0131k boyutu<\/li>\n<li>Lamban\u0131n yanma g\u00fcc\u00fcne m\u00fcdahale etme imkan\u0131(Sarfiyat ekonomisi sa\u011flar)<\/li>\n<li>Touch Screen<\/li>\n<li>Hem hava hem su so\u011futmal\u0131<\/li>\n<li>2 y\u0131l \u00fcretim hatalar\u0131na kar\u015f\u0131 \u00fccretsiz garantili*8 y\u0131l \u00fccretli servis ve yedek par\u00e7a garantili<\/li>\n<li>24 saatte T\u00fcrkiyenin her yerine teknik servis imkan\u0131<\/li>\n<li>Farkl\u0131 filitreler le Epilasyon-Cilt yenileme-Leke-Akne-D\u00f6vme silme yapabilir<\/li>\n<\/ul>\n<p>T\u00fcm modeller 2 y\u0131l garantilidir.<\/p>\n<p>T\u00fcm modeller Avrupa Birli\u011fi CE belgesine sahiptir.<\/p>\n<p>T\u00fcrkiye&#8217;nin her yerine 24 saatte teknik servis garantisi vard\u0131r.<br \/>\n<a href=\"https:\/\/www.estedem.com\/pdf\/ShelbyPlusIpl-yeni.pdf\" target=\"_blank\" rel=\"noopener\"> <img decoding=\"async\" src=\"https:\/\/www.estedem.com\/tr\/wp-content\/uploads\/2022\/10\/100-pdf.png\"><\/a><\/p>\n","protected":false},"featured_media":2094,"comment_status":"open","ping_status":"closed","template":"","meta":{"h5ap_radio_sources":[]},"product_cat":[51],"product_tag":[],"class_list":["post-2093","product","type-product","status-publish","has-post-thumbnail","hentry","product_cat-lazer-ve-cihazlari"],"_links":{"self":[{"href":"https:\/\/www.estedem.com\/tr\/wp-json\/wp\/v2\/product\/2093","targetHints":{"allow":["GET"]}}],"collection":[{"href":"https:\/\/www.estedem.com\/tr\/wp-json\/wp\/v2\/product"}],"about":[{"href":"https:\/\/www.estedem.com\/tr\/wp-json\/wp\/v2\/types\/product"}],"replies":[{"embeddable":true,"href":"https:\/\/www.estedem.com\/tr\/wp-json\/wp\/v2\/comments?post=2093"}],"wp:featuredmedia":[{"embeddable":true,"href":"https:\/\/www.estedem.com\/tr\/wp-json\/wp\/v2\/media\/2094"}],"wp:attachment":[{"href":"https:\/\/www.estedem.com\/tr\/wp-json\/wp\/v2\/media?parent=2093"}],"wp:term":[{"taxonomy":"product_cat","embeddable":true,"href":"https:\/\/www.estedem.com\/tr\/wp-json\/wp\/v2\/product_cat?post=2093"},{"taxonomy":"product_tag","embeddable":true,"href":"https:\/\/www.estedem.com\/tr\/wp-json\/wp\/v2\/product_tag?post=2093"}],"curies":[{"name":"wp","href":"https:\/\/api.w.org\/{rel}","templated":true}]}}