  
{"id":2091,"date":"2022-09-26T11:46:36","date_gmt":"2022-09-26T11:46:36","guid":{"rendered":"https:\/\/www.estedem.com\/tr\/?post_type=product&#038;p=2091"},"modified":"2022-10-07T07:10:48","modified_gmt":"2022-10-07T07:10:48","slug":"goldmed-shellby-ipl","status":"publish","type":"product","link":"https:\/\/www.estedem.com\/tr\/urun\/goldmed-shellby-ipl\/","title":{"rendered":"GOLDMED SHELLBY IPL"},"content":{"rendered":"<p>\u00dcr\u00fcn hakk\u0131nda bilgi almak i\u00e7in bizimle ileti\u015fime ge\u00e7iniz.<\/p>\n","protected":false},"excerpt":{"rendered":"<ul>\n<li>Avrupa birli\u011fi CE onayl\u0131<\/li>\n<li>Kendi s\u0131n\u0131f\u0131n\u0131n en y\u00fcksek lamba at\u0131\u015f kapasitesi<\/li>\n<li>At\u0131m h\u0131z\u0131na m\u00fcdahale etme imkan\u0131<\/li>\n<li>Lamban\u0131n yanma g\u00fcc\u00fcne m\u00fcdahale etme imkan\u0131(Sarfiyat ekonomisi sa\u011flar)<\/li>\n<li>Touch Screen<\/li>\n<li>Hem hava hem su so\u011futmal\u0131<\/li>\n<li>2 y\u0131l \u00fcretim hatalar\u0131na kar\u015f\u0131 \u00fccretsiz garantili*8 y\u0131l \u00fccretli servis ve yedek par\u00e7a garantili<\/li>\n<li>24 saatte T\u00fcrkiyenin her yerine teknik servis imkan\u0131<\/li>\n<li>\u00a0Farkl\u0131 filitreler le Epilasyon-Cilt yenileme-Leke-Akne-D\u00f6vme silme yapabilir.<\/li>\n<li>9 litrelik paslanmaz \u00e7elik dev su tank\u0131.(Di\u011fer IPL lerden kat-kat daha uzun s\u00fcre \u00e7al\u0131\u015fma s\u00fcresi ve m\u00fckemmel so\u011futma sa\u011flar.)<\/li>\n<\/ul>\n<p>T\u00fcm modeller 2 y\u0131l garantilidir.<\/p>\n<p>T\u00fcm modeller Avrupa Birli\u011fi CE belgesine sahiptir.<\/p>\n<p>T\u00fcrkiyenin her yerine 24 saatte teknik servis garantisi vard\u0131r.<\/p>\n","protected":false},"featured_media":2092,"comment_status":"open","ping_status":"closed","template":"","meta":{"h5ap_radio_sources":[]},"product_cat":[51],"product_tag":[],"class_list":["post-2091","product","type-product","status-publish","has-post-thumbnail","hentry","product_cat-lazer-ve-cihazlari"],"_links":{"self":[{"href":"https:\/\/www.estedem.com\/tr\/wp-json\/wp\/v2\/product\/2091","targetHints":{"allow":["GET"]}}],"collection":[{"href":"https:\/\/www.estedem.com\/tr\/wp-json\/wp\/v2\/product"}],"about":[{"href":"https:\/\/www.estedem.com\/tr\/wp-json\/wp\/v2\/types\/product"}],"replies":[{"embeddable":true,"href":"https:\/\/www.estedem.com\/tr\/wp-json\/wp\/v2\/comments?post=2091"}],"wp:featuredmedia":[{"embeddable":true,"href":"https:\/\/www.estedem.com\/tr\/wp-json\/wp\/v2\/media\/2092"}],"wp:attachment":[{"href":"https:\/\/www.estedem.com\/tr\/wp-json\/wp\/v2\/media?parent=2091"}],"wp:term":[{"taxonomy":"product_cat","embeddable":true,"href":"https:\/\/www.estedem.com\/tr\/wp-json\/wp\/v2\/product_cat?post=2091"},{"taxonomy":"product_tag","embeddable":true,"href":"https:\/\/www.estedem.com\/tr\/wp-json\/wp\/v2\/product_tag?post=2091"}],"curies":[{"name":"wp","href":"https:\/\/api.w.org\/{rel}","templated":true}]}}