  
{"id":2084,"date":"2022-09-26T11:37:25","date_gmt":"2022-09-26T11:37:25","guid":{"rendered":"https:\/\/www.estedem.com\/tr\/?post_type=product&#038;p=2084"},"modified":"2022-10-06T12:41:15","modified_gmt":"2022-10-06T12:41:15","slug":"cavipeel-kavitasyon-peeling-bcs-5","status":"publish","type":"product","link":"https:\/\/www.estedem.com\/tr\/urun\/cavipeel-kavitasyon-peeling-bcs-5\/","title":{"rendered":"CAVIPEEL Kavitasyon Peeling BCS-5"},"content":{"rendered":"","protected":false},"excerpt":{"rendered":"<p>1- Kavitasyon(ultrasound)\u00a0 peeling\u00a0\u00a0 : Cilt kaz\u0131ma &amp; temizleme probu<\/p>\n<p>2- Ultrasound Lifting \u00a0 \u00a0 \u00a0 \u00a0 \u00a0 \u00a0 \u00a0 \u00a0 \u00a0 \u00a0 \u00a0 \u00a0 \u00a0 \u00a0 : S\u00fcpersonik problar<\/p>\n<p>3- Bio Lifting \u00a0 \u00a0 \u00a0 \u00a0 \u00a0 \u00a0 \u00a0 \u00a0 \u00a0 \u00a0 \u00a0 \u00a0 \u00a0 \u00a0 \u00a0 \u00a0 \u00a0 \u00a0 \u00a0 \u00a0 \u00a0 : Y\u00fcz germe problar\u0131<\/p>\n<p>4- Bio eldivenler \u00a0 \u00a0 \u00a0 \u00a0 \u00a0 \u00a0 \u00a0 \u00a0 \u00a0 \u00a0 \u00a0 \u00a0 \u00a0 \u00a0 \u00a0 \u00a0 \u00a0 \u00a0: (Bio Lifting ile ayn\u0131 \u00e7\u0131k\u0131\u015f\u0131 kullan\u0131r)<\/p>\n<p>5- PHOTON LED SK\u0130N\u00a0 \u00a0 \u00a0 \u00a0 \u00a0 \u00a0 \u00a0 \u00a0 \u00a0 \u00a0 \u00a0 \u00a0 : Anti aging uygulama kafas\u0131<\/p>\n<p><strong>Kavitasyon Peeling Nedir ?<\/strong><\/p>\n<p>Ultrasonic ses dalgalar\u0131 ile yap\u0131lan bu yeni nesil peeling i\u015flemi; hi\u00e7bir ak\u0131m, ac\u0131 ya da a\u011fr\u0131 hissetmeden, cildinizdeki \u00f6l\u00fc deriyi yan etkisiz bir \u015fekilde yok eder. Uygulama sonras\u0131nda cildinizde \u00e7ok belirgin \u015fekilde canl\u0131l\u0131k, parlakl\u0131k, nefes alma ve beyazlamay\u0131 g\u00f6rebilirsiniz.<\/p>\n<p><strong>PDT Photon Dinamic Therapy<\/strong><\/p>\n<p>D\u00fcnyada son d\u00f6nem en trend cilt bak\u0131m ve anti aging y\u00f6ntemi olan Foton Therapy ile fibroblast ve kolajen uyar\u0131m\u0131 sa\u011flanarak k\u0131r\u0131\u015f\u0131kl\u0131klar\u0131n azalt\u0131lmas\u0131n\u0131n yan\u0131 s\u0131ra, cildin \u00e7ok daha gergin, diri ve gen\u00e7 g\u00f6r\u00fcn\u00fcm kazanmas\u0131 sa\u011flanmaktad\u0131r.<\/p>\n<p><strong>Ultrasound Lifting<\/strong><\/p>\n<p>Ultrasound Lifting, ultrasound ses dalgalar\u0131 ile dakikada otuz bin titre\u015fim yap\u0131larak yenileme \u00fcr\u00fcnlerini sonic h\u0131zlarda deri alt\u0131na iter. Yapt\u0131\u011f\u0131 micro masaj ile k\u0131r\u0131\u015f\u0131kl\u0131k olu\u015fumunu ve ya\u015flanma belirtilerini net \u015fekilde geciktirir. Yap\u0131lan i\u015flemde elektriksel etki olmad\u0131\u011f\u0131 i\u00e7in ak\u0131ma duyarl\u0131 ki\u015filer hi\u00e7bir rahats\u0131zl\u0131k ya da yan etki olmadan bu uygulamadan faydalanabilirler<\/p>\n","protected":false},"featured_media":2085,"comment_status":"open","ping_status":"closed","template":"","meta":{"h5ap_radio_sources":[]},"product_cat":[49],"product_tag":[],"class_list":["post-2084","product","type-product","status-publish","has-post-thumbnail","hentry","product_cat-cilt-yenileme-bakim-cihazlari"],"_links":{"self":[{"href":"https:\/\/www.estedem.com\/tr\/wp-json\/wp\/v2\/product\/2084","targetHints":{"allow":["GET"]}}],"collection":[{"href":"https:\/\/www.estedem.com\/tr\/wp-json\/wp\/v2\/product"}],"about":[{"href":"https:\/\/www.estedem.com\/tr\/wp-json\/wp\/v2\/types\/product"}],"replies":[{"embeddable":true,"href":"https:\/\/www.estedem.com\/tr\/wp-json\/wp\/v2\/comments?post=2084"}],"wp:featuredmedia":[{"embeddable":true,"href":"https:\/\/www.estedem.com\/tr\/wp-json\/wp\/v2\/media\/2085"}],"wp:attachment":[{"href":"https:\/\/www.estedem.com\/tr\/wp-json\/wp\/v2\/media?parent=2084"}],"wp:term":[{"taxonomy":"product_cat","embeddable":true,"href":"https:\/\/www.estedem.com\/tr\/wp-json\/wp\/v2\/product_cat?post=2084"},{"taxonomy":"product_tag","embeddable":true,"href":"https:\/\/www.estedem.com\/tr\/wp-json\/wp\/v2\/product_tag?post=2084"}],"curies":[{"name":"wp","href":"https:\/\/api.w.org\/{rel}","templated":true}]}}