  
{"id":2074,"date":"2022-09-26T11:28:02","date_gmt":"2022-09-26T11:28:02","guid":{"rendered":"https:\/\/www.estedem.com\/tr\/?post_type=product&#038;p=2074"},"modified":"2022-10-11T07:47:19","modified_gmt":"2022-10-11T07:47:19","slug":"hydragold","status":"publish","type":"product","link":"https:\/\/www.estedem.com\/tr\/urun\/hydragold\/","title":{"rendered":"HYDRAGOLD"},"content":{"rendered":"<ul>\n<li>Hydragold Ya\u015flanmay\u0131 geciktirme,ince \u00e7izgi ve k\u0131r\u0131\u015f\u0131klarda azalma,ciltte sa\u011fl\u0131kl\u0131 g\u00f6r\u00fcn\u00fcm kazand\u0131rma<\/li>\n<li>Hydragold Ya\u015fl\u0131l\u0131k lekeleri veya \u00e7iller gibi pigmentasyonda azaltma<\/li>\n<li>Hydragold Deride s\u0131k\u0131la\u015fma ve \u015fekillenme,elastikiyetini kaybetmi\u015f ciltler i\u00e7in \u00f6zellikle idealdir.<\/li>\n<li>Hydragold oksijenle tazelenme<\/li>\n<\/ul>\n","protected":false},"excerpt":{"rendered":"<p>HYDRAGOLD t\u00fcm kad\u0131nlar\u0131n beklentisi olan an\u0131nda g\u00fczellik, bak\u0131m ve de\u011fi\u015fime yeni teknoloji ile cevap veren kompakt bir cihazd\u0131r. Hidro s\u0131v\u0131 bas\u0131n\u00e7l\u0131 vakum \u00fcnitesi cildi derinlemesine temizleyip, kir ve siyah noktalardan ar\u0131nd\u0131r\u0131rken, oksijen canlanmay\u0131 ve yenilenmeyi sa\u011flar. Ultrasound yapt\u0131\u011f\u0131 mikro masajla ya\u015flanma belirtilerini net \u015fekilde geciktirir. Hydragold, bak\u0131m uygulamalar\u0131n\u0131n yan\u0131 s\u0131ra ciltteki sarkmalar, k\u0131r\u0131\u015f\u0131kl\u0131klar, lekeler gibi istenmeyen problemlere de geli\u015fmi\u015f radyo frekans ba\u015fl\u0131\u011f\u0131n\u0131n \u00fcretti\u011fi y\u00fcksek frekans dalgalar\u0131 ile yan\u0131t verebilmektedir.<\/p>\n<p><strong>HYDRAGOLD\u00a0 \/\u00a0 7 sistemi<\/strong><\/p>\n<p>1- Hydra gold Hidro s\u0131v\u0131 vakumlu temizleme<\/p>\n<p>2- Hydragold Oksijen sprey<\/p>\n<p>3- Hydragold S\u0131cak-so\u011fuk<\/p>\n<p>4- Hydra gold Oksijen maskesi<\/p>\n<p>5- Plazma<\/p>\n<p>6- Bipolar Radyo frekans + farkl\u0131 ba\u015fl\u0131k metotlar\u0131<\/p>\n<p>7- Elmas dermabrazyon + s\u0131v\u0131 vakumlu<\/p>\n<p><a href=\"https:\/\/www.estedem.com\/pdf\/Hydragold.pdf\" target=\"_blank\" rel=\"noopener\"> <img decoding=\"async\" src=\"https:\/\/www.estedem.com\/tr\/wp-content\/uploads\/2022\/10\/100-pdf.png\"><\/a><\/p>\n","protected":false},"featured_media":2075,"comment_status":"open","ping_status":"closed","template":"","meta":{"h5ap_radio_sources":[]},"product_cat":[49],"product_tag":[],"class_list":["post-2074","product","type-product","status-publish","has-post-thumbnail","hentry","product_cat-cilt-yenileme-bakim-cihazlari"],"_links":{"self":[{"href":"https:\/\/www.estedem.com\/tr\/wp-json\/wp\/v2\/product\/2074","targetHints":{"allow":["GET"]}}],"collection":[{"href":"https:\/\/www.estedem.com\/tr\/wp-json\/wp\/v2\/product"}],"about":[{"href":"https:\/\/www.estedem.com\/tr\/wp-json\/wp\/v2\/types\/product"}],"replies":[{"embeddable":true,"href":"https:\/\/www.estedem.com\/tr\/wp-json\/wp\/v2\/comments?post=2074"}],"wp:featuredmedia":[{"embeddable":true,"href":"https:\/\/www.estedem.com\/tr\/wp-json\/wp\/v2\/media\/2075"}],"wp:attachment":[{"href":"https:\/\/www.estedem.com\/tr\/wp-json\/wp\/v2\/media?parent=2074"}],"wp:term":[{"taxonomy":"product_cat","embeddable":true,"href":"https:\/\/www.estedem.com\/tr\/wp-json\/wp\/v2\/product_cat?post=2074"},{"taxonomy":"product_tag","embeddable":true,"href":"https:\/\/www.estedem.com\/tr\/wp-json\/wp\/v2\/product_tag?post=2074"}],"curies":[{"name":"wp","href":"https:\/\/api.w.org\/{rel}","templated":true}]}}