  
{"id":453,"date":"2019-02-05T07:25:11","date_gmt":"2019-02-05T07:25:11","guid":{"rendered":"http:\/\/www.estedem.com\/tr\/?page_id=453"},"modified":"2019-02-08T09:40:09","modified_gmt":"2019-02-08T09:40:09","slug":"duyurular","status":"publish","type":"page","link":"https:\/\/www.estedem.com\/tr\/duyurular\/","title":{"rendered":"Duyurular"},"content":{"rendered":"<div id=\"pl-453\"  class=\"panel-layout\" ><div id=\"pg-453-0\"  class=\"panel-grid panel-no-style\" ><div id=\"pgc-453-0-0\"  class=\"panel-grid-cell\" ><div id=\"panel-453-0-0-0\" class=\"so-panel widget widget_sow-editor panel-first-child panel-last-child\" data-index=\"0\" ><div\n\t\t\t\n\t\t\tclass=\"so-widget-sow-editor so-widget-sow-editor-base\"\n\t\t\t\n\t\t>\n<div class=\"siteorigin-widget-tinymce textwidget\">\n\t\r\n\t\t<div class=\"sp_wpspwpost_static wpspw-design-1 wpspw-grid-3 wpspw-clearfix \">\r\n\r\n\t\t\t\r\n<div class=\"wpspw-post-grid wpspw-medium-4 wpspw-columns first\">\r\n\t<div class=\"wpspw-post-grid-content  \">\r\n\r\n\t\t\t\t\t<div class=\"wpspw-post-image-bg\">\r\n\t\t\t\t<a href=\"https:\/\/www.estedem.com\/tr\/2019\/02\/12\/guzellik-bakim-2018-istanbul\/\">\r\n\t\t\t\t\t<img decoding=\"async\" src=\"https:\/\/www.estedem.com\/tr\/wp-content\/uploads\/2019\/01\/estedem2.jpg\" alt=\"G\u00fczellik &#038; Bak\u0131m \u0130stanbul 2018\" \/>\r\n\t\t\t\t<\/a>\r\n\t\t\t<\/div>\r\n\t\t\t\t\t<div class=\"wpspw-post-categories\"><a href=\"https:\/\/www.estedem.com\/tr\/\u00fcr\u00fcnlerimiz\/duyuru\/\">Duyuru<\/a><\/div>\r\n\t\t\r\n\t\t<h2 class=\"wpspw-post-title\">\r\n\t\t\t<a href=\"https:\/\/www.estedem.com\/tr\/2019\/02\/12\/guzellik-bakim-2018-istanbul\/\">G\u00fczellik &#038; Bak\u0131m \u0130stanbul 2018<\/a>\r\n\t\t<\/h2>\r\n\r\n\t\t\t\t\t<div class=\"wpspw-post-date\">\r\n\t\t\t\t\t\t\t\t\t<span>\r\n\t\t\t\t\t\tBy <a href=\"https:\/\/www.estedem.com\/tr\/author\/\"><\/a>\r\n\t\t\t\t\t<\/span>\r\n\t\t\t\t&nbsp;\/&nbsp;\u015eubat 12, 2019\t\t\t<\/div>\r\n\t\t\t\t\t<div class=\"wpspw-post-content\">\r\n\t\t\t\t\t\t\t\t\t<div>\r\n\t\t\t\t\t\tG\u00dcZELL\u0130K &amp; BAKIM 2018 \u0130STANBUL\u00a0 29.ULUSLARARASI FUARI\u00a0 22\/25 MART 206 Nolu standtay\u0131z.\t\t\t\t\t<\/div>\r\n\t\t\t\t\t<a class=\"wpspw-readmorebtn\" href=\"https:\/\/www.estedem.com\/tr\/2019\/02\/12\/guzellik-bakim-2018-istanbul\/\">Read More<\/a>\r\n\t\t\t\t\t\t\t<\/div>\r\n\t\t\t<\/div>\r\n<\/div>\r\n<div class=\"wpspw-post-grid wpspw-medium-4 wpspw-columns \">\r\n\t<div class=\"wpspw-post-grid-content  \">\r\n\r\n\t\t\t\t\t<div class=\"wpspw-post-image-bg\">\r\n\t\t\t\t<a href=\"https:\/\/www.estedem.com\/tr\/2019\/01\/16\/cosmoprof-asia-hongkong\/\">\r\n\t\t\t\t\t<img decoding=\"async\" src=\"https:\/\/www.estedem.com\/tr\/wp-content\/uploads\/2019\/01\/hongkong2013-Medium.jpg\" alt=\"Cosmoprof Asia Hongkong\" \/>\r\n\t\t\t\t<\/a>\r\n\t\t\t<\/div>\r\n\t\t\t\t\t<div class=\"wpspw-post-categories\"><a href=\"https:\/\/www.estedem.com\/tr\/\u00fcr\u00fcnlerimiz\/duyuru\/\">Duyuru<\/a><\/div>\r\n\t\t\r\n\t\t<h2 class=\"wpspw-post-title\">\r\n\t\t\t<a href=\"https:\/\/www.estedem.com\/tr\/2019\/01\/16\/cosmoprof-asia-hongkong\/\">Cosmoprof Asia Hongkong<\/a>\r\n\t\t<\/h2>\r\n\r\n\t\t\t\t\t<div class=\"wpspw-post-date\">\r\n\t\t\t\t\t\t\t\t\t<span>\r\n\t\t\t\t\t\tBy <a href=\"https:\/\/www.estedem.com\/tr\/author\/admin\/\">admin<\/a>\r\n\t\t\t\t\t<\/span>\r\n\t\t\t\t&nbsp;\/&nbsp;Ocak 16, 2019\t\t\t<\/div>\r\n\t\t\t\t\t<div class=\"wpspw-post-content\">\r\n\t\t\t\t\t\t\t\t\t<div>\r\n\t\t\t\t\t\tD\u00fcnyan\u0131n en b\u00fcy\u00fck medikal-estetik fuar\u0131 COSMOPROF KASIM 2013 HONGKONG 'day\u0131z.\t\t\t\t\t<\/div>\r\n\t\t\t\t\t<a class=\"wpspw-readmorebtn\" href=\"https:\/\/www.estedem.com\/tr\/2019\/01\/16\/cosmoprof-asia-hongkong\/\">Read More<\/a>\r\n\t\t\t\t\t\t\t<\/div>\r\n\t\t\t<\/div>\r\n<\/div>\r\n<div class=\"wpspw-post-grid wpspw-medium-4 wpspw-columns \">\r\n\t<div class=\"wpspw-post-grid-content  \">\r\n\r\n\t\t\t\t\t<div class=\"wpspw-post-image-bg\">\r\n\t\t\t\t<a href=\"https:\/\/www.estedem.com\/tr\/2019\/01\/16\/cosmoprof-bologna-italya-2015\/\">\r\n\t\t\t\t\t<img decoding=\"async\" src=\"https:\/\/www.estedem.com\/tr\/wp-content\/uploads\/2019\/01\/26055758_1887568698240074_1202773778602639618_n.jpg\" alt=\"Cosmoprof Bologna\/\u0130TALYA 2015\" \/>\r\n\t\t\t\t<\/a>\r\n\t\t\t<\/div>\r\n\t\t\t\t\t<div class=\"wpspw-post-categories\"><a href=\"https:\/\/www.estedem.com\/tr\/\u00fcr\u00fcnlerimiz\/duyuru\/\">Duyuru<\/a><\/div>\r\n\t\t\r\n\t\t<h2 class=\"wpspw-post-title\">\r\n\t\t\t<a href=\"https:\/\/www.estedem.com\/tr\/2019\/01\/16\/cosmoprof-bologna-italya-2015\/\">Cosmoprof Bologna\/\u0130TALYA 2015<\/a>\r\n\t\t<\/h2>\r\n\r\n\t\t\t\t\t<div class=\"wpspw-post-date\">\r\n\t\t\t\t\t\t\t\t\t<span>\r\n\t\t\t\t\t\tBy <a href=\"https:\/\/www.estedem.com\/tr\/author\/admin\/\">admin<\/a>\r\n\t\t\t\t\t<\/span>\r\n\t\t\t\t&nbsp;\/&nbsp;Ocak 16, 2019\t\t\t<\/div>\r\n\t\t\t\t\t<div class=\"wpspw-post-content\">\r\n\t\t\t\t\t\t\t\t\t<div>\r\n\t\t\t\t\t\tD\u00fcnyan\u0131n en b\u00fcy\u00fck medikal-estetik fuar\u0131 COSMOPROF Bologna\/\u0130TALYA 2015 'deyiz.\t\t\t\t\t<\/div>\r\n\t\t\t\t\t<a class=\"wpspw-readmorebtn\" href=\"https:\/\/www.estedem.com\/tr\/2019\/01\/16\/cosmoprof-bologna-italya-2015\/\">Read More<\/a>\r\n\t\t\t\t\t\t\t<\/div>\r\n\t\t\t<\/div>\r\n<\/div>\r\n<div class=\"wpspw-post-grid wpspw-medium-4 wpspw-columns first\">\r\n\t<div class=\"wpspw-post-grid-content  \">\r\n\r\n\t\t\t\t\t<div class=\"wpspw-post-image-bg\">\r\n\t\t\t\t<a href=\"https:\/\/www.estedem.com\/tr\/2019\/01\/10\/hello-world\/\">\r\n\t\t\t\t\t<img decoding=\"async\" src=\"https:\/\/www.estedem.com\/tr\/wp-content\/uploads\/2019\/01\/ist-20152-Medium.jpg\" alt=\"G\u00fczellik &#038; Bak\u0131m \u0130stanbul 2015\" \/>\r\n\t\t\t\t<\/a>\r\n\t\t\t<\/div>\r\n\t\t\t\t\t<div class=\"wpspw-post-categories\"><a href=\"https:\/\/www.estedem.com\/tr\/\u00fcr\u00fcnlerimiz\/duyuru\/\">Duyuru<\/a><\/div>\r\n\t\t\r\n\t\t<h2 class=\"wpspw-post-title\">\r\n\t\t\t<a href=\"https:\/\/www.estedem.com\/tr\/2019\/01\/10\/hello-world\/\">G\u00fczellik &#038; Bak\u0131m \u0130stanbul 2015<\/a>\r\n\t\t<\/h2>\r\n\r\n\t\t\t\t\t<div class=\"wpspw-post-date\">\r\n\t\t\t\t\t\t\t\t\t<span>\r\n\t\t\t\t\t\tBy <a href=\"https:\/\/www.estedem.com\/tr\/author\/admin\/\">admin<\/a>\r\n\t\t\t\t\t<\/span>\r\n\t\t\t\t&nbsp;\/&nbsp;Ocak 10, 2019\t\t\t<\/div>\r\n\t\t\t\t\t<div class=\"wpspw-post-content\">\r\n\t\t\t\t\t\t\t\t\t<div>\r\n\t\t\t\t\t\tG\u00dcZELL\u0130K BAKIM 2015 \u0130STANBUL 12\/15 Mart 2015 G\u00fczellik fuar\u0131 108 nolu standtay\u0131z.\t\t\t\t\t<\/div>\r\n\t\t\t\t\t<a class=\"wpspw-readmorebtn\" href=\"https:\/\/www.estedem.com\/tr\/2019\/01\/10\/hello-world\/\">Read More<\/a>\r\n\t\t\t\t\t\t\t<\/div>\r\n\t\t\t<\/div>\r\n<\/div>\r\n\t\t\t\t\t<\/div>\r\n\r\n\t\n<\/div>\n<\/div><\/div><\/div><\/div><\/div>","protected":false},"excerpt":{"rendered":"<p>Duyuru G\u00fczellik &#038; Bak\u0131m \u0130stanbul 2018 By &nbsp;\/&nbsp;\u015eubat 12, 2019 G\u00dcZELL\u0130K &amp; BAKIM 2018 \u0130STANBUL\u00a0 29.ULUSLARARASI FUARI\u00a0 22\/25 MART 206 Nolu standtay\u0131z. Read More Duyuru Cosmoprof Asia Hongkong By admin &nbsp;\/&nbsp;Ocak 16, 2019 D\u00fcnyan\u0131n en b\u00fcy\u00fck medikal-estetik fuar\u0131 COSMOPROF KASIM 2013 HONGKONG &#8216;day\u0131z. Read More Duyuru Cosmoprof Bologna\/\u0130TALYA 2015 By admin &nbsp;\/&nbsp;Ocak 16, 2019 D\u00fcnyan\u0131n [&hellip;]<\/p>\n","protected":false},"author":1,"featured_media":0,"parent":0,"menu_order":0,"comment_status":"closed","ping_status":"closed","template":"","meta":{"h5ap_radio_sources":[],"footnotes":""},"class_list":["post-453","page","type-page","status-publish","hentry"],"_links":{"self":[{"href":"https:\/\/www.estedem.com\/tr\/wp-json\/wp\/v2\/pages\/453","targetHints":{"allow":["GET"]}}],"collection":[{"href":"https:\/\/www.estedem.com\/tr\/wp-json\/wp\/v2\/pages"}],"about":[{"href":"https:\/\/www.estedem.com\/tr\/wp-json\/wp\/v2\/types\/page"}],"author":[{"embeddable":true,"href":"https:\/\/www.estedem.com\/tr\/wp-json\/wp\/v2\/users\/1"}],"replies":[{"embeddable":true,"href":"https:\/\/www.estedem.com\/tr\/wp-json\/wp\/v2\/comments?post=453"}],"version-history":[{"count":2,"href":"https:\/\/www.estedem.com\/tr\/wp-json\/wp\/v2\/pages\/453\/revisions"}],"predecessor-version":[{"id":615,"href":"https:\/\/www.estedem.com\/tr\/wp-json\/wp\/v2\/pages\/453\/revisions\/615"}],"wp:attachment":[{"href":"https:\/\/www.estedem.com\/tr\/wp-json\/wp\/v2\/media?parent=453"}],"curies":[{"name":"wp","href":"https:\/\/api.w.org\/{rel}","templated":true}]}}