  
{"id":35,"date":"2019-01-10T12:49:24","date_gmt":"2019-01-10T12:49:24","guid":{"rendered":"http:\/\/www.estedem.com\/?page_id=35"},"modified":"2025-09-23T10:22:53","modified_gmt":"2025-09-23T10:22:53","slug":"iletisim","status":"publish","type":"page","link":"https:\/\/www.estedem.com\/tr\/iletisim\/","title":{"rendered":"\u0130leti\u015fim"},"content":{"rendered":"<div id=\"pl-35\"  class=\"panel-layout\" ><div id=\"pg-35-0\"  class=\"panel-grid panel-no-style\" ><div id=\"pgc-35-0-0\"  class=\"panel-grid-cell\" ><div id=\"panel-35-0-0-0\" class=\"widget_text so-panel widget widget_custom_html panel-first-child panel-last-child\" data-index=\"0\" ><div class=\"textwidget custom-html-widget\"><br><br><div class=\"col-md-12\">\n\n\n<!-- Widget -->\n<div class=\"widget no-box\">\n<h5 class=\"widget-title\">Bize Ula\u015f\u0131n<span><\/span><\/h5>\n\n<a><i class=\"fa fa-map-marker\"><\/i> Tunal\u0131 Hilmi Caddesi Bestekar Sokak No:65\/22 \u00c7ankaya\/ANKARA<\/a><br><br>\n<a><i class=\"fa fa-phone\"><\/i> 0312 468 20 82<\/a><br><br>\n<a><i class=\"fa fa-envelope\"><\/i> info@estedem.com<\/a>\n\n\n<ul class=\"social-icons color\" style=\"margin-top:20px\">\n<li class=\"facebook\"><a href=\"https:\/\/www.facebook.com\/estedemmedikal\/\" target=\"_blank\" title=\"Facebook\">Facebook<\/a><\/li>\n<li class=\"instagram\"><a href=\"https:\/\/www.instagram.com\/estedem_medikalestetikcihazlar\/?hl=\" target=\"_blank\" title=\"\u0130nstagram\">Instagram<\/a><\/li>\n\n<\/ul> \n<\/div><!-- Widget -->\n<\/div><\/div><\/div><\/div><div id=\"pgc-35-0-1\"  class=\"panel-grid-cell\" ><div id=\"panel-35-0-1-0\" class=\"widget_text so-panel widget widget_custom_html panel-first-child panel-last-child\" data-index=\"1\" ><div class=\"textwidget custom-html-widget\"><iframe loading=\"lazy\" src=\"https:\/\/www.google.com\/maps\/embed?pb=!1m18!1m12!1m3!1d3060.592353207489!2d32.858304414880436!3d39.905758279427765!2m3!1f0!2f0!3f0!3m2!1i1024!2i768!4f13.1!3m3!1m2!1s0x14d34fa3f5038df7%3A0x450758b7e3ab0fd5!2sRemzi+O%C4%9Fuz+Ar%C4%B1k+Mahallesi%2C+Bestekar+Cd+No%3A65%2C+06680+%C3%87ankaya%2FAnkara!5e0!3m2!1str!2str!4v1547124896653\" width=\"100%\" height=\"320\" frameborder=\"0\" style=\"border:0\" allowfullscreen><\/iframe><\/div><\/div><\/div><\/div><\/div>","protected":false},"excerpt":{"rendered":"<p>Bize Ula\u015f\u0131n Tunal\u0131 Hilmi Caddesi Bestekar Sokak No:65\/22 \u00c7ankaya\/ANKARA 0312 468 20 82 info@estedem.com Facebook Instagram<\/p>\n","protected":false},"author":1,"featured_media":0,"parent":0,"menu_order":0,"comment_status":"closed","ping_status":"closed","template":"","meta":{"h5ap_radio_sources":[],"footnotes":""},"class_list":["post-35","page","type-page","status-publish","hentry"],"_links":{"self":[{"href":"https:\/\/www.estedem.com\/tr\/wp-json\/wp\/v2\/pages\/35","targetHints":{"allow":["GET"]}}],"collection":[{"href":"https:\/\/www.estedem.com\/tr\/wp-json\/wp\/v2\/pages"}],"about":[{"href":"https:\/\/www.estedem.com\/tr\/wp-json\/wp\/v2\/types\/page"}],"author":[{"embeddable":true,"href":"https:\/\/www.estedem.com\/tr\/wp-json\/wp\/v2\/users\/1"}],"replies":[{"embeddable":true,"href":"https:\/\/www.estedem.com\/tr\/wp-json\/wp\/v2\/comments?post=35"}],"version-history":[{"count":35,"href":"https:\/\/www.estedem.com\/tr\/wp-json\/wp\/v2\/pages\/35\/revisions"}],"predecessor-version":[{"id":2477,"href":"https:\/\/www.estedem.com\/tr\/wp-json\/wp\/v2\/pages\/35\/revisions\/2477"}],"wp:attachment":[{"href":"https:\/\/www.estedem.com\/tr\/wp-json\/wp\/v2\/media?parent=35"}],"curies":[{"name":"wp","href":"https:\/\/api.w.org\/{rel}","templated":true}]}}