  
{"id":332,"date":"2019-01-19T08:48:39","date_gmt":"2019-01-19T08:48:39","guid":{"rendered":"http:\/\/www.estedem.com\/?page_id=332"},"modified":"2019-02-14T11:32:08","modified_gmt":"2019-02-14T11:32:08","slug":"sumbul-guzellik","status":"publish","type":"page","link":"https:\/\/www.estedem.com\/tr\/sumbul-guzellik\/","title":{"rendered":"S\u00fcmb\u00fcl G\u00fczellik"},"content":{"rendered":"<div id=\"pl-332\"  class=\"panel-layout\" ><div id=\"pg-332-0\"  class=\"panel-grid panel-no-style\" ><div id=\"pgc-332-0-0\"  class=\"panel-grid-cell\" ><div id=\"panel-332-0-0-0\" class=\"so-panel widget widget_sow-editor panel-first-child panel-last-child\" data-index=\"0\" ><div\n\t\t\t\n\t\t\tclass=\"so-widget-sow-editor so-widget-sow-editor-base\"\n\t\t\t\n\t\t>\n<div class=\"siteorigin-widget-tinymce textwidget\">\n\t<p>Karap\u00fcr\u00e7ek Mahallesi, 397. Cd. No:98 Alt\u0131nda\u011f\/Ankara<\/p>\n<\/div>\n<\/div><\/div><\/div><div id=\"pgc-332-0-1\"  class=\"panel-grid-cell\" ><div id=\"panel-332-0-1-0\" class=\"so-panel widget widget_sow-image panel-first-child panel-last-child\" data-index=\"1\" ><div\n\t\t\t\n\t\t\tclass=\"so-widget-sow-image so-widget-sow-image-default-8b5b6f678277-332\"\n\t\t\t\n\t\t><\/div><\/div><\/div><\/div><div id=\"pg-332-1\"  class=\"panel-grid panel-no-style\" ><div id=\"pgc-332-1-0\"  class=\"panel-grid-cell\" ><div id=\"panel-332-1-0-0\" class=\"so-panel widget widget_sow-image panel-first-child panel-last-child\" data-index=\"2\" ><div\n\t\t\t\n\t\t\tclass=\"so-widget-sow-image so-widget-sow-image-default-8b5b6f678277-332\"\n\t\t\t\n\t\t><\/div><\/div><\/div><div id=\"pgc-332-1-1\"  class=\"panel-grid-cell\" ><div id=\"panel-332-1-1-0\" class=\"so-panel widget widget_media_video panel-first-child panel-last-child\" data-index=\"3\" ><div style=\"width:100%;\" class=\"wp-video\"><video class=\"wp-video-shortcode\" id=\"video-332-1\" preload=\"metadata\" controls=\"controls\"><source type=\"video\/mp4\" src=\"https:\/\/www.estedem.com\/tr\/wp-content\/uploads\/2019\/01\/WhatsApp-Video-2019-01-17-at-11.57.38-1.mp4?_=1\" \/><source type=\"video\/mp4\" src=\"http:\/\/www.estedem.com\/wp-content\/uploads\/2019\/01\/WhatsApp-Video-2019-01-17-at-11.57.38-1.mp4?_=1\" \/><a href=\"https:\/\/www.estedem.com\/tr\/wp-content\/uploads\/2019\/01\/WhatsApp-Video-2019-01-17-at-11.57.38-1.mp4\">https:\/\/www.estedem.com\/tr\/wp-content\/uploads\/2019\/01\/WhatsApp-Video-2019-01-17-at-11.57.38-1.mp4<\/a><\/video><\/div><\/div><\/div><\/div><\/div>","protected":false},"excerpt":{"rendered":"<p>Karap\u00fcr\u00e7ek Mahallesi, 397. Cd. No:98 Alt\u0131nda\u011f\/Ankara<\/p>\n","protected":false},"author":1,"featured_media":0,"parent":0,"menu_order":0,"comment_status":"closed","ping_status":"closed","template":"","meta":{"h5ap_radio_sources":[],"footnotes":""},"class_list":["post-332","page","type-page","status-publish","hentry"],"_links":{"self":[{"href":"https:\/\/www.estedem.com\/tr\/wp-json\/wp\/v2\/pages\/332","targetHints":{"allow":["GET"]}}],"collection":[{"href":"https:\/\/www.estedem.com\/tr\/wp-json\/wp\/v2\/pages"}],"about":[{"href":"https:\/\/www.estedem.com\/tr\/wp-json\/wp\/v2\/types\/page"}],"author":[{"embeddable":true,"href":"https:\/\/www.estedem.com\/tr\/wp-json\/wp\/v2\/users\/1"}],"replies":[{"embeddable":true,"href":"https:\/\/www.estedem.com\/tr\/wp-json\/wp\/v2\/comments?post=332"}],"version-history":[{"count":8,"href":"https:\/\/www.estedem.com\/tr\/wp-json\/wp\/v2\/pages\/332\/revisions"}],"predecessor-version":[{"id":1331,"href":"https:\/\/www.estedem.com\/tr\/wp-json\/wp\/v2\/pages\/332\/revisions\/1331"}],"wp:attachment":[{"href":"https:\/\/www.estedem.com\/tr\/wp-json\/wp\/v2\/media?parent=332"}],"curies":[{"name":"wp","href":"https:\/\/api.w.org\/{rel}","templated":true}]}}