  
{"id":305,"date":"2019-01-19T08:39:11","date_gmt":"2019-01-19T08:39:11","guid":{"rendered":"http:\/\/www.estedem.com\/?page_id=305"},"modified":"2019-03-07T11:11:07","modified_gmt":"2019-03-07T11:11:07","slug":"tomris-guzellik-mut-mersin","status":"publish","type":"page","link":"https:\/\/www.estedem.com\/tr\/tomris-guzellik-mut-mersin\/","title":{"rendered":"TOMR\u0130S G\u00dcZELL\u0130K (MUT-MERS\u0130N)"},"content":{"rendered":"<div id=\"pl-305\"  class=\"panel-layout\" ><div id=\"pg-305-0\"  class=\"panel-grid panel-no-style\" ><div id=\"pgc-305-0-0\"  class=\"panel-grid-cell\" ><div id=\"panel-305-0-0-0\" class=\"so-panel widget widget_sow-editor panel-first-child panel-last-child\" data-index=\"0\" ><div\n\t\t\t\n\t\t\tclass=\"so-widget-sow-editor so-widget-sow-editor-base\"\n\t\t\t\n\t\t>\n<div class=\"siteorigin-widget-tinymce textwidget\">\n\t<p>&nbsp;<\/p>\n<p>Adres:\u00a0Do\u011fanc\u0131 mahallesi Karakozak sokak No:2\/C Kat:3 Ofis:11 Kasva \u0130\u015f Merkezi Mut\/Mersin<\/p>\n<\/div>\n<\/div><\/div><\/div><div id=\"pgc-305-0-1\"  class=\"panel-grid-cell\" ><div id=\"panel-305-0-1-0\" class=\"so-panel widget widget_sow-image panel-first-child panel-last-child\" data-index=\"1\" ><div\n\t\t\t\n\t\t\tclass=\"so-widget-sow-image so-widget-sow-image-default-8b5b6f678277-305\"\n\t\t\t\n\t\t>\n<div class=\"sow-image-container\">\n\t\t<img \n\tsrc=\"https:\/\/www.estedem.com\/tr\/wp-content\/uploads\/2019\/03\/7ab36d4b-4db2-4c72-a81a-9c2fe3783ab5.jpg\" width=\"750\" height=\"916\" srcset=\"https:\/\/www.estedem.com\/tr\/wp-content\/uploads\/2019\/03\/7ab36d4b-4db2-4c72-a81a-9c2fe3783ab5.jpg 750w, https:\/\/www.estedem.com\/tr\/wp-content\/uploads\/2019\/03\/7ab36d4b-4db2-4c72-a81a-9c2fe3783ab5-246x300.jpg 246w\" sizes=\"(max-width: 750px) 100vw, 750px\" alt=\"\" \t\tclass=\"so-widget-image\"\/>\n\t<\/div>\n\n<\/div><\/div><\/div><\/div><div id=\"pg-305-1\"  class=\"panel-grid panel-no-style\" ><div id=\"pgc-305-1-0\"  class=\"panel-grid-cell\" ><div id=\"panel-305-1-0-0\" class=\"so-panel widget widget_sow-image panel-first-child panel-last-child\" data-index=\"2\" ><div\n\t\t\t\n\t\t\tclass=\"so-widget-sow-image so-widget-sow-image-default-8b5b6f678277-305\"\n\t\t\t\n\t\t>\n<div class=\"sow-image-container\">\n\t\t<img \n\tsrc=\"https:\/\/www.estedem.com\/tr\/wp-content\/uploads\/2019\/03\/b3ce4430-e537-47b1-9f12-40e0df62f623-1.jpg\" width=\"750\" height=\"919\" srcset=\"https:\/\/www.estedem.com\/tr\/wp-content\/uploads\/2019\/03\/b3ce4430-e537-47b1-9f12-40e0df62f623-1.jpg 750w, https:\/\/www.estedem.com\/tr\/wp-content\/uploads\/2019\/03\/b3ce4430-e537-47b1-9f12-40e0df62f623-1-245x300.jpg 245w\" sizes=\"(max-width: 750px) 100vw, 750px\" title=\"b3ce4430-e537-47b1-9f12-40e0df62f623\" alt=\"\" \t\tclass=\"so-widget-image\"\/>\n\t<\/div>\n\n<\/div><\/div><\/div><div id=\"pgc-305-1-1\"  class=\"panel-grid-cell\" ><div id=\"panel-305-1-1-0\" class=\"so-panel widget widget_media_video panel-first-child panel-last-child\" data-index=\"3\" ><div style=\"width:100%;\" class=\"wp-video\"><video class=\"wp-video-shortcode\" id=\"video-305-1\" preload=\"metadata\" controls=\"controls\"><source type=\"video\/mp4\" src=\"https:\/\/www.estedem.com\/tr\/wp-content\/uploads\/2019\/01\/WhatsApp-Video-2019-01-17-at-11.57.38-1.mp4?_=1\" \/><source type=\"video\/mp4\" src=\"http:\/\/www.estedem.com\/wp-content\/uploads\/2019\/01\/WhatsApp-Video-2019-01-17-at-11.57.38-1.mp4?_=1\" \/><a href=\"https:\/\/www.estedem.com\/tr\/wp-content\/uploads\/2019\/01\/WhatsApp-Video-2019-01-17-at-11.57.38-1.mp4\">https:\/\/www.estedem.com\/tr\/wp-content\/uploads\/2019\/01\/WhatsApp-Video-2019-01-17-at-11.57.38-1.mp4<\/a><\/video><\/div><\/div><\/div><\/div><\/div>","protected":false},"excerpt":{"rendered":"<p>&nbsp; Adres:\u00a0Do\u011fanc\u0131 mahallesi Karakozak sokak No:2\/C Kat:3 Ofis:11 Kasva \u0130\u015f Merkezi Mut\/Mersin<\/p>\n","protected":false},"author":1,"featured_media":0,"parent":0,"menu_order":0,"comment_status":"closed","ping_status":"closed","template":"","meta":{"h5ap_radio_sources":[],"footnotes":""},"class_list":["post-305","page","type-page","status-publish","hentry"],"_links":{"self":[{"href":"https:\/\/www.estedem.com\/tr\/wp-json\/wp\/v2\/pages\/305","targetHints":{"allow":["GET"]}}],"collection":[{"href":"https:\/\/www.estedem.com\/tr\/wp-json\/wp\/v2\/pages"}],"about":[{"href":"https:\/\/www.estedem.com\/tr\/wp-json\/wp\/v2\/types\/page"}],"author":[{"embeddable":true,"href":"https:\/\/www.estedem.com\/tr\/wp-json\/wp\/v2\/users\/1"}],"replies":[{"embeddable":true,"href":"https:\/\/www.estedem.com\/tr\/wp-json\/wp\/v2\/comments?post=305"}],"version-history":[{"count":21,"href":"https:\/\/www.estedem.com\/tr\/wp-json\/wp\/v2\/pages\/305\/revisions"}],"predecessor-version":[{"id":1556,"href":"https:\/\/www.estedem.com\/tr\/wp-json\/wp\/v2\/pages\/305\/revisions\/1556"}],"wp:attachment":[{"href":"https:\/\/www.estedem.com\/tr\/wp-json\/wp\/v2\/media?parent=305"}],"curies":[{"name":"wp","href":"https:\/\/api.w.org\/{rel}","templated":true}]}}