  
{"id":282,"date":"2019-01-19T08:31:08","date_gmt":"2019-01-19T08:31:08","guid":{"rendered":"http:\/\/www.estedem.com\/?page_id=282"},"modified":"2019-02-14T13:32:47","modified_gmt":"2019-02-14T13:32:47","slug":"ecz-yesim-onal","status":"publish","type":"page","link":"https:\/\/www.estedem.com\/tr\/ecz-yesim-onal\/","title":{"rendered":"Ecz. Ye\u015fim \u00d6nal"},"content":{"rendered":"<div id=\"pl-282\"  class=\"panel-layout\" ><div id=\"pg-282-0\"  class=\"panel-grid panel-no-style\" ><div id=\"pgc-282-0-0\"  class=\"panel-grid-cell\" ><div id=\"panel-282-0-0-0\" class=\"so-panel widget widget_sow-editor panel-first-child panel-last-child\" data-index=\"0\" ><div\n\t\t\t\n\t\t\tclass=\"so-widget-sow-editor so-widget-sow-editor-base\"\n\t\t\t\n\t\t>\n<div class=\"siteorigin-widget-tinymce textwidget\">\n\t<div class=\"c-content-title-1\">\n<h3 class=\"c-font-bold\">YE\u015e\u0130M \u00d6NAL | Aromaterapist, Fitoterapist, Uzman Eczac\u0131 ve Estetisyen<\/h3>\n<div class=\"c-line-left c-theme-bg\"><\/div>\n<\/div>\n<blockquote class=\"c-theme-border\">\n<p>Fitoterapi,\u00a0bilime dayal\u0131 bir t\u0131bbi uygulamad\u0131r ve bu nedenle, \u015fifal\u0131 bitkilerin ampirik bir de\u011ferlendirmesine dayanan ve genellikle geleneksel bilgilerle ba\u011flant\u0131l\u0131 olan t\u0131bbi herbalism gibi di\u011fer daha geleneksel yakla\u015f\u0131mlardan ayr\u0131l\u0131r.<\/p>\n<p>Aromaterapistler,\u00a0\u00e7i\u00e7ekler, a\u011fa\u00e7lar, baharatlar, meyveler veya bitkilerden elde edilen veya dam\u0131t\u0131lan esansiyel aromatik ya\u011flarla \u00e7e\u015fitli fiziksel ko\u015fullar\u0131, hastal\u0131klar\u0131 ve psikolojik bozukluklar\u0131 tedavi eder.<\/p>\n<p>Ba\u015fl\u0131ca G\u00f6revlerimiz;<\/p>\n<p>hasta kons\u00fcltasyonlar\u0131 yapmak<br \/>\nuygun u\u00e7ucu ya\u011flar\u0131n belirlenmesi<br \/>\ntedavi gereksinimlerini planlama ve a\u00e7\u0131klama<br \/>\nya\u011f kar\u0131\u015f\u0131mlar\u0131 olu\u015fturma<br \/>\nya\u011flar\u0131n uygulanmas\u0131 ve tedavi yap\u0131lmas\u0131<br \/>\nhekimler ile irtibat kurmak ve uzmanlara y\u00f6nlendirmek<br \/>\ndiyet, egzersiz ve ya\u015fam tarz\u0131 hakk\u0131nda \u00f6nerilerde bulunmak<br \/>\ndo\u011fru gizli hasta kay\u0131tlar\u0131n\u0131 tutmak<br \/>\nmesle\u011fim ile ilgili ara\u015ft\u0131rma ve yeni geli\u015fmeleri takip etmek.<\/p>\n<p>Adres:\u00a0Eski Yalova Yolu 6.Km Bursa Modern B\u00fcy\u00fck Kul\u00fcp No : 27\u00a0 Osmangazi - BURSA<\/p>\n<p>Telefon: 0(224) 277 00 16<\/p>\n<p>E-mail:<span style=\"color: #333333;\">\u00a0<a style=\"color: #333333;\" href=\"mailto:bilgi@mavimucevher.com\">bilgi@mavimucevher.com<\/a>\u00a0<\/span><\/p>\n<\/blockquote>\n<p><a href=\"http:\/\/www.mavimucevher.com\/\">http:\/\/www.mavimucevher.com\/<\/a><\/p>\n<\/div>\n<\/div><\/div><\/div><div id=\"pgc-282-0-1\"  class=\"panel-grid-cell\" ><div id=\"panel-282-0-1-0\" class=\"so-panel widget widget_sow-image panel-first-child panel-last-child\" data-index=\"1\" ><div\n\t\t\t\n\t\t\tclass=\"so-widget-sow-image so-widget-sow-image-default-8b5b6f678277-282\"\n\t\t\t\n\t\t><\/div><\/div><\/div><\/div><div id=\"pg-282-1\"  class=\"panel-grid panel-no-style\" ><div id=\"pgc-282-1-0\"  class=\"panel-grid-cell\" ><div id=\"panel-282-1-0-0\" class=\"so-panel widget widget_sow-image panel-first-child panel-last-child\" data-index=\"2\" ><div\n\t\t\t\n\t\t\tclass=\"so-widget-sow-image so-widget-sow-image-default-8b5b6f678277-282\"\n\t\t\t\n\t\t><\/div><\/div><\/div><div id=\"pgc-282-1-1\"  class=\"panel-grid-cell\" ><div id=\"panel-282-1-1-0\" class=\"so-panel widget widget_media_video panel-first-child panel-last-child\" data-index=\"3\" ><div style=\"width:100%;\" class=\"wp-video\"><video class=\"wp-video-shortcode\" id=\"video-282-1\" preload=\"metadata\" controls=\"controls\"><source type=\"video\/mp4\" src=\"https:\/\/www.estedem.com\/tr\/wp-content\/uploads\/2019\/01\/WhatsApp-Video-2019-01-17-at-11.57.38-1.mp4?_=1\" \/><source type=\"video\/mp4\" src=\"http:\/\/www.estedem.com\/wp-content\/uploads\/2019\/01\/WhatsApp-Video-2019-01-17-at-11.57.38-1.mp4?_=1\" \/><a href=\"https:\/\/www.estedem.com\/tr\/wp-content\/uploads\/2019\/01\/WhatsApp-Video-2019-01-17-at-11.57.38-1.mp4\">https:\/\/www.estedem.com\/tr\/wp-content\/uploads\/2019\/01\/WhatsApp-Video-2019-01-17-at-11.57.38-1.mp4<\/a><\/video><\/div><\/div><\/div><\/div><\/div>","protected":false},"excerpt":{"rendered":"<p>YE\u015e\u0130M \u00d6NAL | Aromaterapist, Fitoterapist, Uzman Eczac\u0131 ve Estetisyen Fitoterapi,\u00a0bilime dayal\u0131 bir t\u0131bbi uygulamad\u0131r ve bu nedenle, \u015fifal\u0131 bitkilerin ampirik bir de\u011ferlendirmesine dayanan ve genellikle geleneksel bilgilerle ba\u011flant\u0131l\u0131 olan t\u0131bbi herbalism gibi di\u011fer daha geleneksel yakla\u015f\u0131mlardan ayr\u0131l\u0131r. Aromaterapistler,\u00a0\u00e7i\u00e7ekler, a\u011fa\u00e7lar, baharatlar, meyveler veya bitkilerden elde edilen veya dam\u0131t\u0131lan esansiyel aromatik ya\u011flarla \u00e7e\u015fitli fiziksel ko\u015fullar\u0131, hastal\u0131klar\u0131 ve [&hellip;]<\/p>\n","protected":false},"author":1,"featured_media":0,"parent":0,"menu_order":0,"comment_status":"closed","ping_status":"closed","template":"","meta":{"h5ap_radio_sources":[],"footnotes":""},"class_list":["post-282","page","type-page","status-publish","hentry"],"_links":{"self":[{"href":"https:\/\/www.estedem.com\/tr\/wp-json\/wp\/v2\/pages\/282","targetHints":{"allow":["GET"]}}],"collection":[{"href":"https:\/\/www.estedem.com\/tr\/wp-json\/wp\/v2\/pages"}],"about":[{"href":"https:\/\/www.estedem.com\/tr\/wp-json\/wp\/v2\/types\/page"}],"author":[{"embeddable":true,"href":"https:\/\/www.estedem.com\/tr\/wp-json\/wp\/v2\/users\/1"}],"replies":[{"embeddable":true,"href":"https:\/\/www.estedem.com\/tr\/wp-json\/wp\/v2\/comments?post=282"}],"version-history":[{"count":10,"href":"https:\/\/www.estedem.com\/tr\/wp-json\/wp\/v2\/pages\/282\/revisions"}],"predecessor-version":[{"id":1433,"href":"https:\/\/www.estedem.com\/tr\/wp-json\/wp\/v2\/pages\/282\/revisions\/1433"}],"wp:attachment":[{"href":"https:\/\/www.estedem.com\/tr\/wp-json\/wp\/v2\/media?parent=282"}],"curies":[{"name":"wp","href":"https:\/\/api.w.org\/{rel}","templated":true}]}}