  
{"id":279,"date":"2019-01-19T08:30:26","date_gmt":"2019-01-19T08:30:26","guid":{"rendered":"http:\/\/www.estedem.com\/?page_id=279"},"modified":"2019-02-14T12:22:30","modified_gmt":"2019-02-14T12:22:30","slug":"ozge-aytas-beauty","status":"publish","type":"page","link":"https:\/\/www.estedem.com\/tr\/ozge-aytas-beauty\/","title":{"rendered":"\u00d6zge Ayta\u015f Beauty Atelier"},"content":{"rendered":"<div id=\"pl-279\"  class=\"panel-layout\" ><div id=\"pg-279-0\"  class=\"panel-grid panel-no-style\" ><div id=\"pgc-279-0-0\"  class=\"panel-grid-cell\" ><div id=\"panel-279-0-0-0\" class=\"so-panel widget widget_sow-editor panel-first-child panel-last-child\" data-index=\"0\" ><div\n\t\t\t\n\t\t\tclass=\"so-widget-sow-editor so-widget-sow-editor-base\"\n\t\t\t\n\t\t>\n<div class=\"siteorigin-widget-tinymce textwidget\">\n\t<p>G\u00fczellik sekt\u00f6r\u00fcne g\u00fczelli\u011fi daha kal\u0131c\u0131 k\u0131lmak i\u00e7in yap\u0131lan kal\u0131c\u0131 makyaj alan\u0131na ilgi duyarak giri\u015f yapt\u0131m.<br \/>\nErg\u00fcl Keskin Conture Make up Academy den Long Time Liner Licence 1\u00a0 sertifikam ile e\u011fitim s\u00fcrecim ba\u015flad\u0131. Kal\u0131c\u0131 Makyaj uzman\u0131 olarak Suudi Arabistan Cidde ve Riyad \u015fehirlerinde G\u00fczellik salonlar\u0131 ile ortak \u00e7al\u0131\u015fmalar yapt\u0131m. Do\u011fdu\u011fum ve b\u00fcy\u00fcd\u00fc\u011f\u00fcm \u0130skenderun a d\u00f6nme karar\u0131 alarak \u00e7e\u015fitli salonlarla \u00e7al\u0131\u015fmalar yapt\u0131m. Erg\u00fcl Keskin Conture Make up Academy den Long Time Liner Elite Personal sertifikam\u0131 da alarak uzmanl\u0131\u011f\u0131m\u0131 bir \u00fcst seviyeye ta\u015f\u0131d\u0131m.<\/p>\n<p>Estetisyenlik e\u011fitim s\u00fcrecim Akademisyen ve PhiAcademy nin \u00d6nemli Master\u0131 Berrin \u00c7etiner ile uzun zamand\u0131r ve devam etmekteyim. Estetisyenlik kal\u0131c\u0131 makyaj alan\u0131n\u0131da i\u00e7ine alan g\u00fczellik alan\u0131n\u0131n tamam\u0131n\u0131 kapsamas\u0131ndan dolay\u0131 sizlere en do\u011fru hizmeti vermek a\u00e7\u0131s\u0131ndan \u00f6nemi benim i\u00e7in \u00e7ok b\u00fcy\u00fck.<\/p>\n<div class=\"push wpv-hide-lowres\">\n<div class=\"row \">\n<div id=\"wpv-column-b7b5fd347e24acf6e88cb11cbb5f5586\" class=\"wpv-grid grid-2-5 grid-2-5 unextended animation-fade-in animated-active no-extended-padding animation-ended\">\n<p>Kal\u0131c\u0131 Makyaj Alan\u0131mda d\u00fcnyada ve \u00fclkemizde \u00f6nemli bir marka de\u011feri olan ve ba\u015far\u0131s\u0131n\u0131 d\u00fcnyada kan\u0131tlam\u0131\u015f masterlara sahip Phibrows Microblading e\u011fitimini alarak De\u011ferli Master Bahar Arslan ile \u00e7al\u0131\u015fma imkan\u0131na sahip oldum.<br \/>\nPhilashes Lifting De\u011ferli Master\u0131m Sinan Y\u0131lmaz \u0131n ilk e\u011fitim s\u00fcrecinde bulunanlardan olarak kirpik permas\u0131 i\u015flemleri i\u00e7in en geli\u015fmi\u015f halini ilk uygulayan olma avantaj\u0131na sahip oldum.<\/p>\n<p>Adres:\u00a0Karaa\u011fa\u00e7 mah. 70. Sok No:50 Arsuz\/Hatay<\/p>\n<p>E-mail:\u00a0<span style=\"color: #333333;\"><a style=\"color: #333333;\" href=\"http:\/\/www.ozgeaytas.com\/#\">ozgeaytasbeautyatelier@gmail.com<\/a><\/span><\/p>\n<p><a href=\"http:\/\/www.ozgeaytas.com\/\">www.ozgeaytas.com<\/a><\/p>\n<div class=\"push wpv-hide-lowres\"><\/div>\n<\/div>\n<\/div>\n<\/div>\n<p>&nbsp;<\/p>\n<\/div>\n<\/div><\/div><\/div><div id=\"pgc-279-0-1\"  class=\"panel-grid-cell\" ><div id=\"panel-279-0-1-0\" class=\"so-panel widget widget_sow-image panel-first-child panel-last-child\" data-index=\"1\" ><div\n\t\t\t\n\t\t\tclass=\"so-widget-sow-image so-widget-sow-image-default-8b5b6f678277-279\"\n\t\t\t\n\t\t>\n<div class=\"sow-image-container\">\n\t\t<img \n\tsrc=\"https:\/\/www.estedem.com\/tr\/wp-content\/uploads\/2019\/02\/88a017a9-07e6-4fe3-8b8b-ec8e68ee2488-3.jpg\" width=\"1200\" height=\"1600\" srcset=\"https:\/\/www.estedem.com\/tr\/wp-content\/uploads\/2019\/02\/88a017a9-07e6-4fe3-8b8b-ec8e68ee2488-3.jpg 1200w, https:\/\/www.estedem.com\/tr\/wp-content\/uploads\/2019\/02\/88a017a9-07e6-4fe3-8b8b-ec8e68ee2488-3-225x300.jpg 225w, https:\/\/www.estedem.com\/tr\/wp-content\/uploads\/2019\/02\/88a017a9-07e6-4fe3-8b8b-ec8e68ee2488-3-768x1024.jpg 768w\" sizes=\"(max-width: 1200px) 100vw, 1200px\" title=\"88a017a9-07e6-4fe3-8b8b-ec8e68ee2488\" alt=\"\" \t\tclass=\"so-widget-image\"\/>\n\t<\/div>\n\n<\/div><\/div><\/div><\/div><div id=\"pg-279-1\"  class=\"panel-grid panel-no-style\" ><div id=\"pgc-279-1-0\"  class=\"panel-grid-cell\" ><div id=\"panel-279-1-0-0\" class=\"so-panel widget widget_sow-image panel-first-child panel-last-child\" data-index=\"2\" ><div\n\t\t\t\n\t\t\tclass=\"so-widget-sow-image so-widget-sow-image-default-8b5b6f678277-279\"\n\t\t\t\n\t\t><\/div><\/div><\/div><div id=\"pgc-279-1-1\"  class=\"panel-grid-cell\" ><div id=\"panel-279-1-1-0\" class=\"so-panel widget widget_media_video panel-first-child panel-last-child\" data-index=\"3\" ><div style=\"width:100%;\" class=\"wp-video\"><video class=\"wp-video-shortcode\" id=\"video-279-1\" preload=\"metadata\" controls=\"controls\"><source type=\"video\/mp4\" src=\"https:\/\/www.estedem.com\/tr\/wp-content\/uploads\/2019\/01\/WhatsApp-Video-2019-01-17-at-11.57.38-1.mp4?_=1\" \/><source type=\"video\/mp4\" src=\"http:\/\/www.estedem.com\/wp-content\/uploads\/2019\/01\/WhatsApp-Video-2019-01-17-at-11.57.38-1.mp4?_=1\" \/><a href=\"https:\/\/www.estedem.com\/tr\/wp-content\/uploads\/2019\/01\/WhatsApp-Video-2019-01-17-at-11.57.38-1.mp4\">https:\/\/www.estedem.com\/tr\/wp-content\/uploads\/2019\/01\/WhatsApp-Video-2019-01-17-at-11.57.38-1.mp4<\/a><\/video><\/div><\/div><\/div><\/div><\/div>","protected":false},"excerpt":{"rendered":"<p>G\u00fczellik sekt\u00f6r\u00fcne g\u00fczelli\u011fi daha kal\u0131c\u0131 k\u0131lmak i\u00e7in yap\u0131lan kal\u0131c\u0131 makyaj alan\u0131na ilgi duyarak giri\u015f yapt\u0131m. Erg\u00fcl Keskin Conture Make up Academy den Long Time Liner Licence 1\u00a0 sertifikam ile e\u011fitim s\u00fcrecim ba\u015flad\u0131. Kal\u0131c\u0131 Makyaj uzman\u0131 olarak Suudi Arabistan Cidde ve Riyad \u015fehirlerinde G\u00fczellik salonlar\u0131 ile ortak \u00e7al\u0131\u015fmalar yapt\u0131m. Do\u011fdu\u011fum ve b\u00fcy\u00fcd\u00fc\u011f\u00fcm \u0130skenderun a d\u00f6nme karar\u0131 [&hellip;]<\/p>\n","protected":false},"author":1,"featured_media":0,"parent":0,"menu_order":0,"comment_status":"closed","ping_status":"closed","template":"","meta":{"h5ap_radio_sources":[],"footnotes":""},"class_list":["post-279","page","type-page","status-publish","hentry"],"_links":{"self":[{"href":"https:\/\/www.estedem.com\/tr\/wp-json\/wp\/v2\/pages\/279","targetHints":{"allow":["GET"]}}],"collection":[{"href":"https:\/\/www.estedem.com\/tr\/wp-json\/wp\/v2\/pages"}],"about":[{"href":"https:\/\/www.estedem.com\/tr\/wp-json\/wp\/v2\/types\/page"}],"author":[{"embeddable":true,"href":"https:\/\/www.estedem.com\/tr\/wp-json\/wp\/v2\/users\/1"}],"replies":[{"embeddable":true,"href":"https:\/\/www.estedem.com\/tr\/wp-json\/wp\/v2\/comments?post=279"}],"version-history":[{"count":10,"href":"https:\/\/www.estedem.com\/tr\/wp-json\/wp\/v2\/pages\/279\/revisions"}],"predecessor-version":[{"id":1354,"href":"https:\/\/www.estedem.com\/tr\/wp-json\/wp\/v2\/pages\/279\/revisions\/1354"}],"wp:attachment":[{"href":"https:\/\/www.estedem.com\/tr\/wp-json\/wp\/v2\/media?parent=279"}],"curies":[{"name":"wp","href":"https:\/\/api.w.org\/{rel}","templated":true}]}}