  
{"id":267,"date":"2019-01-19T08:23:56","date_gmt":"2019-01-19T08:23:56","guid":{"rendered":"http:\/\/www.estedem.com\/?page_id=267"},"modified":"2019-02-14T13:17:57","modified_gmt":"2019-02-14T13:17:57","slug":"hs-guzellik","status":"publish","type":"page","link":"https:\/\/www.estedem.com\/tr\/hs-guzellik\/","title":{"rendered":"H&#038;S Estetik Ve G\u00fczellik"},"content":{"rendered":"<div id=\"pl-267\"  class=\"panel-layout\" ><div id=\"pg-267-0\"  class=\"panel-grid panel-no-style\" ><div id=\"pgc-267-0-0\"  class=\"panel-grid-cell\" ><div id=\"panel-267-0-0-0\" class=\"so-panel widget widget_sow-editor panel-first-child panel-last-child\" data-index=\"0\" ><div\n\t\t\t\n\t\t\tclass=\"so-widget-sow-editor so-widget-sow-editor-base\"\n\t\t\t\n\t\t>\n<div class=\"siteorigin-widget-tinymce textwidget\">\n\t<p class=\"sc_title_align_center sc_title sc_title_underline\">Meslek hayat\u0131m\u0131z\u0131n uzman dokunu\u015funu siz sevgili dostlarla payla\u015f\u0131p gelece\u011fe daha p\u0131r\u0131l p\u0131r\u0131l ve sa\u011fl\u0131kl\u0131 bir ya\u015fam i\u00e7in kaliteli hizmetimizle\u00a0H&amp;S Estetik ve G\u00fczellikte<span style=\"font-size: 16px;\">\u00a0bulu\u015fal\u0131m.\u00a0Hedefimiz g\u00fcveninize lay\u0131k olmakt\u0131r.<\/span><\/p>\n<p>Adres:Dikmen Sokullu Mehmet Pa\u015fa Cad. No: 90\/22 \u00c7ankaya Ankara<\/p>\n<p>Telefon:\u00a00312 233 99 00<\/p>\n<p>E-mail:\u00a0info@hsestetik.com<\/p>\n<div class=\"wpb_text_column wpb_content_element \">\n<div class=\"wpb_wrapper\">\n<p>&nbsp;<\/p>\n<p><a href=\"http:\/\/www.hsestetik.com\/\">www.hsestetik.com<\/a><\/p>\n<\/div>\n<\/div>\n<\/div>\n<\/div><\/div><\/div><div id=\"pgc-267-0-1\"  class=\"panel-grid-cell\" ><div id=\"panel-267-0-1-0\" class=\"so-panel widget widget_sow-image panel-first-child panel-last-child\" data-index=\"1\" ><div\n\t\t\t\n\t\t\tclass=\"so-widget-sow-image so-widget-sow-image-default-8b5b6f678277-267\"\n\t\t\t\n\t\t>\n<div class=\"sow-image-container\">\n\t\t<img \n\tsrc=\"https:\/\/www.estedem.com\/tr\/wp-content\/uploads\/2019\/02\/202530b9-ff05-46a3-82aa-2cb517830e5c-1.jpg\" width=\"1198\" height=\"1460\" srcset=\"https:\/\/www.estedem.com\/tr\/wp-content\/uploads\/2019\/02\/202530b9-ff05-46a3-82aa-2cb517830e5c-1.jpg 1198w, https:\/\/www.estedem.com\/tr\/wp-content\/uploads\/2019\/02\/202530b9-ff05-46a3-82aa-2cb517830e5c-1-246x300.jpg 246w, https:\/\/www.estedem.com\/tr\/wp-content\/uploads\/2019\/02\/202530b9-ff05-46a3-82aa-2cb517830e5c-1-768x936.jpg 768w, https:\/\/www.estedem.com\/tr\/wp-content\/uploads\/2019\/02\/202530b9-ff05-46a3-82aa-2cb517830e5c-1-840x1024.jpg 840w\" sizes=\"(max-width: 1198px) 100vw, 1198px\" title=\"202530b9-ff05-46a3-82aa-2cb517830e5c\" alt=\"\" \t\tclass=\"so-widget-image\"\/>\n\t<\/div>\n\n<\/div><\/div><\/div><\/div><div id=\"pg-267-1\"  class=\"panel-grid panel-no-style\" ><div id=\"pgc-267-1-0\"  class=\"panel-grid-cell\" ><div id=\"panel-267-1-0-0\" class=\"so-panel widget widget_sow-image panel-first-child panel-last-child\" data-index=\"2\" ><div\n\t\t\t\n\t\t\tclass=\"so-widget-sow-image so-widget-sow-image-default-8b5b6f678277-267\"\n\t\t\t\n\t\t><\/div><\/div><\/div><div id=\"pgc-267-1-1\"  class=\"panel-grid-cell\" ><div id=\"panel-267-1-1-0\" class=\"so-panel widget widget_media_video panel-first-child panel-last-child\" data-index=\"3\" ><div style=\"width:100%;\" class=\"wp-video\"><video class=\"wp-video-shortcode\" id=\"video-267-1\" preload=\"metadata\" controls=\"controls\"><source type=\"video\/mp4\" src=\"https:\/\/www.estedem.com\/tr\/wp-content\/uploads\/2019\/01\/WhatsApp-Video-2019-01-17-at-11.57.38-1.mp4?_=1\" \/><source type=\"video\/mp4\" src=\"http:\/\/www.estedem.com\/wp-content\/uploads\/2019\/01\/WhatsApp-Video-2019-01-17-at-11.57.38-1.mp4?_=1\" \/><a href=\"https:\/\/www.estedem.com\/tr\/wp-content\/uploads\/2019\/01\/WhatsApp-Video-2019-01-17-at-11.57.38-1.mp4\">https:\/\/www.estedem.com\/tr\/wp-content\/uploads\/2019\/01\/WhatsApp-Video-2019-01-17-at-11.57.38-1.mp4<\/a><\/video><\/div><\/div><\/div><\/div><\/div>","protected":false},"excerpt":{"rendered":"<p>Meslek hayat\u0131m\u0131z\u0131n uzman dokunu\u015funu siz sevgili dostlarla payla\u015f\u0131p gelece\u011fe daha p\u0131r\u0131l p\u0131r\u0131l ve sa\u011fl\u0131kl\u0131 bir ya\u015fam i\u00e7in kaliteli hizmetimizle\u00a0H&amp;S Estetik ve G\u00fczellikte\u00a0bulu\u015fal\u0131m.\u00a0Hedefimiz g\u00fcveninize lay\u0131k olmakt\u0131r. Adres:Dikmen Sokullu Mehmet Pa\u015fa Cad. No: 90\/22 \u00c7ankaya Ankara Telefon:\u00a00312 233 99 00 E-mail:\u00a0info@hsestetik.com &nbsp; www.hsestetik.com<\/p>\n","protected":false},"author":1,"featured_media":0,"parent":0,"menu_order":0,"comment_status":"closed","ping_status":"closed","template":"","meta":{"h5ap_radio_sources":[],"footnotes":""},"class_list":["post-267","page","type-page","status-publish","hentry"],"_links":{"self":[{"href":"https:\/\/www.estedem.com\/tr\/wp-json\/wp\/v2\/pages\/267","targetHints":{"allow":["GET"]}}],"collection":[{"href":"https:\/\/www.estedem.com\/tr\/wp-json\/wp\/v2\/pages"}],"about":[{"href":"https:\/\/www.estedem.com\/tr\/wp-json\/wp\/v2\/types\/page"}],"author":[{"embeddable":true,"href":"https:\/\/www.estedem.com\/tr\/wp-json\/wp\/v2\/users\/1"}],"replies":[{"embeddable":true,"href":"https:\/\/www.estedem.com\/tr\/wp-json\/wp\/v2\/comments?post=267"}],"version-history":[{"count":11,"href":"https:\/\/www.estedem.com\/tr\/wp-json\/wp\/v2\/pages\/267\/revisions"}],"predecessor-version":[{"id":1423,"href":"https:\/\/www.estedem.com\/tr\/wp-json\/wp\/v2\/pages\/267\/revisions\/1423"}],"wp:attachment":[{"href":"https:\/\/www.estedem.com\/tr\/wp-json\/wp\/v2\/media?parent=267"}],"curies":[{"name":"wp","href":"https:\/\/api.w.org\/{rel}","templated":true}]}}