  
{"id":244,"date":"2019-01-19T08:13:53","date_gmt":"2019-01-19T08:13:53","guid":{"rendered":"http:\/\/www.estedem.com\/?page_id=244"},"modified":"2019-04-03T12:30:41","modified_gmt":"2019-04-03T12:30:41","slug":"sbderm","status":"publish","type":"page","link":"https:\/\/www.estedem.com\/tr\/sbderm\/","title":{"rendered":"SBDERM G\u00dcZELL\u0130K (ESK\u0130\u015eEH\u0130R)"},"content":{"rendered":"<div id=\"pl-244\"  class=\"panel-layout\" ><div id=\"pg-244-0\"  class=\"panel-grid panel-no-style\" ><div id=\"pgc-244-0-0\"  class=\"panel-grid-cell\" ><div id=\"panel-244-0-0-0\" class=\"so-panel widget widget_sow-editor panel-first-child panel-last-child\" data-index=\"0\" ><div\n\t\t\t\n\t\t\tclass=\"so-widget-sow-editor so-widget-sow-editor-base\"\n\t\t\t\n\t\t>\n<div class=\"siteorigin-widget-tinymce textwidget\">\n\t<p>Adres : Ho\u015fnudiye mahallesi \u0130smet \u0130n\u00f6n\u00fc 1 cad. 732. sok. Ba\u015fak K\u00fcnk\u00e7\u00fc Plaza No: 38 D:8 Tepeba\u015f\u0131\/Eski\u015fehir<\/p>\n<p>&nbsp;<\/p>\n<\/div>\n<\/div><\/div><\/div><div id=\"pgc-244-0-1\"  class=\"panel-grid-cell\" ><div id=\"panel-244-0-1-0\" class=\"so-panel widget widget_sow-image panel-first-child panel-last-child\" data-index=\"1\" ><div\n\t\t\t\n\t\t\tclass=\"so-widget-sow-image so-widget-sow-image-default-8b5b6f678277-244\"\n\t\t\t\n\t\t><\/div><\/div><\/div><\/div><div id=\"pg-244-1\"  class=\"panel-grid panel-no-style\" ><div id=\"pgc-244-1-0\"  class=\"panel-grid-cell\" ><div id=\"panel-244-1-0-0\" class=\"so-panel widget widget_sow-image panel-first-child panel-last-child\" data-index=\"2\" ><div\n\t\t\t\n\t\t\tclass=\"so-widget-sow-image so-widget-sow-image-default-8b5b6f678277-244\"\n\t\t\t\n\t\t><\/div><\/div><\/div><div id=\"pgc-244-1-1\"  class=\"panel-grid-cell\" ><div id=\"panel-244-1-1-0\" class=\"so-panel widget widget_media_video panel-first-child panel-last-child\" data-index=\"3\" ><div style=\"width:100%;\" class=\"wp-video\"><video class=\"wp-video-shortcode\" id=\"video-244-1\" preload=\"metadata\" controls=\"controls\"><source type=\"video\/mp4\" src=\"https:\/\/www.estedem.com\/tr\/wp-content\/uploads\/2019\/01\/WhatsApp-Video-2019-01-17-at-11.57.38-1.mp4?_=1\" \/><source type=\"video\/mp4\" src=\"http:\/\/www.estedem.com\/wp-content\/uploads\/2019\/01\/WhatsApp-Video-2019-01-17-at-11.57.38-1.mp4?_=1\" \/><a href=\"https:\/\/www.estedem.com\/tr\/wp-content\/uploads\/2019\/01\/WhatsApp-Video-2019-01-17-at-11.57.38-1.mp4\">https:\/\/www.estedem.com\/tr\/wp-content\/uploads\/2019\/01\/WhatsApp-Video-2019-01-17-at-11.57.38-1.mp4<\/a><\/video><\/div><\/div><\/div><\/div><\/div>","protected":false},"excerpt":{"rendered":"<p>Adres : Ho\u015fnudiye mahallesi \u0130smet \u0130n\u00f6n\u00fc 1 cad. 732. sok. Ba\u015fak K\u00fcnk\u00e7\u00fc Plaza No: 38 D:8 Tepeba\u015f\u0131\/Eski\u015fehir &nbsp;<\/p>\n","protected":false},"author":1,"featured_media":0,"parent":0,"menu_order":0,"comment_status":"closed","ping_status":"closed","template":"","meta":{"h5ap_radio_sources":[],"footnotes":""},"class_list":["post-244","page","type-page","status-publish","hentry"],"_links":{"self":[{"href":"https:\/\/www.estedem.com\/tr\/wp-json\/wp\/v2\/pages\/244","targetHints":{"allow":["GET"]}}],"collection":[{"href":"https:\/\/www.estedem.com\/tr\/wp-json\/wp\/v2\/pages"}],"about":[{"href":"https:\/\/www.estedem.com\/tr\/wp-json\/wp\/v2\/types\/page"}],"author":[{"embeddable":true,"href":"https:\/\/www.estedem.com\/tr\/wp-json\/wp\/v2\/users\/1"}],"replies":[{"embeddable":true,"href":"https:\/\/www.estedem.com\/tr\/wp-json\/wp\/v2\/comments?post=244"}],"version-history":[{"count":21,"href":"https:\/\/www.estedem.com\/tr\/wp-json\/wp\/v2\/pages\/244\/revisions"}],"predecessor-version":[{"id":1597,"href":"https:\/\/www.estedem.com\/tr\/wp-json\/wp\/v2\/pages\/244\/revisions\/1597"}],"wp:attachment":[{"href":"https:\/\/www.estedem.com\/tr\/wp-json\/wp\/v2\/media?parent=244"}],"curies":[{"name":"wp","href":"https:\/\/api.w.org\/{rel}","templated":true}]}}