  
{"id":235,"date":"2019-01-19T08:10:25","date_gmt":"2019-01-19T08:10:25","guid":{"rendered":"http:\/\/www.estedem.com\/?page_id=235"},"modified":"2019-03-22T08:57:23","modified_gmt":"2019-03-22T08:57:23","slug":"elizya-guzellik","status":"publish","type":"page","link":"https:\/\/www.estedem.com\/tr\/elizya-guzellik\/","title":{"rendered":"Elizya G\u00fczellik"},"content":{"rendered":"<div id=\"pl-235\"  class=\"panel-layout\" ><div id=\"pg-235-0\"  class=\"panel-grid panel-no-style\" ><div id=\"pgc-235-0-0\"  class=\"panel-grid-cell\" ><div id=\"panel-235-0-0-0\" class=\"so-panel widget widget_sow-editor panel-first-child panel-last-child\" data-index=\"0\" ><div\n\t\t\t\n\t\t\tclass=\"so-widget-sow-editor so-widget-sow-editor-base\"\n\t\t\t\n\t\t>\n<div class=\"siteorigin-widget-tinymce textwidget\">\n\t<p>Adres: Ovac\u0131k Mahallesi, H\u00fcrriyet Cad. Altunbilekler Avm kar\u015f\u0131s\u0131 Kutay Apt. Kat: 1 No:4 Merkez\/K\u0131r\u0131kkale<\/p>\n<p>Telefon: (0318) 225 08 08<\/p>\n<p><a href=\"https:\/\/tr-tr.facebook.com\/elizyaguzellik\/\">https:\/\/tr-tr.facebook.com\/elizyaguzellik\/<\/a><\/p>\n<p>&nbsp;<\/p>\n<\/div>\n<\/div><\/div><\/div><div id=\"pgc-235-0-1\"  class=\"panel-grid-cell\" ><div id=\"panel-235-0-1-0\" class=\"so-panel widget widget_sow-image panel-first-child panel-last-child\" data-index=\"1\" ><div\n\t\t\t\n\t\t\tclass=\"so-widget-sow-image so-widget-sow-image-default-8b5b6f678277-235\"\n\t\t\t\n\t\t>\n<div class=\"sow-image-container\">\n\t\t<img \n\tsrc=\"https:\/\/www.estedem.com\/tr\/wp-content\/uploads\/2019\/02\/2cacaa49-4652-4d59-b6ef-b1926882faa0-1.jpg\" width=\"1200\" height=\"1600\" srcset=\"https:\/\/www.estedem.com\/tr\/wp-content\/uploads\/2019\/02\/2cacaa49-4652-4d59-b6ef-b1926882faa0-1.jpg 1200w, https:\/\/www.estedem.com\/tr\/wp-content\/uploads\/2019\/02\/2cacaa49-4652-4d59-b6ef-b1926882faa0-1-225x300.jpg 225w, https:\/\/www.estedem.com\/tr\/wp-content\/uploads\/2019\/02\/2cacaa49-4652-4d59-b6ef-b1926882faa0-1-768x1024.jpg 768w\" sizes=\"(max-width: 1200px) 100vw, 1200px\" title=\"2cacaa49-4652-4d59-b6ef-b1926882faa0\" alt=\"\" \t\tclass=\"so-widget-image\"\/>\n\t<\/div>\n\n<\/div><\/div><\/div><\/div><div id=\"pg-235-1\"  class=\"panel-grid panel-no-style\" ><div id=\"pgc-235-1-0\"  class=\"panel-grid-cell\" ><div id=\"panel-235-1-0-0\" class=\"so-panel widget widget_sow-image panel-first-child panel-last-child\" data-index=\"2\" ><div\n\t\t\t\n\t\t\tclass=\"so-widget-sow-image so-widget-sow-image-default-8b5b6f678277-235\"\n\t\t\t\n\t\t>\n<div class=\"sow-image-container\">\n\t\t<img \n\tsrc=\"https:\/\/www.estedem.com\/tr\/wp-content\/uploads\/2019\/02\/elizya.jpg\" width=\"640\" height=\"640\" srcset=\"https:\/\/www.estedem.com\/tr\/wp-content\/uploads\/2019\/02\/elizya.jpg 640w, https:\/\/www.estedem.com\/tr\/wp-content\/uploads\/2019\/02\/elizya-150x150.jpg 150w, https:\/\/www.estedem.com\/tr\/wp-content\/uploads\/2019\/02\/elizya-300x300.jpg 300w\" sizes=\"(max-width: 640px) 100vw, 640px\" alt=\"\" \t\tclass=\"so-widget-image\"\/>\n\t<\/div>\n\n<\/div><\/div><\/div><div id=\"pgc-235-1-1\"  class=\"panel-grid-cell\" ><div id=\"panel-235-1-1-0\" class=\"so-panel widget widget_media_video panel-first-child panel-last-child\" data-index=\"3\" ><div style=\"width:100%;\" class=\"wp-video\"><video class=\"wp-video-shortcode\" id=\"video-235-1\" preload=\"metadata\" controls=\"controls\"><source type=\"video\/mp4\" src=\"https:\/\/www.estedem.com\/tr\/wp-content\/uploads\/2019\/03\/elizya-guzellik.mp4?_=1\" \/><source type=\"video\/mp4\" src=\"https:\/\/www.estedem.com\/tr\/wp-content\/uploads\/2019\/03\/elizya-guzellik.mp4?_=1\" \/><a href=\"https:\/\/www.estedem.com\/tr\/wp-content\/uploads\/2019\/03\/elizya-guzellik.mp4\">https:\/\/www.estedem.com\/tr\/wp-content\/uploads\/2019\/03\/elizya-guzellik.mp4<\/a><\/video><\/div><\/div><\/div><\/div><\/div>","protected":false},"excerpt":{"rendered":"<p>Adres: Ovac\u0131k Mahallesi, H\u00fcrriyet Cad. Altunbilekler Avm kar\u015f\u0131s\u0131 Kutay Apt. Kat: 1 No:4 Merkez\/K\u0131r\u0131kkale Telefon: (0318) 225 08 08 https:\/\/tr-tr.facebook.com\/elizyaguzellik\/ &nbsp;<\/p>\n","protected":false},"author":1,"featured_media":0,"parent":0,"menu_order":0,"comment_status":"closed","ping_status":"closed","template":"","meta":{"h5ap_radio_sources":[],"footnotes":""},"class_list":["post-235","page","type-page","status-publish","hentry"],"_links":{"self":[{"href":"https:\/\/www.estedem.com\/tr\/wp-json\/wp\/v2\/pages\/235","targetHints":{"allow":["GET"]}}],"collection":[{"href":"https:\/\/www.estedem.com\/tr\/wp-json\/wp\/v2\/pages"}],"about":[{"href":"https:\/\/www.estedem.com\/tr\/wp-json\/wp\/v2\/types\/page"}],"author":[{"embeddable":true,"href":"https:\/\/www.estedem.com\/tr\/wp-json\/wp\/v2\/users\/1"}],"replies":[{"embeddable":true,"href":"https:\/\/www.estedem.com\/tr\/wp-json\/wp\/v2\/comments?post=235"}],"version-history":[{"count":21,"href":"https:\/\/www.estedem.com\/tr\/wp-json\/wp\/v2\/pages\/235\/revisions"}],"predecessor-version":[{"id":1582,"href":"https:\/\/www.estedem.com\/tr\/wp-json\/wp\/v2\/pages\/235\/revisions\/1582"}],"wp:attachment":[{"href":"https:\/\/www.estedem.com\/tr\/wp-json\/wp\/v2\/media?parent=235"}],"curies":[{"name":"wp","href":"https:\/\/api.w.org\/{rel}","templated":true}]}}