  
{"id":233,"date":"2019-01-19T08:08:10","date_gmt":"2019-01-19T08:08:10","guid":{"rendered":"http:\/\/www.estedem.com\/?page_id=233"},"modified":"2019-02-26T13:42:04","modified_gmt":"2019-02-26T13:42:04","slug":"beauty-ladies-guzellik","status":"publish","type":"page","link":"https:\/\/www.estedem.com\/tr\/beauty-ladies-guzellik\/","title":{"rendered":"Beautiful Ladies G\u00fczellik"},"content":{"rendered":"<div id=\"pl-233\"  class=\"panel-layout\" ><div id=\"pg-233-0\"  class=\"panel-grid panel-no-style\" ><div id=\"pgc-233-0-0\"  class=\"panel-grid-cell\" ><div id=\"panel-233-0-0-0\" class=\"so-panel widget widget_sow-editor panel-first-child panel-last-child\" data-index=\"0\" ><div\n\t\t\t\n\t\t\tclass=\"so-widget-sow-editor so-widget-sow-editor-base\"\n\t\t\t\n\t\t>\n<div class=\"siteorigin-widget-tinymce textwidget\">\n\t<p>Beautiful Ladies G\u00fczellik Salonumuz;<\/p>\n<p>Huzurlu atmosferi, g\u00fcvenli\u011fi, teknolojik donan\u0131m\u0131, deneyimli g\u00fcler<br \/>\ny\u00fczl\u00fc ekibi ile estetik ve g\u00fczellik sekt\u00f6r\u00fcnde Ankara K\u0131z\u0131lay'da<br \/>\nmerkezi konumuyla siz de\u011ferli m\u00fc\u015fterilerimizin hizmetinizdedir.<\/p>\n<p>Epilasyon, B\u00f6lgesel zay\u0131flama, Dermotolejik \u00fcr\u00fcnlerle cilt bak\u0131mlar\u0131,<br \/>\nKal\u0131c\u0131 makyaj, Profesyenel makyaj, Sel\u00fclit k\u0131rma masaj\u0131, Ka\u015f tasar\u0131m\u0131,<br \/>\nKa\u015f ve kirpik boyama, Kirpik permas\u0131, \u0130pek kirpik, Sa\u00e7 bak\u0131m\u0131, Manik\u00fcr<br \/>\nve Pedik\u00fcr, Nail art \u015fekillendirme ve Sir a\u011fda profosyenel \u00fcr\u00fcnlerle<br \/>\nkaliteden \u00f6d\u00fcn vermeden uygulanmaktad\u0131r. Ayr\u0131ca en son \u00e7\u0131kan<br \/>\nteknolojik Epilasyon cihaz\u0131 ile istenmeyen t\u00fcylerden en k\u0131sa s\u00fcrede<br \/>\nsonu\u00e7 alarak art\u0131k sizde p\u00fcr\u00fczs\u00fcz bir cilde kavu\u015fuyorsunuz.<\/p>\n<p>Bizimle istedi\u011finiz sa\u011fl\u0131kl\u0131 ve g\u00fczel bir g\u00f6r\u00fcn\u00fcme g\u00fcvenli bir ortamda<br \/>\nkavu\u015fabilirsiniz...<\/p>\n<p>Adres: K\u00fclt\u00fcr Mah. Dr. Mediha Eldem Sok. G\u00fcrol Apt. No: 38\/8 \u00c7ankaya \/ Ankara<\/p>\n<p>Telefon: 0312\u00a0431 14 32<\/p>\n<p><a href=\"http:\/\/www.beautifulladiesguzellik.com\/\">www.beautifulladiesguzellik.com<\/a><\/p>\n<\/div>\n<\/div><\/div><\/div><div id=\"pgc-233-0-1\"  class=\"panel-grid-cell\" ><div id=\"panel-233-0-1-0\" class=\"so-panel widget widget_sow-image panel-first-child panel-last-child\" data-index=\"1\" ><div\n\t\t\t\n\t\t\tclass=\"so-widget-sow-image so-widget-sow-image-default-8b5b6f678277-233\"\n\t\t\t\n\t\t>\n<div class=\"sow-image-container\">\n\t\t<img \n\tsrc=\"https:\/\/www.estedem.com\/tr\/wp-content\/uploads\/2019\/02\/fff2b6e3-7d61-4d65-9248-477e03b352d5.jpg\" width=\"1460\" height=\"1600\" srcset=\"https:\/\/www.estedem.com\/tr\/wp-content\/uploads\/2019\/02\/fff2b6e3-7d61-4d65-9248-477e03b352d5.jpg 1460w, https:\/\/www.estedem.com\/tr\/wp-content\/uploads\/2019\/02\/fff2b6e3-7d61-4d65-9248-477e03b352d5-274x300.jpg 274w, https:\/\/www.estedem.com\/tr\/wp-content\/uploads\/2019\/02\/fff2b6e3-7d61-4d65-9248-477e03b352d5-768x842.jpg 768w, https:\/\/www.estedem.com\/tr\/wp-content\/uploads\/2019\/02\/fff2b6e3-7d61-4d65-9248-477e03b352d5-934x1024.jpg 934w\" sizes=\"(max-width: 1460px) 100vw, 1460px\" alt=\"\" \t\tclass=\"so-widget-image\"\/>\n\t<\/div>\n\n<\/div><\/div><\/div><\/div><div id=\"pg-233-1\"  class=\"panel-grid panel-no-style\" ><div id=\"pgc-233-1-0\"  class=\"panel-grid-cell\" ><div id=\"panel-233-1-0-0\" class=\"so-panel widget widget_sow-image panel-first-child panel-last-child\" data-index=\"2\" ><div\n\t\t\t\n\t\t\tclass=\"so-widget-sow-image so-widget-sow-image-default-8b5b6f678277-233\"\n\t\t\t\n\t\t><\/div><\/div><\/div><div id=\"pgc-233-1-1\"  class=\"panel-grid-cell\" ><div id=\"panel-233-1-1-0\" class=\"so-panel widget widget_media_video panel-first-child panel-last-child\" data-index=\"3\" ><div style=\"width:100%;\" class=\"wp-video\"><video class=\"wp-video-shortcode\" id=\"video-233-1\" preload=\"metadata\" controls=\"controls\"><source type=\"video\/mp4\" src=\"https:\/\/www.estedem.com\/tr\/wp-content\/uploads\/2019\/02\/IMG_3528.mp4?_=1\" \/><source type=\"video\/mp4\" src=\"https:\/\/www.estedem.com\/tr\/wp-content\/uploads\/2019\/02\/IMG_3528.mp4?_=1\" \/><a href=\"https:\/\/www.estedem.com\/tr\/wp-content\/uploads\/2019\/02\/IMG_3528.mp4\">https:\/\/www.estedem.com\/tr\/wp-content\/uploads\/2019\/02\/IMG_3528.mp4<\/a><\/video><\/div><\/div><\/div><\/div><\/div>","protected":false},"excerpt":{"rendered":"<p>Beautiful Ladies G\u00fczellik Salonumuz; Huzurlu atmosferi, g\u00fcvenli\u011fi, teknolojik donan\u0131m\u0131, deneyimli g\u00fcler y\u00fczl\u00fc ekibi ile estetik ve g\u00fczellik sekt\u00f6r\u00fcnde Ankara K\u0131z\u0131lay&#8217;da merkezi konumuyla siz de\u011ferli m\u00fc\u015fterilerimizin hizmetinizdedir. Epilasyon, B\u00f6lgesel zay\u0131flama, Dermotolejik \u00fcr\u00fcnlerle cilt bak\u0131mlar\u0131, Kal\u0131c\u0131 makyaj, Profesyenel makyaj, Sel\u00fclit k\u0131rma masaj\u0131, Ka\u015f tasar\u0131m\u0131, Ka\u015f ve kirpik boyama, Kirpik permas\u0131, \u0130pek kirpik, Sa\u00e7 bak\u0131m\u0131, Manik\u00fcr ve Pedik\u00fcr, [&hellip;]<\/p>\n","protected":false},"author":1,"featured_media":0,"parent":0,"menu_order":0,"comment_status":"closed","ping_status":"closed","template":"","meta":{"h5ap_radio_sources":[],"footnotes":""},"class_list":["post-233","page","type-page","status-publish","hentry"],"_links":{"self":[{"href":"https:\/\/www.estedem.com\/tr\/wp-json\/wp\/v2\/pages\/233","targetHints":{"allow":["GET"]}}],"collection":[{"href":"https:\/\/www.estedem.com\/tr\/wp-json\/wp\/v2\/pages"}],"about":[{"href":"https:\/\/www.estedem.com\/tr\/wp-json\/wp\/v2\/types\/page"}],"author":[{"embeddable":true,"href":"https:\/\/www.estedem.com\/tr\/wp-json\/wp\/v2\/users\/1"}],"replies":[{"embeddable":true,"href":"https:\/\/www.estedem.com\/tr\/wp-json\/wp\/v2\/comments?post=233"}],"version-history":[{"count":14,"href":"https:\/\/www.estedem.com\/tr\/wp-json\/wp\/v2\/pages\/233\/revisions"}],"predecessor-version":[{"id":2180,"href":"https:\/\/www.estedem.com\/tr\/wp-json\/wp\/v2\/pages\/233\/revisions\/2180"}],"wp:attachment":[{"href":"https:\/\/www.estedem.com\/tr\/wp-json\/wp\/v2\/media?parent=233"}],"curies":[{"name":"wp","href":"https:\/\/api.w.org\/{rel}","templated":true}]}}