  
{"id":2307,"date":"2022-10-06T11:32:22","date_gmt":"2022-10-06T11:32:22","guid":{"rendered":"https:\/\/www.estedem.com\/tr\/?page_id=2307"},"modified":"2022-10-06T11:37:48","modified_gmt":"2022-10-06T11:37:48","slug":"cilt-yenileme-ve-bakim-cihazlari","status":"publish","type":"page","link":"https:\/\/www.estedem.com\/tr\/cilt-yenileme-ve-bakim-cihazlari\/","title":{"rendered":"C\u0130LT YEN\u0130LEME ve BAKIM C\u0130HAZLARI"},"content":{"rendered":"<div class=\"woocommerce columns-4 \"><ul class=\"products columns-4\">\n<li class=\"product type-product post-2252 status-publish first instock product_cat-cilt-yenileme-bakim-cihazlari has-post-thumbnail shipping-taxable product-type-simple\">\n\t<\/li>\n<li class=\"product type-product post-2151 status-publish instock product_cat-cilt-yenileme-bakim-cihazlari has-post-thumbnail shipping-taxable product-type-simple\">\n\t<\/li>\n<li class=\"product type-product post-2084 status-publish instock product_cat-cilt-yenileme-bakim-cihazlari has-post-thumbnail shipping-taxable product-type-simple\">\n\t<\/li>\n<li class=\"product type-product post-2074 status-publish last instock product_cat-cilt-yenileme-bakim-cihazlari has-post-thumbnail shipping-taxable product-type-simple\">\n\t<\/li>\n<\/ul>\n<\/div>\n","protected":false},"excerpt":{"rendered":"","protected":false},"author":1,"featured_media":0,"parent":0,"menu_order":0,"comment_status":"closed","ping_status":"closed","template":"","meta":{"h5ap_radio_sources":[],"footnotes":""},"class_list":["post-2307","page","type-page","status-publish","hentry"],"_links":{"self":[{"href":"https:\/\/www.estedem.com\/tr\/wp-json\/wp\/v2\/pages\/2307","targetHints":{"allow":["GET"]}}],"collection":[{"href":"https:\/\/www.estedem.com\/tr\/wp-json\/wp\/v2\/pages"}],"about":[{"href":"https:\/\/www.estedem.com\/tr\/wp-json\/wp\/v2\/types\/page"}],"author":[{"embeddable":true,"href":"https:\/\/www.estedem.com\/tr\/wp-json\/wp\/v2\/users\/1"}],"replies":[{"embeddable":true,"href":"https:\/\/www.estedem.com\/tr\/wp-json\/wp\/v2\/comments?post=2307"}],"version-history":[{"count":2,"href":"https:\/\/www.estedem.com\/tr\/wp-json\/wp\/v2\/pages\/2307\/revisions"}],"predecessor-version":[{"id":2310,"href":"https:\/\/www.estedem.com\/tr\/wp-json\/wp\/v2\/pages\/2307\/revisions\/2310"}],"wp:attachment":[{"href":"https:\/\/www.estedem.com\/tr\/wp-json\/wp\/v2\/media?parent=2307"}],"curies":[{"name":"wp","href":"https:\/\/api.w.org\/{rel}","templated":true}]}}