  
{"id":220,"date":"2019-01-18T11:55:01","date_gmt":"2019-01-18T11:55:01","guid":{"rendered":"http:\/\/www.estedem.com\/?page_id=220"},"modified":"2019-02-14T10:44:18","modified_gmt":"2019-02-14T10:44:18","slug":"bita-estetik","status":"publish","type":"page","link":"https:\/\/www.estedem.com\/tr\/bita-estetik\/","title":{"rendered":"Bita Estetik"},"content":{"rendered":"<div id=\"pl-220\"  class=\"panel-layout\" ><div id=\"pg-220-0\"  class=\"panel-grid panel-no-style\" ><div id=\"pgc-220-0-0\"  class=\"panel-grid-cell\" ><div id=\"panel-220-0-0-0\" class=\"so-panel widget widget_sow-editor panel-first-child panel-last-child\" data-index=\"0\" ><div\n\t\t\t\n\t\t\tclass=\"so-widget-sow-editor so-widget-sow-editor-base\"\n\t\t\t\n\t\t>\n<div class=\"siteorigin-widget-tinymce textwidget\">\n\t<p>Adres: B\u00fcy\u00fckesat Mahallesi, U\u011fur Mumcu Cd. 64\/6, 06700 \u00c7ankaya\/Ankara<\/p>\n<p>&nbsp;<\/p>\n<\/div>\n<\/div><\/div><\/div><div id=\"pgc-220-0-1\"  class=\"panel-grid-cell\" ><div id=\"panel-220-0-1-0\" class=\"so-panel widget widget_sow-image panel-first-child panel-last-child\" data-index=\"1\" ><div\n\t\t\t\n\t\t\tclass=\"so-widget-sow-image so-widget-sow-image-default-8b5b6f678277-220\"\n\t\t\t\n\t\t>\n<div class=\"sow-image-container\">\n\t\t<img \n\tsrc=\"https:\/\/www.estedem.com\/tr\/wp-content\/uploads\/2019\/02\/4c7b46cd-859e-48b9-b69f-32cc9643d071-2.jpg\" width=\"1200\" height=\"1600\" srcset=\"https:\/\/www.estedem.com\/tr\/wp-content\/uploads\/2019\/02\/4c7b46cd-859e-48b9-b69f-32cc9643d071-2.jpg 1200w, https:\/\/www.estedem.com\/tr\/wp-content\/uploads\/2019\/02\/4c7b46cd-859e-48b9-b69f-32cc9643d071-2-225x300.jpg 225w, https:\/\/www.estedem.com\/tr\/wp-content\/uploads\/2019\/02\/4c7b46cd-859e-48b9-b69f-32cc9643d071-2-768x1024.jpg 768w\" sizes=\"(max-width: 1200px) 100vw, 1200px\" title=\"4c7b46cd-859e-48b9-b69f-32cc9643d071\" alt=\"\" \t\tclass=\"so-widget-image\"\/>\n\t<\/div>\n\n<\/div><\/div><\/div><\/div><div id=\"pg-220-1\"  class=\"panel-grid panel-no-style\" ><div id=\"pgc-220-1-0\"  class=\"panel-grid-cell\" ><div id=\"panel-220-1-0-0\" class=\"so-panel widget widget_sow-image panel-first-child panel-last-child\" data-index=\"2\" ><div\n\t\t\t\n\t\t\tclass=\"so-widget-sow-image so-widget-sow-image-default-8b5b6f678277-220\"\n\t\t\t\n\t\t>\n<div class=\"sow-image-container\">\n\t\t<img \n\tsrc=\"https:\/\/www.estedem.com\/tr\/wp-content\/uploads\/2019\/02\/bita.jpg\" width=\"1000\" height=\"1000\" srcset=\"https:\/\/www.estedem.com\/tr\/wp-content\/uploads\/2019\/02\/bita.jpg 1000w, https:\/\/www.estedem.com\/tr\/wp-content\/uploads\/2019\/02\/bita-150x150.jpg 150w, https:\/\/www.estedem.com\/tr\/wp-content\/uploads\/2019\/02\/bita-300x300.jpg 300w, https:\/\/www.estedem.com\/tr\/wp-content\/uploads\/2019\/02\/bita-768x768.jpg 768w\" sizes=\"(max-width: 1000px) 100vw, 1000px\" title=\"Bita.cdr\" alt=\"\" \t\tclass=\"so-widget-image\"\/>\n\t<\/div>\n\n<\/div><\/div><\/div><div id=\"pgc-220-1-1\"  class=\"panel-grid-cell\" ><div id=\"panel-220-1-1-0\" class=\"so-panel widget widget_media_video panel-first-child panel-last-child\" data-index=\"3\" ><div style=\"width:100%;\" class=\"wp-video\"><video class=\"wp-video-shortcode\" id=\"video-220-1\" preload=\"metadata\" controls=\"controls\"><source type=\"video\/mp4\" src=\"https:\/\/www.estedem.com\/tr\/wp-content\/uploads\/2019\/01\/WhatsApp-Video-2019-01-17-at-11.57.38-1.mp4?_=1\" \/><source type=\"video\/mp4\" src=\"http:\/\/www.estedem.com\/wp-content\/uploads\/2019\/01\/WhatsApp-Video-2019-01-17-at-11.57.38-1.mp4?_=1\" \/><a href=\"https:\/\/www.estedem.com\/tr\/wp-content\/uploads\/2019\/01\/WhatsApp-Video-2019-01-17-at-11.57.38-1.mp4\">https:\/\/www.estedem.com\/tr\/wp-content\/uploads\/2019\/01\/WhatsApp-Video-2019-01-17-at-11.57.38-1.mp4<\/a><\/video><\/div><\/div><\/div><\/div><\/div>","protected":false},"excerpt":{"rendered":"<p>Adres: B\u00fcy\u00fckesat Mahallesi, U\u011fur Mumcu Cd. 64\/6, 06700 \u00c7ankaya\/Ankara &nbsp;<\/p>\n","protected":false},"author":1,"featured_media":0,"parent":0,"menu_order":0,"comment_status":"closed","ping_status":"closed","template":"","meta":{"h5ap_radio_sources":[],"footnotes":""},"class_list":["post-220","page","type-page","status-publish","hentry"],"_links":{"self":[{"href":"https:\/\/www.estedem.com\/tr\/wp-json\/wp\/v2\/pages\/220","targetHints":{"allow":["GET"]}}],"collection":[{"href":"https:\/\/www.estedem.com\/tr\/wp-json\/wp\/v2\/pages"}],"about":[{"href":"https:\/\/www.estedem.com\/tr\/wp-json\/wp\/v2\/types\/page"}],"author":[{"embeddable":true,"href":"https:\/\/www.estedem.com\/tr\/wp-json\/wp\/v2\/users\/1"}],"replies":[{"embeddable":true,"href":"https:\/\/www.estedem.com\/tr\/wp-json\/wp\/v2\/comments?post=220"}],"version-history":[{"count":14,"href":"https:\/\/www.estedem.com\/tr\/wp-json\/wp\/v2\/pages\/220\/revisions"}],"predecessor-version":[{"id":1252,"href":"https:\/\/www.estedem.com\/tr\/wp-json\/wp\/v2\/pages\/220\/revisions\/1252"}],"wp:attachment":[{"href":"https:\/\/www.estedem.com\/tr\/wp-json\/wp\/v2\/media?parent=220"}],"curies":[{"name":"wp","href":"https:\/\/api.w.org\/{rel}","templated":true}]}}