  
{"id":2178,"date":"2022-09-29T11:47:32","date_gmt":"2022-09-29T11:47:32","guid":{"rendered":"https:\/\/www.estedem.com\/tr\/?page_id=2178"},"modified":"2022-09-29T13:02:43","modified_gmt":"2022-09-29T13:02:43","slug":"form-fit-guzellik-merkezi-2","status":"publish","type":"page","link":"https:\/\/www.estedem.com\/tr\/form-fit-guzellik-merkezi-2\/","title":{"rendered":"FORM F\u0130T G\u00dcZELL\u0130K MERKEZ\u0130"},"content":{"rendered":"<div id=\"pl-2178\"  class=\"panel-layout\" ><div id=\"pg-2178-0\"  class=\"panel-grid panel-no-style\" ><div id=\"pgc-2178-0-0\"  class=\"panel-grid-cell\" ><div id=\"panel-2178-0-0-0\" class=\"so-panel widget widget_sow-editor panel-first-child panel-last-child\" data-index=\"0\" ><div\n\t\t\t\n\t\t\tclass=\"so-widget-sow-editor so-widget-sow-editor-base\"\n\t\t\t\n\t\t>\n<div class=\"siteorigin-widget-tinymce textwidget\">\n\t<p><strong>\u015eekerhane Mahallesi.Kerim<\/strong> <strong>\u00c7a\u011f\u0131r\u0131c\u0131<\/strong><strong>\u00a0Sok. Kellecio\u011flu Apt.No:13\/3<\/strong><\/p>\n<p><strong>Alanya\/ANTALYA<\/strong><\/p>\n<\/div>\n<\/div><\/div><\/div><div id=\"pgc-2178-0-1\"  class=\"panel-grid-cell\" ><div id=\"panel-2178-0-1-0\" class=\"so-panel widget widget_sow-image panel-first-child panel-last-child\" data-index=\"1\" ><div\n\t\t\t\n\t\t\tclass=\"so-widget-sow-image so-widget-sow-image-default-8b5b6f678277-2178\"\n\t\t\t\n\t\t>\n<div class=\"sow-image-container\">\n\t\t<img \n\tsrc=\"https:\/\/www.estedem.com\/tr\/wp-content\/uploads\/2022\/09\/1664448605974.jpg\" width=\"1080\" height=\"1227\" srcset=\"https:\/\/www.estedem.com\/tr\/wp-content\/uploads\/2022\/09\/1664448605974.jpg 1080w, https:\/\/www.estedem.com\/tr\/wp-content\/uploads\/2022\/09\/1664448605974-264x300.jpg 264w, https:\/\/www.estedem.com\/tr\/wp-content\/uploads\/2022\/09\/1664448605974-901x1024.jpg 901w, https:\/\/www.estedem.com\/tr\/wp-content\/uploads\/2022\/09\/1664448605974-768x873.jpg 768w, https:\/\/www.estedem.com\/tr\/wp-content\/uploads\/2022\/09\/1664448605974-600x682.jpg 600w\" sizes=\"(max-width: 1080px) 100vw, 1080px\" alt=\"\" \t\tclass=\"so-widget-image\"\/>\n\t<\/div>\n\n<\/div><\/div><\/div><div id=\"pgc-2178-0-2\"  class=\"panel-grid-cell\" ><div id=\"panel-2178-0-2-0\" class=\"so-panel widget widget_sow-image panel-first-child panel-last-child\" data-index=\"2\" ><div\n\t\t\t\n\t\t\tclass=\"so-widget-sow-image so-widget-sow-image-default-8b5b6f678277-2178\"\n\t\t\t\n\t\t>\n<div class=\"sow-image-container\">\n\t\t<img \n\tsrc=\"https:\/\/www.estedem.com\/tr\/wp-content\/uploads\/2022\/09\/1664448605957.jpg\" width=\"1080\" height=\"1294\" srcset=\"https:\/\/www.estedem.com\/tr\/wp-content\/uploads\/2022\/09\/1664448605957.jpg 1080w, https:\/\/www.estedem.com\/tr\/wp-content\/uploads\/2022\/09\/1664448605957-250x300.jpg 250w, https:\/\/www.estedem.com\/tr\/wp-content\/uploads\/2022\/09\/1664448605957-855x1024.jpg 855w, https:\/\/www.estedem.com\/tr\/wp-content\/uploads\/2022\/09\/1664448605957-768x920.jpg 768w, https:\/\/www.estedem.com\/tr\/wp-content\/uploads\/2022\/09\/1664448605957-600x719.jpg 600w\" sizes=\"(max-width: 1080px) 100vw, 1080px\" alt=\"\" \t\tclass=\"so-widget-image\"\/>\n\t<\/div>\n\n<\/div><\/div><\/div><\/div><\/div>","protected":false},"excerpt":{"rendered":"<p>\u015eekerhane Mahallesi.Kerim \u00c7a\u011f\u0131r\u0131c\u0131\u00a0Sok. Kellecio\u011flu Apt.No:13\/3 Alanya\/ANTALYA<\/p>\n","protected":false},"author":3,"featured_media":0,"parent":0,"menu_order":0,"comment_status":"closed","ping_status":"closed","template":"","meta":{"h5ap_radio_sources":[],"footnotes":""},"class_list":["post-2178","page","type-page","status-publish","hentry"],"_links":{"self":[{"href":"https:\/\/www.estedem.com\/tr\/wp-json\/wp\/v2\/pages\/2178","targetHints":{"allow":["GET"]}}],"collection":[{"href":"https:\/\/www.estedem.com\/tr\/wp-json\/wp\/v2\/pages"}],"about":[{"href":"https:\/\/www.estedem.com\/tr\/wp-json\/wp\/v2\/types\/page"}],"author":[{"embeddable":true,"href":"https:\/\/www.estedem.com\/tr\/wp-json\/wp\/v2\/users\/3"}],"replies":[{"embeddable":true,"href":"https:\/\/www.estedem.com\/tr\/wp-json\/wp\/v2\/comments?post=2178"}],"version-history":[{"count":14,"href":"https:\/\/www.estedem.com\/tr\/wp-json\/wp\/v2\/pages\/2178\/revisions"}],"predecessor-version":[{"id":2225,"href":"https:\/\/www.estedem.com\/tr\/wp-json\/wp\/v2\/pages\/2178\/revisions\/2225"}],"wp:attachment":[{"href":"https:\/\/www.estedem.com\/tr\/wp-json\/wp\/v2\/media?parent=2178"}],"curies":[{"name":"wp","href":"https:\/\/api.w.org\/{rel}","templated":true}]}}