  
{"id":208,"date":"2019-01-18T11:50:00","date_gmt":"2019-01-18T11:50:00","guid":{"rendered":"http:\/\/www.estedem.com\/?page_id=208"},"modified":"2019-09-21T10:12:57","modified_gmt":"2019-09-21T10:12:57","slug":"haremm-guzellik","status":"publish","type":"page","link":"https:\/\/www.estedem.com\/tr\/haremm-guzellik\/","title":{"rendered":"Haremm G\u00fczellik"},"content":{"rendered":"<div id=\"pl-208\"  class=\"panel-layout\" ><div id=\"pg-208-0\"  class=\"panel-grid panel-no-style\" ><div id=\"pgc-208-0-0\"  class=\"panel-grid-cell\" ><div id=\"panel-208-0-0-0\" class=\"so-panel widget widget_sow-editor panel-first-child panel-last-child\" data-index=\"0\" ><div\n\t\t\t\n\t\t\tclass=\"so-widget-sow-editor so-widget-sow-editor-base\"\n\t\t\t\n\t\t>\n<div class=\"siteorigin-widget-tinymce textwidget\">\n\t<p>&nbsp;<\/p>\n<p>&nbsp;<\/p>\n<p><span class=\"w8qArf\">Adres:\u00a0<\/span><span class=\"LrzXr\">Mutlukent, Hekimk\u00f6y Sitesi No.9 \u00dcmitk\u00f6y \u00c7ankaya ANKARA 06810, 1921. Cd. 06810 \u00c7ankaya\/Ankara<\/span><\/p>\n<p>Telefon: (0312) 235 84 04<\/p>\n<\/div>\n<\/div><\/div><\/div><div id=\"pgc-208-0-1\"  class=\"panel-grid-cell\" ><div id=\"panel-208-0-1-0\" class=\"so-panel widget widget_sow-image panel-first-child panel-last-child\" data-index=\"1\" ><div\n\t\t\t\n\t\t\tclass=\"so-widget-sow-image so-widget-sow-image-default-8b5b6f678277-208\"\n\t\t\t\n\t\t>\n<div class=\"sow-image-container\">\n\t\t<img \n\tsrc=\"https:\/\/www.estedem.com\/tr\/wp-content\/uploads\/2019\/09\/IMG_7565.jpg\" width=\"750\" height=\"937\" srcset=\"https:\/\/www.estedem.com\/tr\/wp-content\/uploads\/2019\/09\/IMG_7565.jpg 750w, https:\/\/www.estedem.com\/tr\/wp-content\/uploads\/2019\/09\/IMG_7565-240x300.jpg 240w\" sizes=\"(max-width: 750px) 100vw, 750px\" alt=\"\" \t\tclass=\"so-widget-image\"\/>\n\t<\/div>\n\n<\/div><\/div><\/div><\/div><div id=\"pg-208-1\"  class=\"panel-grid panel-no-style\" ><div id=\"pgc-208-1-0\"  class=\"panel-grid-cell panel-grid-cell-mobile-last\" ><div id=\"panel-208-1-0-0\" class=\"so-panel widget widget_media_video panel-first-child panel-last-child\" data-index=\"2\" ><div style=\"width:100%;\" class=\"wp-video\"><video class=\"wp-video-shortcode\" id=\"video-208-1\" preload=\"metadata\" controls=\"controls\"><source type=\"video\/mp4\" src=\"https:\/\/www.estedem.com\/tr\/wp-content\/uploads\/2019\/02\/IMG_3408-_1_-_1_-1.mp4?_=1\" \/><source type=\"video\/mp4\" src=\"https:\/\/www.estedem.com\/tr\/wp-content\/uploads\/2019\/02\/IMG_3408-_1_-_1_-1.mp4?_=1\" \/><a href=\"https:\/\/www.estedem.com\/tr\/wp-content\/uploads\/2019\/02\/IMG_3408-_1_-_1_-1.mp4\">https:\/\/www.estedem.com\/tr\/wp-content\/uploads\/2019\/02\/IMG_3408-_1_-_1_-1.mp4<\/a><\/video><\/div><\/div><\/div><div id=\"pgc-208-1-1\"  class=\"panel-grid-cell panel-grid-cell-empty\" ><\/div><\/div><\/div>","protected":false},"excerpt":{"rendered":"<p>&nbsp; &nbsp; Adres:\u00a0Mutlukent, Hekimk\u00f6y Sitesi No.9 \u00dcmitk\u00f6y \u00c7ankaya ANKARA 06810, 1921. Cd. 06810 \u00c7ankaya\/Ankara Telefon: (0312) 235 84 04<\/p>\n","protected":false},"author":1,"featured_media":0,"parent":0,"menu_order":0,"comment_status":"closed","ping_status":"closed","template":"","meta":{"h5ap_radio_sources":[],"footnotes":""},"class_list":["post-208","page","type-page","status-publish","hentry"],"_links":{"self":[{"href":"https:\/\/www.estedem.com\/tr\/wp-json\/wp\/v2\/pages\/208","targetHints":{"allow":["GET"]}}],"collection":[{"href":"https:\/\/www.estedem.com\/tr\/wp-json\/wp\/v2\/pages"}],"about":[{"href":"https:\/\/www.estedem.com\/tr\/wp-json\/wp\/v2\/types\/page"}],"author":[{"embeddable":true,"href":"https:\/\/www.estedem.com\/tr\/wp-json\/wp\/v2\/users\/1"}],"replies":[{"embeddable":true,"href":"https:\/\/www.estedem.com\/tr\/wp-json\/wp\/v2\/comments?post=208"}],"version-history":[{"count":20,"href":"https:\/\/www.estedem.com\/tr\/wp-json\/wp\/v2\/pages\/208\/revisions"}],"predecessor-version":[{"id":1623,"href":"https:\/\/www.estedem.com\/tr\/wp-json\/wp\/v2\/pages\/208\/revisions\/1623"}],"wp:attachment":[{"href":"https:\/\/www.estedem.com\/tr\/wp-json\/wp\/v2\/media?parent=208"}],"curies":[{"name":"wp","href":"https:\/\/api.w.org\/{rel}","templated":true}]}}