  
{"id":202,"date":"2019-01-18T11:47:56","date_gmt":"2019-01-18T11:47:56","guid":{"rendered":"http:\/\/www.estedem.com\/?page_id=202"},"modified":"2019-02-18T10:17:25","modified_gmt":"2019-02-18T10:17:25","slug":"beautyline-guzellik","status":"publish","type":"page","link":"https:\/\/www.estedem.com\/tr\/beautyline-guzellik\/","title":{"rendered":"Beautyline G\u00fczellik"},"content":{"rendered":"<div id=\"pl-202\"  class=\"panel-layout\" ><div id=\"pg-202-0\"  class=\"panel-grid panel-no-style\" ><div id=\"pgc-202-0-0\"  class=\"panel-grid-cell\" ><div id=\"panel-202-0-0-0\" class=\"so-panel widget widget_sow-editor panel-first-child panel-last-child\" data-index=\"0\" ><div\n\t\t\t\n\t\t\tclass=\"so-widget-sow-editor so-widget-sow-editor-base\"\n\t\t\t\n\t\t>\n<div class=\"siteorigin-widget-tinymce textwidget\">\n\t<p><span style=\"color: #333333;\"><span style=\"font-family: Arial; font-size: small;\">Adres:<\/span><span style=\"font-family: Arial; font-size: small;\">\u00a0Ahmet Taner K\u0131\u015flal\u0131 Mahallesi<\/span><\/span><span style=\"color: #333333; font-family: Arial; font-size: small;\">\u00a02866 Sokak (Park Caddesi) No: 59 \u00dcmitk\u00f6y\/Ankara<\/span><\/p>\n<p><span style=\"color: #333333;\"><span style=\"font-family: Arial; font-size: small;\">Telefon :\u00a0<\/span><span style=\"font-family: Arial; font-size: small;\">0 (312) 240 18 40 - 240 18 41<\/span><\/span><\/p>\n<p><span style=\"color: #333333;\"><span style=\"font-family: Arial; font-size: small;\">Faks:\u00a0<\/span><span style=\"font-family: Arial; font-size: small;\">0 (312) 240 19 40<\/span><\/span><\/p>\n<p><span style=\"color: #333333;\"><span style=\"font-family: Arial; font-size: small;\">Bilgi:\u00a0<\/span><span style=\"font-family: Arial; font-size: small;\"><a style=\"color: #333333;\" href=\"mailto:bilgi@beautyline.com.tr\">bilgi@beautyline.com.tr<\/a><\/span><\/span><\/p>\n<p><a href=\"http:\/\/beautyline.com.tr\/\">http:\/\/www.beautyline.com.tr<\/a><\/p>\n<\/div>\n<\/div><\/div><\/div><div id=\"pgc-202-0-1\"  class=\"panel-grid-cell\" ><div id=\"panel-202-0-1-0\" class=\"so-panel widget widget_sow-image panel-first-child panel-last-child\" data-index=\"1\" ><div\n\t\t\t\n\t\t\tclass=\"so-widget-sow-image so-widget-sow-image-default-8b5b6f678277-202\"\n\t\t\t\n\t\t>\n<div class=\"sow-image-container\">\n\t\t<img \n\tsrc=\"https:\/\/www.estedem.com\/tr\/wp-content\/uploads\/2019\/02\/634ba931-6409-4d8b-980d-b24e8b9e365d-1.jpg\" width=\"1200\" height=\"1600\" srcset=\"https:\/\/www.estedem.com\/tr\/wp-content\/uploads\/2019\/02\/634ba931-6409-4d8b-980d-b24e8b9e365d-1.jpg 1200w, https:\/\/www.estedem.com\/tr\/wp-content\/uploads\/2019\/02\/634ba931-6409-4d8b-980d-b24e8b9e365d-1-225x300.jpg 225w, https:\/\/www.estedem.com\/tr\/wp-content\/uploads\/2019\/02\/634ba931-6409-4d8b-980d-b24e8b9e365d-1-768x1024.jpg 768w\" sizes=\"(max-width: 1200px) 100vw, 1200px\" title=\"634ba931-6409-4d8b-980d-b24e8b9e365d\" alt=\"\" \t\tclass=\"so-widget-image\"\/>\n\t<\/div>\n\n<\/div><\/div><\/div><\/div><div id=\"pg-202-1\"  class=\"panel-grid panel-no-style\" ><div id=\"pgc-202-1-0\"  class=\"panel-grid-cell\" ><div id=\"panel-202-1-0-0\" class=\"so-panel widget widget_sow-image panel-first-child panel-last-child\" data-index=\"2\" ><div\n\t\t\t\n\t\t\tclass=\"so-widget-sow-image so-widget-sow-image-default-8b5b6f678277-202\"\n\t\t\t\n\t\t>\n<div class=\"sow-image-container\">\n\t\t<img \n\tsrc=\"https:\/\/www.estedem.com\/tr\/wp-content\/uploads\/2019\/02\/6f87b578-0fa3-4120-a302-bf090b565693-1.jpg\" width=\"902\" height=\"1600\" srcset=\"https:\/\/www.estedem.com\/tr\/wp-content\/uploads\/2019\/02\/6f87b578-0fa3-4120-a302-bf090b565693-1.jpg 902w, https:\/\/www.estedem.com\/tr\/wp-content\/uploads\/2019\/02\/6f87b578-0fa3-4120-a302-bf090b565693-1-169x300.jpg 169w, https:\/\/www.estedem.com\/tr\/wp-content\/uploads\/2019\/02\/6f87b578-0fa3-4120-a302-bf090b565693-1-768x1362.jpg 768w, https:\/\/www.estedem.com\/tr\/wp-content\/uploads\/2019\/02\/6f87b578-0fa3-4120-a302-bf090b565693-1-577x1024.jpg 577w\" sizes=\"(max-width: 902px) 100vw, 902px\" title=\"6f87b578-0fa3-4120-a302-bf090b565693\" alt=\"\" \t\tclass=\"so-widget-image\"\/>\n\t<\/div>\n\n<\/div><\/div><\/div><div id=\"pgc-202-1-1\"  class=\"panel-grid-cell\" ><div id=\"panel-202-1-1-0\" class=\"so-panel widget widget_media_video panel-first-child panel-last-child\" data-index=\"3\" ><div style=\"width:100%;\" class=\"wp-video\"><video class=\"wp-video-shortcode\" id=\"video-202-1\" preload=\"metadata\" controls=\"controls\"><source type=\"video\/mp4\" src=\"https:\/\/www.estedem.com\/tr\/wp-content\/uploads\/2019\/01\/WhatsApp-Video-2019-01-17-at-11.57.38-1.mp4?_=1\" \/><source type=\"video\/mp4\" src=\"http:\/\/www.estedem.com\/wp-content\/uploads\/2019\/01\/WhatsApp-Video-2019-01-17-at-11.57.38-1.mp4?_=1\" \/><a href=\"https:\/\/www.estedem.com\/tr\/wp-content\/uploads\/2019\/01\/WhatsApp-Video-2019-01-17-at-11.57.38-1.mp4\">https:\/\/www.estedem.com\/tr\/wp-content\/uploads\/2019\/01\/WhatsApp-Video-2019-01-17-at-11.57.38-1.mp4<\/a><\/video><\/div><\/div><\/div><\/div><\/div>","protected":false},"excerpt":{"rendered":"<p>Adres:\u00a0Ahmet Taner K\u0131\u015flal\u0131 Mahallesi\u00a02866 Sokak (Park Caddesi) No: 59 \u00dcmitk\u00f6y\/Ankara Telefon :\u00a00 (312) 240 18 40 &#8211; 240 18 41 Faks:\u00a00 (312) 240 19 40 Bilgi:\u00a0bilgi@beautyline.com.tr http:\/\/www.beautyline.com.tr<\/p>\n","protected":false},"author":1,"featured_media":0,"parent":0,"menu_order":0,"comment_status":"closed","ping_status":"closed","template":"","meta":{"h5ap_radio_sources":[],"footnotes":""},"class_list":["post-202","page","type-page","status-publish","hentry"],"_links":{"self":[{"href":"https:\/\/www.estedem.com\/tr\/wp-json\/wp\/v2\/pages\/202","targetHints":{"allow":["GET"]}}],"collection":[{"href":"https:\/\/www.estedem.com\/tr\/wp-json\/wp\/v2\/pages"}],"about":[{"href":"https:\/\/www.estedem.com\/tr\/wp-json\/wp\/v2\/types\/page"}],"author":[{"embeddable":true,"href":"https:\/\/www.estedem.com\/tr\/wp-json\/wp\/v2\/users\/1"}],"replies":[{"embeddable":true,"href":"https:\/\/www.estedem.com\/tr\/wp-json\/wp\/v2\/comments?post=202"}],"version-history":[{"count":18,"href":"https:\/\/www.estedem.com\/tr\/wp-json\/wp\/v2\/pages\/202\/revisions"}],"predecessor-version":[{"id":1470,"href":"https:\/\/www.estedem.com\/tr\/wp-json\/wp\/v2\/pages\/202\/revisions\/1470"}],"wp:attachment":[{"href":"https:\/\/www.estedem.com\/tr\/wp-json\/wp\/v2\/media?parent=202"}],"curies":[{"name":"wp","href":"https:\/\/api.w.org\/{rel}","templated":true}]}}