  
{"id":199,"date":"2019-01-18T11:47:22","date_gmt":"2019-01-18T11:47:22","guid":{"rendered":"http:\/\/www.estedem.com\/?page_id=199"},"modified":"2019-02-16T09:31:16","modified_gmt":"2019-02-16T09:31:16","slug":"vog-estetik","status":"publish","type":"page","link":"https:\/\/www.estedem.com\/tr\/vog-estetik\/","title":{"rendered":"Vog Estetik"},"content":{"rendered":"<div id=\"pl-199\"  class=\"panel-layout\" ><div id=\"pg-199-0\"  class=\"panel-grid panel-no-style\" ><div id=\"pgc-199-0-0\"  class=\"panel-grid-cell\" ><div id=\"panel-199-0-0-0\" class=\"so-panel widget widget_sow-editor panel-first-child panel-last-child\" data-index=\"0\" ><div\n\t\t\t\n\t\t\tclass=\"so-widget-sow-editor so-widget-sow-editor-base\"\n\t\t\t\n\t\t>\n<div class=\"siteorigin-widget-tinymce textwidget\">\n\t<p>18 y\u0131ll\u0131k derin tecr\u00fcbe ve bilgi deneyimlerini en son teknoloji ile birle\u015ftirerek siz de\u011ferli m\u00fc\u015fterilerine kaliteli hizmet vermeyi ama\u00e7 edinmi\u015ftir....<\/p>\n<div class=\"vc_custom_heading\">Adres:\u00a0Ahmet Taner K\u0131\u015flal\u0131 Mahallesi 2846. Sokak \u0130lko Villalar\u0131 No:3\u00a0\u00c7ayyolu\/ANKARA<\/div>\n<div>Telefon: 0312 241 00 15<\/div>\n<div>Mail: vog@vogestetik.com<\/div>\n<p><a href=\"http:\/\/www.vogestetik.com\/\">vogestetik.com\/<\/a><\/p>\n<p>&nbsp;<\/p>\n<\/div>\n<\/div><\/div><\/div><div id=\"pgc-199-0-1\"  class=\"panel-grid-cell\" ><div id=\"panel-199-0-1-0\" class=\"so-panel widget widget_sow-image panel-first-child panel-last-child\" data-index=\"1\" ><div\n\t\t\t\n\t\t\tclass=\"so-widget-sow-image so-widget-sow-image-default-8b5b6f678277-199\"\n\t\t\t\n\t\t>\n<div class=\"sow-image-container\">\n\t\t<img \n\tsrc=\"https:\/\/www.estedem.com\/tr\/wp-content\/uploads\/2019\/02\/VOG.jpg\" width=\"439\" height=\"573\" srcset=\"https:\/\/www.estedem.com\/tr\/wp-content\/uploads\/2019\/02\/VOG.jpg 439w, https:\/\/www.estedem.com\/tr\/wp-content\/uploads\/2019\/02\/VOG-230x300.jpg 230w\" sizes=\"(max-width: 439px) 100vw, 439px\" alt=\"\" \t\tclass=\"so-widget-image\"\/>\n\t<\/div>\n\n<\/div><\/div><\/div><\/div><div id=\"pg-199-1\"  class=\"panel-grid panel-no-style\" ><div id=\"pgc-199-1-0\"  class=\"panel-grid-cell\" ><div id=\"panel-199-1-0-0\" class=\"so-panel widget widget_sow-image panel-first-child panel-last-child\" data-index=\"2\" ><div\n\t\t\t\n\t\t\tclass=\"so-widget-sow-image so-widget-sow-image-default-8b5b6f678277-199\"\n\t\t\t\n\t\t>\n<div class=\"sow-image-container\">\n\t\t<img \n\tsrc=\"https:\/\/www.estedem.com\/tr\/wp-content\/uploads\/2019\/02\/IMG_2912.jpg\" width=\"960\" height=\"740\" srcset=\"https:\/\/www.estedem.com\/tr\/wp-content\/uploads\/2019\/02\/IMG_2912.jpg 960w, https:\/\/www.estedem.com\/tr\/wp-content\/uploads\/2019\/02\/IMG_2912-300x231.jpg 300w, https:\/\/www.estedem.com\/tr\/wp-content\/uploads\/2019\/02\/IMG_2912-768x592.jpg 768w\" sizes=\"(max-width: 960px) 100vw, 960px\" alt=\"\" \t\tclass=\"so-widget-image\"\/>\n\t<\/div>\n\n<\/div><\/div><\/div><div id=\"pgc-199-1-1\"  class=\"panel-grid-cell\" ><div id=\"panel-199-1-1-0\" class=\"so-panel widget widget_media_video panel-first-child panel-last-child\" data-index=\"3\" ><div style=\"width:100%;\" class=\"wp-video\"><video class=\"wp-video-shortcode\" id=\"video-199-1\" preload=\"metadata\" controls=\"controls\"><source type=\"video\/mp4\" src=\"https:\/\/www.estedem.com\/tr\/wp-content\/uploads\/2019\/02\/IMG_3411-_2_.mp4?_=1\" \/><source type=\"video\/mp4\" src=\"https:\/\/www.estedem.com\/tr\/wp-content\/uploads\/2019\/02\/IMG_3411-_2_.mp4?_=1\" \/><a href=\"https:\/\/www.estedem.com\/tr\/wp-content\/uploads\/2019\/02\/IMG_3411-_2_.mp4\">https:\/\/www.estedem.com\/tr\/wp-content\/uploads\/2019\/02\/IMG_3411-_2_.mp4<\/a><\/video><\/div><\/div><\/div><\/div><\/div>","protected":false},"excerpt":{"rendered":"<p>18 y\u0131ll\u0131k derin tecr\u00fcbe ve bilgi deneyimlerini en son teknoloji ile birle\u015ftirerek siz de\u011ferli m\u00fc\u015fterilerine kaliteli hizmet vermeyi ama\u00e7 edinmi\u015ftir&#8230;. Adres:\u00a0Ahmet Taner K\u0131\u015flal\u0131 Mahallesi 2846. Sokak \u0130lko Villalar\u0131 No:3\u00a0\u00c7ayyolu\/ANKARA Telefon: 0312 241 00 15 Mail: vog@vogestetik.com vogestetik.com\/ &nbsp;<\/p>\n","protected":false},"author":1,"featured_media":0,"parent":0,"menu_order":0,"comment_status":"closed","ping_status":"closed","template":"","meta":{"h5ap_radio_sources":[],"footnotes":""},"class_list":["post-199","page","type-page","status-publish","hentry"],"_links":{"self":[{"href":"https:\/\/www.estedem.com\/tr\/wp-json\/wp\/v2\/pages\/199","targetHints":{"allow":["GET"]}}],"collection":[{"href":"https:\/\/www.estedem.com\/tr\/wp-json\/wp\/v2\/pages"}],"about":[{"href":"https:\/\/www.estedem.com\/tr\/wp-json\/wp\/v2\/types\/page"}],"author":[{"embeddable":true,"href":"https:\/\/www.estedem.com\/tr\/wp-json\/wp\/v2\/users\/1"}],"replies":[{"embeddable":true,"href":"https:\/\/www.estedem.com\/tr\/wp-json\/wp\/v2\/comments?post=199"}],"version-history":[{"count":40,"href":"https:\/\/www.estedem.com\/tr\/wp-json\/wp\/v2\/pages\/199\/revisions"}],"predecessor-version":[{"id":1466,"href":"https:\/\/www.estedem.com\/tr\/wp-json\/wp\/v2\/pages\/199\/revisions\/1466"}],"wp:attachment":[{"href":"https:\/\/www.estedem.com\/tr\/wp-json\/wp\/v2\/media?parent=199"}],"curies":[{"name":"wp","href":"https:\/\/api.w.org\/{rel}","templated":true}]}}