  
{"id":1980,"date":"2022-08-26T07:08:45","date_gmt":"2022-08-26T07:08:45","guid":{"rendered":"https:\/\/www.estedem.com\/tr\/?page_id=1980"},"modified":"2022-08-26T08:10:25","modified_gmt":"2022-08-26T08:10:25","slug":"funda-kurt-healthy-beauty","status":"publish","type":"page","link":"https:\/\/www.estedem.com\/tr\/funda-kurt-healthy-beauty\/","title":{"rendered":"FUNDA KURT HEALTHY BEAUTY"},"content":{"rendered":"<div id=\"pl-1980\"  class=\"panel-layout\" ><div id=\"pg-1980-0\"  class=\"panel-grid panel-no-style\" ><div id=\"pgc-1980-0-0\"  class=\"panel-grid-cell\" ><div id=\"panel-1980-0-0-0\" class=\"so-panel widget widget_sow-editor panel-first-child\" data-index=\"0\" ><div\n\t\t\t\n\t\t\tclass=\"so-widget-sow-editor so-widget-sow-editor-base\"\n\t\t\t\n\t\t>\n<div class=\"siteorigin-widget-tinymce textwidget\">\n\t<p>Kuzu Effect Ofis Oran Mah. Z\u00fclf\u00fc Tigrel Cad No:1\/2 \u0130\u00e7 Kap\u0131 No: 42, 06680 \u00c7ankaya\/Ankara<\/p>\n<\/div>\n<\/div><\/div><div id=\"panel-1980-0-0-1\" class=\"so-panel widget widget_sow-image panel-last-child\" data-index=\"1\" ><div\n\t\t\t\n\t\t\tclass=\"so-widget-sow-image so-widget-sow-image-default-8b5b6f678277-1980\"\n\t\t\t\n\t\t>\n<div class=\"sow-image-container\">\n\t\t<img \n\tsrc=\"https:\/\/www.estedem.com\/tr\/wp-content\/uploads\/2022\/08\/1661501119965.jpg\" width=\"829\" height=\"965\" srcset=\"https:\/\/www.estedem.com\/tr\/wp-content\/uploads\/2022\/08\/1661501119965.jpg 829w, https:\/\/www.estedem.com\/tr\/wp-content\/uploads\/2022\/08\/1661501119965-258x300.jpg 258w, https:\/\/www.estedem.com\/tr\/wp-content\/uploads\/2022\/08\/1661501119965-768x894.jpg 768w\" sizes=\"(max-width: 829px) 100vw, 829px\" alt=\"\" \t\tclass=\"so-widget-image\"\/>\n\t<\/div>\n\n<\/div><\/div><\/div><div id=\"pgc-1980-0-1\"  class=\"panel-grid-cell\" ><div id=\"panel-1980-0-1-0\" class=\"so-panel widget widget_sow-image panel-first-child\" data-index=\"2\" ><div\n\t\t\t\n\t\t\tclass=\"so-widget-sow-image so-widget-sow-image-default-8b5b6f678277-1980\"\n\t\t\t\n\t\t>\n<div class=\"sow-image-container\">\n\t\t<img \n\tsrc=\"https:\/\/www.estedem.com\/tr\/wp-content\/uploads\/2022\/08\/PHOTO-2022-08-26-09-48-17-1.jpg\" width=\"1024\" height=\"772\" srcset=\"https:\/\/www.estedem.com\/tr\/wp-content\/uploads\/2022\/08\/PHOTO-2022-08-26-09-48-17-1.jpg 1024w, https:\/\/www.estedem.com\/tr\/wp-content\/uploads\/2022\/08\/PHOTO-2022-08-26-09-48-17-1-300x226.jpg 300w, https:\/\/www.estedem.com\/tr\/wp-content\/uploads\/2022\/08\/PHOTO-2022-08-26-09-48-17-1-768x579.jpg 768w\" sizes=\"(max-width: 1024px) 100vw, 1024px\" title=\"PHOTO-2022-08-26-09-48-17 (1)\" alt=\"\" \t\tclass=\"so-widget-image\"\/>\n\t<\/div>\n\n<\/div><\/div><div id=\"panel-1980-0-1-1\" class=\"so-panel widget widget_sow-image panel-last-child\" data-index=\"3\" ><div\n\t\t\t\n\t\t\tclass=\"so-widget-sow-image so-widget-sow-image-default-8b5b6f678277-1980\"\n\t\t\t\n\t\t>\n<div class=\"sow-image-container\">\n\t\t<img \n\tsrc=\"https:\/\/www.estedem.com\/tr\/wp-content\/uploads\/2022\/08\/PHOTO-2022-08-26-09-48-17-3.jpg\" width=\"1024\" height=\"772\" srcset=\"https:\/\/www.estedem.com\/tr\/wp-content\/uploads\/2022\/08\/PHOTO-2022-08-26-09-48-17-3.jpg 1024w, https:\/\/www.estedem.com\/tr\/wp-content\/uploads\/2022\/08\/PHOTO-2022-08-26-09-48-17-3-300x226.jpg 300w, https:\/\/www.estedem.com\/tr\/wp-content\/uploads\/2022\/08\/PHOTO-2022-08-26-09-48-17-3-768x579.jpg 768w\" sizes=\"(max-width: 1024px) 100vw, 1024px\" title=\"PHOTO-2022-08-26-09-48-17 (3)\" alt=\"\" \t\tclass=\"so-widget-image\"\/>\n\t<\/div>\n\n<\/div><\/div><\/div><div id=\"pgc-1980-0-2\"  class=\"panel-grid-cell\" ><div id=\"panel-1980-0-2-0\" class=\"so-panel widget widget_sow-image panel-first-child\" data-index=\"4\" ><div\n\t\t\t\n\t\t\tclass=\"so-widget-sow-image so-widget-sow-image-default-8b5b6f678277-1980\"\n\t\t\t\n\t\t>\n<div class=\"sow-image-container\">\n\t\t<img \n\tsrc=\"https:\/\/www.estedem.com\/tr\/wp-content\/uploads\/2022\/08\/PHOTO-2022-08-26-09-48-17-5.jpg\" width=\"1024\" height=\"777\" srcset=\"https:\/\/www.estedem.com\/tr\/wp-content\/uploads\/2022\/08\/PHOTO-2022-08-26-09-48-17-5.jpg 1024w, https:\/\/www.estedem.com\/tr\/wp-content\/uploads\/2022\/08\/PHOTO-2022-08-26-09-48-17-5-300x228.jpg 300w, https:\/\/www.estedem.com\/tr\/wp-content\/uploads\/2022\/08\/PHOTO-2022-08-26-09-48-17-5-768x583.jpg 768w\" sizes=\"(max-width: 1024px) 100vw, 1024px\" title=\"PHOTO-2022-08-26-09-48-17 (5)\" alt=\"\" \t\tclass=\"so-widget-image\"\/>\n\t<\/div>\n\n<\/div><\/div><div id=\"panel-1980-0-2-1\" class=\"so-panel widget widget_sow-image panel-last-child\" data-index=\"5\" ><div\n\t\t\t\n\t\t\tclass=\"so-widget-sow-image so-widget-sow-image-default-8b5b6f678277-1980\"\n\t\t\t\n\t\t>\n<div class=\"sow-image-container\">\n\t\t<img \n\tsrc=\"https:\/\/www.estedem.com\/tr\/wp-content\/uploads\/2022\/08\/PHOTO-2022-08-26-09-48-17-2.jpg\" width=\"1024\" height=\"772\" srcset=\"https:\/\/www.estedem.com\/tr\/wp-content\/uploads\/2022\/08\/PHOTO-2022-08-26-09-48-17-2.jpg 1024w, https:\/\/www.estedem.com\/tr\/wp-content\/uploads\/2022\/08\/PHOTO-2022-08-26-09-48-17-2-300x226.jpg 300w, https:\/\/www.estedem.com\/tr\/wp-content\/uploads\/2022\/08\/PHOTO-2022-08-26-09-48-17-2-768x579.jpg 768w\" sizes=\"(max-width: 1024px) 100vw, 1024px\" title=\"PHOTO-2022-08-26-09-48-17 (2)\" alt=\"\" \t\tclass=\"so-widget-image\"\/>\n\t<\/div>\n\n<\/div><\/div><\/div><\/div><div id=\"pg-1980-1\"  class=\"panel-grid panel-no-style\" ><div id=\"pgc-1980-1-0\"  class=\"panel-grid-cell panel-grid-cell-empty\" ><\/div><div id=\"pgc-1980-1-1\"  class=\"panel-grid-cell panel-grid-cell-empty panel-grid-cell-mobile-last\" ><\/div><div id=\"pgc-1980-1-2\"  class=\"panel-grid-cell panel-grid-cell-empty\" ><\/div><\/div><\/div>","protected":false},"excerpt":{"rendered":"<p>Kuzu Effect Ofis Oran Mah. Z\u00fclf\u00fc Tigrel Cad No:1\/2 \u0130\u00e7 Kap\u0131 No: 42, 06680 \u00c7ankaya\/Ankara<\/p>\n","protected":false},"author":2,"featured_media":0,"parent":0,"menu_order":0,"comment_status":"closed","ping_status":"closed","template":"","meta":{"h5ap_radio_sources":[],"footnotes":""},"class_list":["post-1980","page","type-page","status-publish","hentry"],"_links":{"self":[{"href":"https:\/\/www.estedem.com\/tr\/wp-json\/wp\/v2\/pages\/1980","targetHints":{"allow":["GET"]}}],"collection":[{"href":"https:\/\/www.estedem.com\/tr\/wp-json\/wp\/v2\/pages"}],"about":[{"href":"https:\/\/www.estedem.com\/tr\/wp-json\/wp\/v2\/types\/page"}],"author":[{"embeddable":true,"href":"https:\/\/www.estedem.com\/tr\/wp-json\/wp\/v2\/users\/2"}],"replies":[{"embeddable":true,"href":"https:\/\/www.estedem.com\/tr\/wp-json\/wp\/v2\/comments?post=1980"}],"version-history":[{"count":15,"href":"https:\/\/www.estedem.com\/tr\/wp-json\/wp\/v2\/pages\/1980\/revisions"}],"predecessor-version":[{"id":1989,"href":"https:\/\/www.estedem.com\/tr\/wp-json\/wp\/v2\/pages\/1980\/revisions\/1989"}],"wp:attachment":[{"href":"https:\/\/www.estedem.com\/tr\/wp-json\/wp\/v2\/media?parent=1980"}],"curies":[{"name":"wp","href":"https:\/\/api.w.org\/{rel}","templated":true}]}}