  
{"id":196,"date":"2019-01-18T11:45:18","date_gmt":"2019-01-18T11:45:18","guid":{"rendered":"http:\/\/www.estedem.com\/?page_id=196"},"modified":"2019-04-23T09:27:47","modified_gmt":"2019-04-23T09:27:47","slug":"ales-guzellik","status":"publish","type":"page","link":"https:\/\/www.estedem.com\/tr\/ales-guzellik\/","title":{"rendered":"ALE&#8217;S G\u00dcZELL\u0130K"},"content":{"rendered":"<div id=\"pl-196\"  class=\"panel-layout\" ><div id=\"pg-196-0\"  class=\"panel-grid panel-no-style\" ><div id=\"pgc-196-0-0\"  class=\"panel-grid-cell\" ><div id=\"panel-196-0-0-0\" class=\"so-panel widget widget_sow-editor panel-first-child panel-last-child\" data-index=\"0\" ><div\n\t\t\t\n\t\t\tclass=\"so-widget-sow-editor so-widget-sow-editor-base\"\n\t\t\t\n\t\t>\n<div class=\"siteorigin-widget-tinymce textwidget\">\n\t<p>Merhaba,<\/p>\n<p>Ben Elite Linergist Leyla ERDO\u011eAN. Ale's G\u00fczellik Salonumuz ara\u015ft\u0131rma ve \u00e7al\u0131\u015fmalar\u0131m\u0131z sonucunda 2002 y\u0131l\u0131nda Tunal\u0131 Hilmi Cd. No: 84\/13 adresinde kurulmu\u015ftur. Uzun y\u0131llard\u0131r sekt\u00f6rde teknolojiyi yak\u0131ndan takip eden son teknolojik donan\u0131ma sahip Ankara'n\u0131n say\u0131l\u0131 g\u00fczellik salonlar\u0131 aras\u0131nday\u0131z. Y\u0131llar\u0131n verdi\u011fi tecr\u00fcbe ile de sekt\u00f6rde iddial\u0131 bir konumday\u0131z.<\/p>\n<p>Cilt bak\u0131m\u0131, kal\u0131c\u0131 makyaj, depilasyon, v\u00fccut bak\u0131mlar\u0131 gibi geni\u015f bir konseptte g\u00fczellik salonu olarak hizmet vermekteyiz.<\/p>\n<p>2003 y\u0131l\u0131ndan itibaren kal\u0131c\u0131 makyaj yapmaktay\u0131z. Bir\u00e7ok yurtd\u0131\u015f\u0131 e\u011fitimi ba\u015fta olmak \u00fczere kat\u0131ld\u0131\u011f\u0131m\u0131z e\u011fitim programlar\u0131 ile tecr\u00fcbemizi sertifikalarla ta\u00e7land\u0131rd\u0131k.<\/p>\n<p>Ale's G\u00fczellik'in en \u00f6nemli iki ilkesi \"m\u00fc\u015fterilerimiz en iyisine lay\u0131kt\u0131r\" ve \"m\u00fc\u015fteri memnuniyeti\" dir.<\/p>\n<p>Ale's G\u00fczellik g\u00fcvenilir, e\u011fitimlerle kendisini s\u00fcrekli yenileyen konusunda uzman, g\u00fclery\u00fczl\u00fc personeli, hijyenik ortamlarda sizlere hizmet vermektedir.<\/p>\n<p>Adres: Tunal\u0131 Hilmi Caddesi No: 84\/13 Kavakl\u0131dere \/ ANKARA<\/p>\n<p>Telefon: 0312 426 83 13-428 20 03<\/p>\n<p><a href=\"http:\/\/www.alesguzelliksalonu.com\/\">www.alesguzelliksalonu.com<\/a><\/p>\n<\/div>\n<\/div><\/div><\/div><div id=\"pgc-196-0-1\"  class=\"panel-grid-cell\" ><div id=\"panel-196-0-1-0\" class=\"so-panel widget widget_sow-image panel-first-child panel-last-child\" data-index=\"1\" ><div\n\t\t\t\n\t\t\tclass=\"so-widget-sow-image so-widget-sow-image-default-8b5b6f678277-196\"\n\t\t\t\n\t\t>\n<div class=\"sow-image-container\">\n\t\t<img \n\tsrc=\"https:\/\/www.estedem.com\/tr\/wp-content\/uploads\/2019\/02\/5483e97d-edd3-49d0-bf35-ec1138ca3d0a.jpg\" width=\"1200\" height=\"1600\" srcset=\"https:\/\/www.estedem.com\/tr\/wp-content\/uploads\/2019\/02\/5483e97d-edd3-49d0-bf35-ec1138ca3d0a.jpg 1200w, https:\/\/www.estedem.com\/tr\/wp-content\/uploads\/2019\/02\/5483e97d-edd3-49d0-bf35-ec1138ca3d0a-225x300.jpg 225w, https:\/\/www.estedem.com\/tr\/wp-content\/uploads\/2019\/02\/5483e97d-edd3-49d0-bf35-ec1138ca3d0a-768x1024.jpg 768w\" sizes=\"(max-width: 1200px) 100vw, 1200px\" alt=\"\" \t\tclass=\"so-widget-image\"\/>\n\t<\/div>\n\n<\/div><\/div><\/div><\/div><div id=\"pg-196-1\"  class=\"panel-grid panel-no-style\" ><div id=\"pgc-196-1-0\"  class=\"panel-grid-cell\" ><div id=\"panel-196-1-0-0\" class=\"so-panel widget widget_sow-image panel-first-child panel-last-child\" data-index=\"2\" ><div\n\t\t\t\n\t\t\tclass=\"so-widget-sow-image so-widget-sow-image-default-8b5b6f678277-196\"\n\t\t\t\n\t\t>\n<div class=\"sow-image-container\">\n\t\t<img \n\tsrc=\"https:\/\/www.estedem.com\/tr\/wp-content\/uploads\/2019\/02\/leyla-erdo\u011fan.jpg\" width=\"640\" height=\"640\" srcset=\"https:\/\/www.estedem.com\/tr\/wp-content\/uploads\/2019\/02\/leyla-erdo\u011fan.jpg 640w, https:\/\/www.estedem.com\/tr\/wp-content\/uploads\/2019\/02\/leyla-erdo\u011fan-150x150.jpg 150w, https:\/\/www.estedem.com\/tr\/wp-content\/uploads\/2019\/02\/leyla-erdo\u011fan-300x300.jpg 300w\" sizes=\"(max-width: 640px) 100vw, 640px\" title=\"leyla erdo\u011fan\" alt=\"\" \t\tclass=\"so-widget-image\"\/>\n\t<\/div>\n\n<\/div><\/div><\/div><div id=\"pgc-196-1-1\"  class=\"panel-grid-cell\" ><div id=\"panel-196-1-1-0\" class=\"so-panel widget widget_media_video panel-first-child panel-last-child\" data-index=\"3\" ><div style=\"width:100%;\" class=\"wp-video\"><video class=\"wp-video-shortcode\" id=\"video-196-1\" preload=\"metadata\" controls=\"controls\"><source type=\"video\/mp4\" src=\"https:\/\/www.estedem.com\/tr\/wp-content\/uploads\/2019\/04\/IMG_4683-1.mp4?_=1\" \/><source type=\"video\/mp4\" src=\"https:\/\/www.estedem.com\/tr\/wp-content\/uploads\/2019\/04\/IMG_4683-1.mp4?_=1\" \/><a href=\"https:\/\/www.estedem.com\/tr\/wp-content\/uploads\/2019\/04\/IMG_4683-1.mp4\">https:\/\/www.estedem.com\/tr\/wp-content\/uploads\/2019\/04\/IMG_4683-1.mp4<\/a><\/video><\/div><\/div><\/div><\/div><\/div>","protected":false},"excerpt":{"rendered":"<p>Merhaba, Ben Elite Linergist Leyla ERDO\u011eAN. Ale&#8217;s G\u00fczellik Salonumuz ara\u015ft\u0131rma ve \u00e7al\u0131\u015fmalar\u0131m\u0131z sonucunda 2002 y\u0131l\u0131nda Tunal\u0131 Hilmi Cd. No: 84\/13 adresinde kurulmu\u015ftur. Uzun y\u0131llard\u0131r sekt\u00f6rde teknolojiyi yak\u0131ndan takip eden son teknolojik donan\u0131ma sahip Ankara&#8217;n\u0131n say\u0131l\u0131 g\u00fczellik salonlar\u0131 aras\u0131nday\u0131z. Y\u0131llar\u0131n verdi\u011fi tecr\u00fcbe ile de sekt\u00f6rde iddial\u0131 bir konumday\u0131z. Cilt bak\u0131m\u0131, kal\u0131c\u0131 makyaj, depilasyon, v\u00fccut bak\u0131mlar\u0131 gibi [&hellip;]<\/p>\n","protected":false},"author":1,"featured_media":0,"parent":0,"menu_order":0,"comment_status":"closed","ping_status":"closed","template":"","meta":{"h5ap_radio_sources":[],"footnotes":""},"class_list":["post-196","page","type-page","status-publish","hentry"],"_links":{"self":[{"href":"https:\/\/www.estedem.com\/tr\/wp-json\/wp\/v2\/pages\/196","targetHints":{"allow":["GET"]}}],"collection":[{"href":"https:\/\/www.estedem.com\/tr\/wp-json\/wp\/v2\/pages"}],"about":[{"href":"https:\/\/www.estedem.com\/tr\/wp-json\/wp\/v2\/types\/page"}],"author":[{"embeddable":true,"href":"https:\/\/www.estedem.com\/tr\/wp-json\/wp\/v2\/users\/1"}],"replies":[{"embeddable":true,"href":"https:\/\/www.estedem.com\/tr\/wp-json\/wp\/v2\/comments?post=196"}],"version-history":[{"count":18,"href":"https:\/\/www.estedem.com\/tr\/wp-json\/wp\/v2\/pages\/196\/revisions"}],"predecessor-version":[{"id":1602,"href":"https:\/\/www.estedem.com\/tr\/wp-json\/wp\/v2\/pages\/196\/revisions\/1602"}],"wp:attachment":[{"href":"https:\/\/www.estedem.com\/tr\/wp-json\/wp\/v2\/media?parent=196"}],"curies":[{"name":"wp","href":"https:\/\/api.w.org\/{rel}","templated":true}]}}