  
{"id":193,"date":"2019-01-18T11:44:29","date_gmt":"2019-01-18T11:44:29","guid":{"rendered":"http:\/\/www.estedem.com\/?page_id=193"},"modified":"2019-02-14T12:41:22","modified_gmt":"2019-02-14T12:41:22","slug":"ergul-keskin","status":"publish","type":"page","link":"https:\/\/www.estedem.com\/tr\/ergul-keskin\/","title":{"rendered":"ERG\u00dcL KESK\u0130N Conture Make-up Stud\u0131o"},"content":{"rendered":"<div id=\"pl-193\"  class=\"panel-layout\" ><div id=\"pg-193-0\"  class=\"panel-grid panel-no-style\" ><div id=\"pgc-193-0-0\"  class=\"panel-grid-cell\" ><div id=\"panel-193-0-0-0\" class=\"so-panel widget widget_sow-editor panel-first-child panel-last-child\" data-index=\"0\" ><div\n\t\t\t\n\t\t\tclass=\"so-widget-sow-editor so-widget-sow-editor-base\"\n\t\t\t\n\t\t>\n<div class=\"siteorigin-widget-tinymce textwidget\">\n\t<h1 class=\"hidden-xs hidden-sm\">ERG\u00dcL KESK\u0130N K\u0130MD\u0130R?<\/h1>\n<p>Erg\u00fcl Keskin, 1980 y\u0131l\u0131nda Almanya\u2019n\u0131n Berlin \u015fehrinde g\u00fczellik uzmanl\u0131\u011f\u0131 ve kont\u00fcr makyaj e\u011fitimi alarak ba\u015flad\u0131\u011f\u0131 mesleki kariyerine, 1984 y\u0131l\u0131ndan bu yana Ankara\u2019da devam etmektedir.<\/p>\n<p>Bir\u00e7ok \u00fclkede d\u00fcnya markalar\u0131ndan kont\u00fcr makyaj e\u011fitimlerini alm\u0131\u015f, Almanya\u2019da Long Time Liner Kont\u00fcr Makyaj Uygulay\u0131c\u0131s\u0131 ve E\u011fitmeni olup T\u00fcrkiye\u2019ye gelmi\u015f ve Ankara\u2019da Erg\u00fcl Keskin Conture Make-up Studio\u2019yu kurmu\u015ftur. Erg\u00fcl Keskin T\u00fcrkiye\u2019de kont\u00fcr makyaj konusunda ilk e\u011fitmen ve ilk kont\u00fcr makyaj akademisinin kurucusudur.<\/p>\n<p>T\u00fcrkiye\u2019de kont\u00fcr makyaj\u0131n daha profesyonel ve kaliteli yap\u0131lmas\u0131n\u0131 hedefleyerek sekt\u00f6rde \u00f6nc\u00fc olmu\u015f ve 37 y\u0131ll\u0131k \u00e7al\u0131\u015fma hayat\u0131nda bir\u00e7ok ba\u015far\u0131 belgesi ve \u00f6d\u00fcl alm\u0131\u015ft\u0131r. \u0130\u015fini b\u00fcy\u00fck bir sevgi ile yapan, \u00f6nc\u00fc olmaktan asla \u00e7ekinmeyen, yetene\u011fini ve edinilmi\u015f bilgilerini kendisi gibi bu i\u015fi severek ve kaliteli bir \u015fekilde yapmak isteyenlere aktarmak i\u00e7in \u00e7aba g\u00f6steren Erg\u00fcl Keskin, yeti\u015ftirdi\u011fi \u00f6\u011frencilere meslek \u00f6\u011fretmenin yan\u0131 s\u0131ra i\u015f ko\u00e7lu\u011fu da yaparak mesleki deneyimlerini \u00f6\u011frencileri ile payla\u015f\u0131p onlar\u0131n vizyonlar\u0131n\u0131n geli\u015fmesini hedefleyerek sekt\u00f6rde bir ad\u0131m \u00f6nde olmalar\u0131n\u0131 sa\u011flamaktad\u0131r.<\/p>\n<p>Erg\u00fcl Keskin Conture Make-up Studio, Long Time Liner Conture Make-up markas\u0131n\u0131n T\u00fcrkiye Distrib\u00fct\u00f6r\u00fc, e\u011fitim ve uygulama merkezidir.<\/p>\n<p>Adres: Turan G\u00fcne\u015f Bulvar\u0131 Park Oran Ofis Kat:5, No:11-12 ORAN\/ANKARA<\/p>\n<p>Telefon: 0312 490 00 98-441 08 76-0533 224 21 28<\/p>\n<p><a href=\"http:\/\/ergulkeskin.com.tr\/\">ergulkeskin.com.tr<\/a><\/p>\n<\/div>\n<\/div><\/div><\/div><div id=\"pgc-193-0-1\"  class=\"panel-grid-cell\" ><div id=\"panel-193-0-1-0\" class=\"so-panel widget widget_sow-image panel-first-child panel-last-child\" data-index=\"1\" ><div\n\t\t\t\n\t\t\tclass=\"so-widget-sow-image so-widget-sow-image-default-8b5b6f678277-193\"\n\t\t\t\n\t\t>\n<div class=\"sow-image-container\">\n\t\t<img \n\tsrc=\"https:\/\/www.estedem.com\/tr\/wp-content\/uploads\/2019\/02\/c050a79e-5317-4644-bc3e-d93aadaf5e72.jpg\" width=\"720\" height=\"960\" srcset=\"https:\/\/www.estedem.com\/tr\/wp-content\/uploads\/2019\/02\/c050a79e-5317-4644-bc3e-d93aadaf5e72.jpg 720w, https:\/\/www.estedem.com\/tr\/wp-content\/uploads\/2019\/02\/c050a79e-5317-4644-bc3e-d93aadaf5e72-225x300.jpg 225w\" sizes=\"(max-width: 720px) 100vw, 720px\" alt=\"\" \t\tclass=\"so-widget-image\"\/>\n\t<\/div>\n\n<\/div><\/div><\/div><\/div><div id=\"pg-193-1\"  class=\"panel-grid panel-no-style\" ><div id=\"pgc-193-1-0\"  class=\"panel-grid-cell\" ><div id=\"panel-193-1-0-0\" class=\"so-panel widget widget_sow-image panel-first-child panel-last-child\" data-index=\"2\" ><div\n\t\t\t\n\t\t\tclass=\"so-widget-sow-image so-widget-sow-image-default-8b5b6f678277-193\"\n\t\t\t\n\t\t>\n<div class=\"sow-image-container\">\n\t\t<img \n\tsrc=\"https:\/\/www.estedem.com\/tr\/wp-content\/uploads\/2019\/02\/IMG_3343.jpg\" width=\"750\" height=\"796\" srcset=\"https:\/\/www.estedem.com\/tr\/wp-content\/uploads\/2019\/02\/IMG_3343.jpg 750w, https:\/\/www.estedem.com\/tr\/wp-content\/uploads\/2019\/02\/IMG_3343-283x300.jpg 283w\" sizes=\"(max-width: 750px) 100vw, 750px\" alt=\"\" \t\tclass=\"so-widget-image\"\/>\n\t<\/div>\n\n<\/div><\/div><\/div><div id=\"pgc-193-1-1\"  class=\"panel-grid-cell\" ><div id=\"panel-193-1-1-0\" class=\"so-panel widget widget_media_video panel-first-child panel-last-child\" data-index=\"3\" ><div style=\"width:100%;\" class=\"wp-video\"><video class=\"wp-video-shortcode\" id=\"video-193-1\" preload=\"metadata\" controls=\"controls\"><source type=\"video\/mp4\" src=\"https:\/\/www.estedem.com\/tr\/wp-content\/uploads\/2019\/01\/WhatsApp-Video-2019-01-17-at-11.57.38-1.mp4?_=1\" \/><source type=\"video\/mp4\" src=\"http:\/\/www.estedem.com\/wp-content\/uploads\/2019\/01\/WhatsApp-Video-2019-01-17-at-11.57.38-1.mp4?_=1\" \/><a href=\"https:\/\/www.estedem.com\/tr\/wp-content\/uploads\/2019\/01\/WhatsApp-Video-2019-01-17-at-11.57.38-1.mp4\">https:\/\/www.estedem.com\/tr\/wp-content\/uploads\/2019\/01\/WhatsApp-Video-2019-01-17-at-11.57.38-1.mp4<\/a><\/video><\/div><\/div><\/div><\/div><\/div>","protected":false},"excerpt":{"rendered":"<p>ERG\u00dcL KESK\u0130N K\u0130MD\u0130R? Erg\u00fcl Keskin, 1980 y\u0131l\u0131nda Almanya\u2019n\u0131n Berlin \u015fehrinde g\u00fczellik uzmanl\u0131\u011f\u0131 ve kont\u00fcr makyaj e\u011fitimi alarak ba\u015flad\u0131\u011f\u0131 mesleki kariyerine, 1984 y\u0131l\u0131ndan bu yana Ankara\u2019da devam etmektedir. Bir\u00e7ok \u00fclkede d\u00fcnya markalar\u0131ndan kont\u00fcr makyaj e\u011fitimlerini alm\u0131\u015f, Almanya\u2019da Long Time Liner Kont\u00fcr Makyaj Uygulay\u0131c\u0131s\u0131 ve E\u011fitmeni olup T\u00fcrkiye\u2019ye gelmi\u015f ve Ankara\u2019da Erg\u00fcl Keskin Conture Make-up Studio\u2019yu kurmu\u015ftur. [&hellip;]<\/p>\n","protected":false},"author":1,"featured_media":0,"parent":0,"menu_order":0,"comment_status":"closed","ping_status":"closed","template":"","meta":{"h5ap_radio_sources":[],"footnotes":""},"class_list":["post-193","page","type-page","status-publish","hentry"],"_links":{"self":[{"href":"https:\/\/www.estedem.com\/tr\/wp-json\/wp\/v2\/pages\/193","targetHints":{"allow":["GET"]}}],"collection":[{"href":"https:\/\/www.estedem.com\/tr\/wp-json\/wp\/v2\/pages"}],"about":[{"href":"https:\/\/www.estedem.com\/tr\/wp-json\/wp\/v2\/types\/page"}],"author":[{"embeddable":true,"href":"https:\/\/www.estedem.com\/tr\/wp-json\/wp\/v2\/users\/1"}],"replies":[{"embeddable":true,"href":"https:\/\/www.estedem.com\/tr\/wp-json\/wp\/v2\/comments?post=193"}],"version-history":[{"count":18,"href":"https:\/\/www.estedem.com\/tr\/wp-json\/wp\/v2\/pages\/193\/revisions"}],"predecessor-version":[{"id":1378,"href":"https:\/\/www.estedem.com\/tr\/wp-json\/wp\/v2\/pages\/193\/revisions\/1378"}],"wp:attachment":[{"href":"https:\/\/www.estedem.com\/tr\/wp-json\/wp\/v2\/media?parent=193"}],"curies":[{"name":"wp","href":"https:\/\/api.w.org\/{rel}","templated":true}]}}