  
{"id":192,"date":"2019-01-18T11:42:10","date_gmt":"2019-01-18T11:42:10","guid":{"rendered":"http:\/\/www.estedem.com\/?page_id=192"},"modified":"2019-02-14T12:29:50","modified_gmt":"2019-02-14T12:29:50","slug":"helena-polk-etlik","status":"publish","type":"page","link":"https:\/\/www.estedem.com\/tr\/helena-polk-etlik\/","title":{"rendered":"Helena G\u00fczellik(Etlik)"},"content":{"rendered":"<div id=\"pl-192\"  class=\"panel-layout\" ><div id=\"pg-192-0\"  class=\"panel-grid panel-no-style\" ><div id=\"pgc-192-0-0\"  class=\"panel-grid-cell\" ><div id=\"panel-192-0-0-0\" class=\"so-panel widget widget_sow-editor panel-first-child panel-last-child\" data-index=\"0\" ><div\n\t\t\t\n\t\t\tclass=\"so-widget-sow-editor so-widget-sow-editor-base\"\n\t\t\t\n\t\t>\n<div class=\"siteorigin-widget-tinymce textwidget\">\n\t<h1 class=\"tbk__title\">Helena G\u00fczellik Merkezi<\/h1>\n<div class=\"tbk__text\">\n<p><em>G\u00fczellik ve bak\u0131m maceran\u0131za Helena\u2019da ba\u015flayabilirsiniz!<\/em>\u00a0Empati ve g\u00fcvenin konforlu s\u0131cakl\u0131\u011f\u0131nda\u00a0<strong>Helena\u2019da<\/strong>\u00a0t\u00fcm sorular\u0131n\u0131za cevap bulabilirsiniz! \u00c7\u00fcnk\u00fc biz, 1991 y\u0131l\u0131nda\u00a0<strong>Ankara\u2019n\u0131n Etlik<\/strong>\u00a0semtinde ba\u015flad\u0131\u011f\u0131m\u0131z ve sizlerin deneyimleriyle \u00e7o\u011faltt\u0131\u011f\u0131m\u0131z g\u00fczellik ve bak\u0131m hizmetlerimizi, son 11 y\u0131ld\u0131r<strong>\u00a0Tunal\u0131 Hilmi Caddesi<\/strong>\u2019ndeki ikinci \u015fubemizde de vermeye ba\u015flad\u0131k! Ayr\u0131ca,\u00a0<em>\u00d6zel Helena Poliklini\u011fi<\/em>\u00a0olarak 5 y\u0131ld\u0131r hizmete devam etmekteyiz. Bir aile kurulu\u015fu olarak \u00e7\u0131kt\u0131k yola ve \u00f6yle de devam ediyoruz.<\/p>\n<p>G\u00fczelli\u011fin en iyi iksiri bu yolda ad\u0131m atmakt\u0131r. Unutmay\u0131n, g\u00fczele bakman\u0131n sevap say\u0131lmas\u0131 i\u00e7in \u00f6nce g\u00fczel olmak gerekir!<\/p>\n<p>Helena hepinize g\u00fczellikler diler\u2026<\/p>\n<p>Adres: Tunal\u0131 Hilmi cad 82A\/5 \u00c7ankaya, Ankara<br \/>\nTelefon : 0312 467 60 71<br \/>\nE-mail: tunali@helenaguzellik.com<\/p>\n<p><a href=\"https:\/\/helenaguzellik.com\/\">https:\/\/helenaguzellik.com\/\u00a0<\/a><\/p>\n<\/div>\n<\/div>\n<\/div><\/div><\/div><div id=\"pgc-192-0-1\"  class=\"panel-grid-cell\" ><div id=\"panel-192-0-1-0\" class=\"so-panel widget widget_sow-image panel-first-child panel-last-child\" data-index=\"1\" ><div\n\t\t\t\n\t\t\tclass=\"so-widget-sow-image so-widget-sow-image-default-8b5b6f678277-192\"\n\t\t\t\n\t\t>\n<div class=\"sow-image-container\">\n\t\t<img \n\tsrc=\"https:\/\/www.estedem.com\/tr\/wp-content\/uploads\/2019\/02\/a.jpg\" width=\"960\" height=\"720\" srcset=\"https:\/\/www.estedem.com\/tr\/wp-content\/uploads\/2019\/02\/a.jpg 960w, https:\/\/www.estedem.com\/tr\/wp-content\/uploads\/2019\/02\/a-300x225.jpg 300w, https:\/\/www.estedem.com\/tr\/wp-content\/uploads\/2019\/02\/a-768x576.jpg 768w\" sizes=\"(max-width: 960px) 100vw, 960px\" alt=\"\" \t\tclass=\"so-widget-image\"\/>\n\t<\/div>\n\n<\/div><\/div><\/div><\/div><div id=\"pg-192-1\"  class=\"panel-grid panel-no-style\" ><div id=\"pgc-192-1-0\"  class=\"panel-grid-cell\" ><div id=\"panel-192-1-0-0\" class=\"so-panel widget widget_sow-image panel-first-child panel-last-child\" data-index=\"2\" ><div\n\t\t\t\n\t\t\tclass=\"so-widget-sow-image so-widget-sow-image-default-8b5b6f678277-192\"\n\t\t\t\n\t\t>\n<div class=\"sow-image-container\">\n\t\t<img \n\tsrc=\"https:\/\/www.estedem.com\/tr\/wp-content\/uploads\/2019\/02\/ka\u015f-tasar\u0131m-tang\u00fcl-tunal\u0131.jpg\" width=\"1600\" height=\"1066\" srcset=\"https:\/\/www.estedem.com\/tr\/wp-content\/uploads\/2019\/02\/ka\u015f-tasar\u0131m-tang\u00fcl-tunal\u0131.jpg 1600w, https:\/\/www.estedem.com\/tr\/wp-content\/uploads\/2019\/02\/ka\u015f-tasar\u0131m-tang\u00fcl-tunal\u0131-300x200.jpg 300w, https:\/\/www.estedem.com\/tr\/wp-content\/uploads\/2019\/02\/ka\u015f-tasar\u0131m-tang\u00fcl-tunal\u0131-768x512.jpg 768w, https:\/\/www.estedem.com\/tr\/wp-content\/uploads\/2019\/02\/ka\u015f-tasar\u0131m-tang\u00fcl-tunal\u0131-1024x682.jpg 1024w, https:\/\/www.estedem.com\/tr\/wp-content\/uploads\/2019\/02\/ka\u015f-tasar\u0131m-tang\u00fcl-tunal\u0131-272x182.jpg 272w\" sizes=\"(max-width: 1600px) 100vw, 1600px\" alt=\"\" \t\tclass=\"so-widget-image\"\/>\n\t<\/div>\n\n<\/div><\/div><\/div><div id=\"pgc-192-1-1\"  class=\"panel-grid-cell\" ><div id=\"panel-192-1-1-0\" class=\"so-panel widget widget_media_video panel-first-child panel-last-child\" data-index=\"3\" ><div style=\"width:100%;\" class=\"wp-video\"><video class=\"wp-video-shortcode\" id=\"video-192-1\" preload=\"metadata\" controls=\"controls\"><source type=\"video\/mp4\" src=\"https:\/\/www.estedem.com\/tr\/wp-content\/uploads\/2019\/01\/WhatsApp-Video-2019-01-17-at-11.57.38-1.mp4?_=1\" \/><source type=\"video\/mp4\" src=\"http:\/\/www.estedem.com\/wp-content\/uploads\/2019\/01\/WhatsApp-Video-2019-01-17-at-11.57.38-1.mp4?_=1\" \/><a href=\"https:\/\/www.estedem.com\/tr\/wp-content\/uploads\/2019\/01\/WhatsApp-Video-2019-01-17-at-11.57.38-1.mp4\">https:\/\/www.estedem.com\/tr\/wp-content\/uploads\/2019\/01\/WhatsApp-Video-2019-01-17-at-11.57.38-1.mp4<\/a><\/video><\/div><\/div><\/div><\/div><\/div>","protected":false},"excerpt":{"rendered":"<p>Helena G\u00fczellik Merkezi G\u00fczellik ve bak\u0131m maceran\u0131za Helena\u2019da ba\u015flayabilirsiniz!\u00a0Empati ve g\u00fcvenin konforlu s\u0131cakl\u0131\u011f\u0131nda\u00a0Helena\u2019da\u00a0t\u00fcm sorular\u0131n\u0131za cevap bulabilirsiniz! \u00c7\u00fcnk\u00fc biz, 1991 y\u0131l\u0131nda\u00a0Ankara\u2019n\u0131n Etlik\u00a0semtinde ba\u015flad\u0131\u011f\u0131m\u0131z ve sizlerin deneyimleriyle \u00e7o\u011faltt\u0131\u011f\u0131m\u0131z g\u00fczellik ve bak\u0131m hizmetlerimizi, son 11 y\u0131ld\u0131r\u00a0Tunal\u0131 Hilmi Caddesi\u2019ndeki ikinci \u015fubemizde de vermeye ba\u015flad\u0131k! Ayr\u0131ca,\u00a0\u00d6zel Helena Poliklini\u011fi\u00a0olarak 5 y\u0131ld\u0131r hizmete devam etmekteyiz. Bir aile kurulu\u015fu olarak \u00e7\u0131kt\u0131k yola ve [&hellip;]<\/p>\n","protected":false},"author":1,"featured_media":0,"parent":0,"menu_order":0,"comment_status":"closed","ping_status":"closed","template":"","meta":{"h5ap_radio_sources":[],"footnotes":""},"class_list":["post-192","page","type-page","status-publish","hentry"],"_links":{"self":[{"href":"https:\/\/www.estedem.com\/tr\/wp-json\/wp\/v2\/pages\/192","targetHints":{"allow":["GET"]}}],"collection":[{"href":"https:\/\/www.estedem.com\/tr\/wp-json\/wp\/v2\/pages"}],"about":[{"href":"https:\/\/www.estedem.com\/tr\/wp-json\/wp\/v2\/types\/page"}],"author":[{"embeddable":true,"href":"https:\/\/www.estedem.com\/tr\/wp-json\/wp\/v2\/users\/1"}],"replies":[{"embeddable":true,"href":"https:\/\/www.estedem.com\/tr\/wp-json\/wp\/v2\/comments?post=192"}],"version-history":[{"count":19,"href":"https:\/\/www.estedem.com\/tr\/wp-json\/wp\/v2\/pages\/192\/revisions"}],"predecessor-version":[{"id":1364,"href":"https:\/\/www.estedem.com\/tr\/wp-json\/wp\/v2\/pages\/192\/revisions\/1364"}],"wp:attachment":[{"href":"https:\/\/www.estedem.com\/tr\/wp-json\/wp\/v2\/media?parent=192"}],"curies":[{"name":"wp","href":"https:\/\/api.w.org\/{rel}","templated":true}]}}