  
{"id":1856,"date":"2022-08-02T09:55:42","date_gmt":"2022-08-02T09:55:42","guid":{"rendered":"https:\/\/www.estedem.com\/tr\/?page_id=1856"},"modified":"2022-08-26T07:01:04","modified_gmt":"2022-08-26T07:01:04","slug":"monc-kuafor-guzellik-salonu","status":"publish","type":"page","link":"https:\/\/www.estedem.com\/tr\/monc-kuafor-guzellik-salonu\/","title":{"rendered":"MONC KUAF\u00d6R&#038;G\u00dcZELL\u0130K SALONU"},"content":{"rendered":"<div id=\"pl-1856\"  class=\"panel-layout\" ><div id=\"pg-1856-0\"  class=\"panel-grid panel-no-style\" ><div id=\"pgc-1856-0-0\"  class=\"panel-grid-cell\" ><div id=\"panel-1856-0-0-0\" class=\"so-panel widget widget_sow-editor panel-first-child panel-last-child\" data-index=\"0\" ><div\n\t\t\t\n\t\t\tclass=\"so-widget-sow-editor so-widget-sow-editor-base\"\n\t\t\t\n\t\t>\n<div class=\"siteorigin-widget-tinymce textwidget\">\n\t<p>&nbsp;<\/p>\n<p>&nbsp;<\/p>\n<p>&nbsp;<\/p>\n<p>&nbsp;<\/p>\n<p>&nbsp;<\/p>\n<p>&nbsp;<\/p>\n<p>Ahi Evran Mahallesi.724.Sokak.Gen\u00e7 Apt. NO: 28\/11 Kentpark \/KIR\u015eEH\u0130R<\/p>\n<\/div>\n<\/div><\/div><\/div><div id=\"pgc-1856-0-1\"  class=\"panel-grid-cell\" ><div id=\"panel-1856-0-1-0\" class=\"so-panel widget widget_sow-image panel-first-child panel-last-child\" data-index=\"1\" ><div\n\t\t\t\n\t\t\tclass=\"so-widget-sow-image so-widget-sow-image-default-8b5b6f678277-1856\"\n\t\t\t\n\t\t>\n<div class=\"sow-image-container\">\n\t\t<img \n\tsrc=\"https:\/\/www.estedem.com\/tr\/wp-content\/uploads\/2022\/08\/1659430928790.jpg\" width=\"1080\" height=\"1333\" srcset=\"https:\/\/www.estedem.com\/tr\/wp-content\/uploads\/2022\/08\/1659430928790.jpg 1080w, https:\/\/www.estedem.com\/tr\/wp-content\/uploads\/2022\/08\/1659430928790-243x300.jpg 243w, https:\/\/www.estedem.com\/tr\/wp-content\/uploads\/2022\/08\/1659430928790-830x1024.jpg 830w, https:\/\/www.estedem.com\/tr\/wp-content\/uploads\/2022\/08\/1659430928790-768x948.jpg 768w\" sizes=\"(max-width: 1080px) 100vw, 1080px\" alt=\"\" \t\tclass=\"so-widget-image\"\/>\n\t<\/div>\n\n<\/div><\/div><\/div><div id=\"pgc-1856-0-2\"  class=\"panel-grid-cell\" ><div id=\"panel-1856-0-2-0\" class=\"so-panel widget widget_sow-image panel-first-child panel-last-child\" data-index=\"2\" ><div\n\t\t\t\n\t\t\tclass=\"so-widget-sow-image so-widget-sow-image-default-8b5b6f678277-1856\"\n\t\t\t\n\t\t>\n<div class=\"sow-image-container\">\n\t\t<img \n\tsrc=\"https:\/\/www.estedem.com\/tr\/wp-content\/uploads\/2022\/08\/1659430928823-1.jpg\" width=\"1080\" height=\"1363\" srcset=\"https:\/\/www.estedem.com\/tr\/wp-content\/uploads\/2022\/08\/1659430928823-1.jpg 1080w, https:\/\/www.estedem.com\/tr\/wp-content\/uploads\/2022\/08\/1659430928823-1-238x300.jpg 238w, https:\/\/www.estedem.com\/tr\/wp-content\/uploads\/2022\/08\/1659430928823-1-811x1024.jpg 811w, https:\/\/www.estedem.com\/tr\/wp-content\/uploads\/2022\/08\/1659430928823-1-768x969.jpg 768w\" sizes=\"(max-width: 1080px) 100vw, 1080px\" title=\"1659430928823\" alt=\"\" \t\tclass=\"so-widget-image\"\/>\n\t<\/div>\n\n<\/div><\/div><\/div><\/div><div id=\"pg-1856-1\"  class=\"panel-grid panel-no-style\" ><div id=\"pgc-1856-1-0\"  class=\"panel-grid-cell\" ><div id=\"panel-1856-1-0-0\" class=\"so-panel widget widget_sow-image panel-first-child panel-last-child\" data-index=\"3\" ><div\n\t\t\t\n\t\t\tclass=\"so-widget-sow-image so-widget-sow-image-default-8b5b6f678277-1856\"\n\t\t\t\n\t\t>\n<div class=\"sow-image-container\">\n\t\t<img \n\tsrc=\"https:\/\/www.estedem.com\/tr\/wp-content\/uploads\/2022\/08\/1659430928810.jpg\" width=\"1080\" height=\"1334\" srcset=\"https:\/\/www.estedem.com\/tr\/wp-content\/uploads\/2022\/08\/1659430928810.jpg 1080w, https:\/\/www.estedem.com\/tr\/wp-content\/uploads\/2022\/08\/1659430928810-243x300.jpg 243w, https:\/\/www.estedem.com\/tr\/wp-content\/uploads\/2022\/08\/1659430928810-829x1024.jpg 829w, https:\/\/www.estedem.com\/tr\/wp-content\/uploads\/2022\/08\/1659430928810-768x949.jpg 768w\" sizes=\"(max-width: 1080px) 100vw, 1080px\" alt=\"\" \t\tclass=\"so-widget-image\"\/>\n\t<\/div>\n\n<\/div><\/div><\/div><div id=\"pgc-1856-1-1\"  class=\"panel-grid-cell panel-grid-cell-empty panel-grid-cell-mobile-last\" ><\/div><div id=\"pgc-1856-1-2\"  class=\"panel-grid-cell panel-grid-cell-empty\" ><\/div><\/div><div id=\"pg-1856-2\"  class=\"panel-grid panel-no-style\" ><div id=\"pgc-1856-2-0\"  class=\"panel-grid-cell panel-grid-cell-empty panel-grid-cell-mobile-last\" ><\/div><div id=\"pgc-1856-2-1\"  class=\"panel-grid-cell panel-grid-cell-empty\" ><\/div><\/div><\/div>","protected":false},"excerpt":{"rendered":"<p>&nbsp; &nbsp; &nbsp; &nbsp; &nbsp; &nbsp; Ahi Evran Mahallesi.724.Sokak.Gen\u00e7 Apt. NO: 28\/11 Kentpark \/KIR\u015eEH\u0130R<\/p>\n","protected":false},"author":2,"featured_media":0,"parent":0,"menu_order":0,"comment_status":"closed","ping_status":"closed","template":"","meta":{"h5ap_radio_sources":[],"footnotes":""},"class_list":["post-1856","page","type-page","status-publish","hentry"],"_links":{"self":[{"href":"https:\/\/www.estedem.com\/tr\/wp-json\/wp\/v2\/pages\/1856","targetHints":{"allow":["GET"]}}],"collection":[{"href":"https:\/\/www.estedem.com\/tr\/wp-json\/wp\/v2\/pages"}],"about":[{"href":"https:\/\/www.estedem.com\/tr\/wp-json\/wp\/v2\/types\/page"}],"author":[{"embeddable":true,"href":"https:\/\/www.estedem.com\/tr\/wp-json\/wp\/v2\/users\/2"}],"replies":[{"embeddable":true,"href":"https:\/\/www.estedem.com\/tr\/wp-json\/wp\/v2\/comments?post=1856"}],"version-history":[{"count":91,"href":"https:\/\/www.estedem.com\/tr\/wp-json\/wp\/v2\/pages\/1856\/revisions"}],"predecessor-version":[{"id":1979,"href":"https:\/\/www.estedem.com\/tr\/wp-json\/wp\/v2\/pages\/1856\/revisions\/1979"}],"wp:attachment":[{"href":"https:\/\/www.estedem.com\/tr\/wp-json\/wp\/v2\/media?parent=1856"}],"curies":[{"name":"wp","href":"https:\/\/api.w.org\/{rel}","templated":true}]}}