  
{"id":1739,"date":"2020-09-25T10:41:14","date_gmt":"2020-09-25T10:41:14","guid":{"rendered":"https:\/\/www.estedem.com\/tr\/?page_id=1739"},"modified":"2022-08-02T10:47:46","modified_gmt":"2022-08-02T10:47:46","slug":"zen-beauty-tokat-niksar","status":"publish","type":"page","link":"https:\/\/www.estedem.com\/tr\/zen-beauty-tokat-niksar\/","title":{"rendered":"ZEN BEAUTY (TOKAT\/N\u0130KSAR)"},"content":{"rendered":"<div id=\"pl-1739\"  class=\"panel-layout\" ><div id=\"pg-1739-0\"  class=\"panel-grid panel-no-style\" ><div id=\"pgc-1739-0-0\"  class=\"panel-grid-cell panel-grid-cell-mobile-last\" ><div id=\"panel-1739-0-0-0\" class=\"so-panel widget widget_sow-editor panel-first-child panel-last-child\" data-index=\"0\" ><div\n\t\t\t\n\t\t\tclass=\"so-widget-sow-editor so-widget-sow-editor-base\"\n\t\t\t\n\t\t>\n<div class=\"siteorigin-widget-tinymce textwidget\">\n\t<p>&nbsp;<\/p>\n<p>&nbsp;<\/p>\n<table width=\"456\">\n<tbody>\n<tr>\n<td width=\"456\">K\u00fclt\u00fcr Mah.Atat\u00fcrk Bulvar\u0131 NO:208\/2<\/p>\n<p>TEL:0.530.913.15.52<\/p>\n<\/td>\n<\/tr>\n<\/tbody>\n<\/table>\n<\/div>\n<\/div><\/div><\/div><div id=\"pgc-1739-0-1\"  class=\"panel-grid-cell panel-grid-cell-empty\" ><\/div><\/div><div id=\"pg-1739-1\"  class=\"panel-grid panel-no-style\" ><div id=\"pgc-1739-1-0\"  class=\"panel-grid-cell\" ><div id=\"panel-1739-1-0-0\" class=\"so-panel widget widget_sow-image panel-first-child panel-last-child\" data-index=\"1\" ><div\n\t\t\t\n\t\t\tclass=\"so-widget-sow-image so-widget-sow-image-default-8b5b6f678277-1739\"\n\t\t\t\n\t\t>\n<div class=\"sow-image-container\">\n\t\t<img \n\tsrc=\"https:\/\/www.estedem.com\/tr\/wp-content\/uploads\/2020\/09\/WhatsApp-Image-2020-09-25-at-14.01.27.jpeg\" width=\"750\" height=\"918\" srcset=\"https:\/\/www.estedem.com\/tr\/wp-content\/uploads\/2020\/09\/WhatsApp-Image-2020-09-25-at-14.01.27.jpeg 750w, https:\/\/www.estedem.com\/tr\/wp-content\/uploads\/2020\/09\/WhatsApp-Image-2020-09-25-at-14.01.27-245x300.jpeg 245w\" sizes=\"(max-width: 750px) 100vw, 750px\" title=\"WhatsApp Image 2020-09-25 at 14.01.27\" alt=\"\" \t\tclass=\"so-widget-image\"\/>\n\t<\/div>\n\n<\/div><\/div><\/div><div id=\"pgc-1739-1-1\"  class=\"panel-grid-cell\" ><div id=\"panel-1739-1-1-0\" class=\"so-panel widget widget_media_video panel-first-child panel-last-child\" data-index=\"2\" ><div style=\"width:100%;\" class=\"wp-video\"><video class=\"wp-video-shortcode\" id=\"video-1739-1\" preload=\"metadata\" controls=\"controls\"><source type=\"video\/mp4\" src=\"https:\/\/www.estedem.com\/tr\/wp-content\/uploads\/2019\/01\/WhatsApp-Video-2019-01-17-at-11.57.38-1.mp4?_=1\" \/><source type=\"video\/mp4\" src=\"https:\/\/www.estedem.com\/tr\/wp-content\/uploads\/2019\/01\/WhatsApp-Video-2019-01-17-at-11.57.38-1.mp4?_=1\" \/><a href=\"https:\/\/www.estedem.com\/tr\/wp-content\/uploads\/2019\/01\/WhatsApp-Video-2019-01-17-at-11.57.38-1.mp4\">https:\/\/www.estedem.com\/tr\/wp-content\/uploads\/2019\/01\/WhatsApp-Video-2019-01-17-at-11.57.38-1.mp4<\/a><\/video><\/div><\/div><\/div><\/div><\/div>","protected":false},"excerpt":{"rendered":"<p>&nbsp; &nbsp; K\u00fclt\u00fcr Mah.Atat\u00fcrk Bulvar\u0131 NO:208\/2 TEL:0.530.913.15.52<\/p>\n","protected":false},"author":2,"featured_media":0,"parent":0,"menu_order":0,"comment_status":"closed","ping_status":"closed","template":"","meta":{"h5ap_radio_sources":[],"footnotes":""},"class_list":["post-1739","page","type-page","status-publish","hentry"],"_links":{"self":[{"href":"https:\/\/www.estedem.com\/tr\/wp-json\/wp\/v2\/pages\/1739","targetHints":{"allow":["GET"]}}],"collection":[{"href":"https:\/\/www.estedem.com\/tr\/wp-json\/wp\/v2\/pages"}],"about":[{"href":"https:\/\/www.estedem.com\/tr\/wp-json\/wp\/v2\/types\/page"}],"author":[{"embeddable":true,"href":"https:\/\/www.estedem.com\/tr\/wp-json\/wp\/v2\/users\/2"}],"replies":[{"embeddable":true,"href":"https:\/\/www.estedem.com\/tr\/wp-json\/wp\/v2\/comments?post=1739"}],"version-history":[{"count":17,"href":"https:\/\/www.estedem.com\/tr\/wp-json\/wp\/v2\/pages\/1739\/revisions"}],"predecessor-version":[{"id":1903,"href":"https:\/\/www.estedem.com\/tr\/wp-json\/wp\/v2\/pages\/1739\/revisions\/1903"}],"wp:attachment":[{"href":"https:\/\/www.estedem.com\/tr\/wp-json\/wp\/v2\/media?parent=1739"}],"curies":[{"name":"wp","href":"https:\/\/api.w.org\/{rel}","templated":true}]}}