  
{"id":1709,"date":"2020-09-25T10:10:35","date_gmt":"2020-09-25T10:10:35","guid":{"rendered":"https:\/\/www.estedem.com\/tr\/?page_id=1709"},"modified":"2020-09-25T11:03:59","modified_gmt":"2020-09-25T11:03:59","slug":"epilaser-guzellik-studyosu","status":"publish","type":"page","link":"https:\/\/www.estedem.com\/tr\/epilaser-guzellik-studyosu\/","title":{"rendered":"EP\u0130LASER G\u00dcZELL\u0130K ST\u00dcDYOSU"},"content":{"rendered":"<div id=\"pl-1709\"  class=\"panel-layout\" ><div id=\"pg-1709-0\"  class=\"panel-grid panel-no-style\" ><div id=\"pgc-1709-0-0\"  class=\"panel-grid-cell\" ><div id=\"panel-1709-0-0-0\" class=\"so-panel widget widget_sow-editor panel-first-child panel-last-child\" data-index=\"0\" ><div\n\t\t\t\n\t\t\tclass=\"so-widget-sow-editor so-widget-sow-editor-base\"\n\t\t\t\n\t\t>\n<div class=\"siteorigin-widget-tinymce textwidget\">\n\t<div class=\"mod\" lang=\"tr-TR\" data-attrid=\"kc:\/location\/location:address\" data-md=\"1002\" data-hveid=\"CBwQAA\" data-ved=\"2ahUKEwiGma3tjITsAhWy3OAKHYyjCPkQkCkwEHoECBwQAA\">\n<div class=\"Z1hOCe\">\n<div class=\"zloOqf PZPZlf\" data-dtype=\"d3ifr\" data-local-attribute=\"d3adr\" data-ved=\"2ahUKEwiGma3tjITsAhWy3OAKHYyjCPkQghwoADAQegQIHBAB\">\n<p>&nbsp;<\/p>\n<p>&nbsp;<\/p>\n<p>&nbsp;<\/p>\n<p>&nbsp;<\/p>\n<p><span class=\"w8qArf\"><a class=\"fl\" href=\"https:\/\/www.google.com\/search?rlz=1C1SQJL_trTR802TR802&amp;q=epilaser+g%C3%BCzellik+st%C3%BCdyosu+adres&amp;stick=H4sIAAAAAAAAAOPgE-LVT9c3NEwzNS8vKSky15LNTrbSz8lPTizJzM-DM6wSU1KKUouLF7EqpRZk5iQWpxYppB_eU5Wak5OZrVBccnhPSmV-calCIkgVABkQQ7VVAAAA&amp;ludocid=2703362973208657589&amp;sa=X&amp;ved=2ahUKEwiGma3tjITsAhWy3OAKHYyjCPkQ6BMwEHoECBwQAg\" data-ved=\"2ahUKEwiGma3tjITsAhWy3OAKHYyjCPkQ6BMwEHoECBwQAg\">Adres<\/a>:\u00a0<\/span><span class=\"LrzXr\">Bah\u00e7elievler Mh., Cumhuriyet Cd., No:5\/3\u00a0 06830 G\u00f6lba\u015f\u0131\/Ankara<\/span><\/p>\n<p>TEl:0505 347 89 32<\/p>\n<\/div>\n<\/div>\n<\/div>\n<\/div>\n<\/div><\/div><\/div><div id=\"pgc-1709-0-1\"  class=\"panel-grid-cell\" ><div id=\"panel-1709-0-1-0\" class=\"so-panel widget widget_sow-image panel-first-child panel-last-child\" data-index=\"1\" ><div\n\t\t\t\n\t\t\tclass=\"so-widget-sow-image so-widget-sow-image-default-8b5b6f678277-1709\"\n\t\t\t\n\t\t>\n<div class=\"sow-image-container\">\n\t\t<img \n\tsrc=\"https:\/\/www.estedem.com\/tr\/wp-content\/uploads\/2019\/11\/IMG_8148-1.jpg\" width=\"2160\" height=\"2160\" srcset=\"https:\/\/www.estedem.com\/tr\/wp-content\/uploads\/2019\/11\/IMG_8148-1.jpg 2160w, https:\/\/www.estedem.com\/tr\/wp-content\/uploads\/2019\/11\/IMG_8148-1-150x150.jpg 150w, https:\/\/www.estedem.com\/tr\/wp-content\/uploads\/2019\/11\/IMG_8148-1-300x300.jpg 300w, https:\/\/www.estedem.com\/tr\/wp-content\/uploads\/2019\/11\/IMG_8148-1-768x768.jpg 768w, https:\/\/www.estedem.com\/tr\/wp-content\/uploads\/2019\/11\/IMG_8148-1-1024x1024.jpg 1024w\" sizes=\"(max-width: 2160px) 100vw, 2160px\" title=\"IMG_8148 (1)\" alt=\"\" \t\tclass=\"so-widget-image\"\/>\n\t<\/div>\n\n<\/div><\/div><\/div><\/div><div id=\"pg-1709-1\"  class=\"panel-grid panel-no-style\" ><div id=\"pgc-1709-1-0\"  class=\"panel-grid-cell\" ><div id=\"panel-1709-1-0-0\" class=\"so-panel widget widget_sow-image panel-first-child panel-last-child\" data-index=\"2\" ><div\n\t\t\t\n\t\t\tclass=\"so-widget-sow-image so-widget-sow-image-default-8b5b6f678277-1709\"\n\t\t\t\n\t\t>\n<div class=\"sow-image-container\">\n\t\t<img \n\tsrc=\"https:\/\/www.estedem.com\/tr\/wp-content\/uploads\/2020\/09\/IMG_4572.jpg\" width=\"512\" height=\"640\" srcset=\"https:\/\/www.estedem.com\/tr\/wp-content\/uploads\/2020\/09\/IMG_4572.jpg 512w, https:\/\/www.estedem.com\/tr\/wp-content\/uploads\/2020\/09\/IMG_4572-240x300.jpg 240w\" sizes=\"(max-width: 512px) 100vw, 512px\" alt=\"\" \t\tclass=\"so-widget-image\"\/>\n\t<\/div>\n\n<\/div><\/div><\/div><div id=\"pgc-1709-1-1\"  class=\"panel-grid-cell\" ><div id=\"panel-1709-1-1-0\" class=\"so-panel widget widget_media_video panel-first-child panel-last-child\" data-index=\"3\" ><div style=\"width:100%;\" class=\"wp-video\"><video class=\"wp-video-shortcode\" id=\"video-1709-1\" preload=\"metadata\" controls=\"controls\"><source type=\"video\/mp4\" src=\"https:\/\/www.estedem.com\/tr\/wp-content\/uploads\/2019\/01\/WhatsApp-Video-2019-01-17-at-11.57.38-1.mp4?_=1\" \/><source type=\"video\/mp4\" src=\"https:\/\/www.estedem.com\/tr\/wp-content\/uploads\/2019\/01\/WhatsApp-Video-2019-01-17-at-11.57.38-1.mp4?_=1\" \/><a href=\"https:\/\/www.estedem.com\/tr\/wp-content\/uploads\/2019\/01\/WhatsApp-Video-2019-01-17-at-11.57.38-1.mp4\">https:\/\/www.estedem.com\/tr\/wp-content\/uploads\/2019\/01\/WhatsApp-Video-2019-01-17-at-11.57.38-1.mp4<\/a><\/video><\/div><\/div><\/div><\/div><\/div>","protected":false},"excerpt":{"rendered":"<p>&nbsp; &nbsp; &nbsp; &nbsp; Adres:\u00a0Bah\u00e7elievler Mh., Cumhuriyet Cd., No:5\/3\u00a0 06830 G\u00f6lba\u015f\u0131\/Ankara TEl:0505 347 89 32<\/p>\n","protected":false},"author":2,"featured_media":0,"parent":0,"menu_order":0,"comment_status":"closed","ping_status":"closed","template":"","meta":{"h5ap_radio_sources":[],"footnotes":""},"class_list":["post-1709","page","type-page","status-publish","hentry"],"_links":{"self":[{"href":"https:\/\/www.estedem.com\/tr\/wp-json\/wp\/v2\/pages\/1709","targetHints":{"allow":["GET"]}}],"collection":[{"href":"https:\/\/www.estedem.com\/tr\/wp-json\/wp\/v2\/pages"}],"about":[{"href":"https:\/\/www.estedem.com\/tr\/wp-json\/wp\/v2\/types\/page"}],"author":[{"embeddable":true,"href":"https:\/\/www.estedem.com\/tr\/wp-json\/wp\/v2\/users\/2"}],"replies":[{"embeddable":true,"href":"https:\/\/www.estedem.com\/tr\/wp-json\/wp\/v2\/comments?post=1709"}],"version-history":[{"count":21,"href":"https:\/\/www.estedem.com\/tr\/wp-json\/wp\/v2\/pages\/1709\/revisions"}],"predecessor-version":[{"id":2181,"href":"https:\/\/www.estedem.com\/tr\/wp-json\/wp\/v2\/pages\/1709\/revisions\/2181"}],"wp:attachment":[{"href":"https:\/\/www.estedem.com\/tr\/wp-json\/wp\/v2\/media?parent=1709"}],"curies":[{"name":"wp","href":"https:\/\/api.w.org\/{rel}","templated":true}]}}