  
{"id":1682,"date":"2019-11-05T10:24:49","date_gmt":"2019-11-05T10:24:49","guid":{"rendered":"https:\/\/www.estedem.com\/tr\/?page_id=1682"},"modified":"2019-11-05T10:27:26","modified_gmt":"2019-11-05T10:27:26","slug":"ozdem-guzellik-salonu","status":"publish","type":"page","link":"https:\/\/www.estedem.com\/tr\/ozdem-guzellik-salonu\/","title":{"rendered":"\u00d6ZDEM G\u00dcZELL\u0130K SALONU"},"content":{"rendered":"<div id=\"pl-1682\"  class=\"panel-layout\" ><div id=\"pg-1682-0\"  class=\"panel-grid panel-no-style\" ><div id=\"pgc-1682-0-0\"  class=\"panel-grid-cell\" ><div id=\"panel-1682-0-0-0\" class=\"so-panel widget widget_sow-image panel-first-child panel-last-child\" data-index=\"0\" ><div\n\t\t\t\n\t\t\tclass=\"so-widget-sow-image so-widget-sow-image-default-8b5b6f678277-1682\"\n\t\t\t\n\t\t>\n<div class=\"sow-image-container\">\n\t\t<img \n\tsrc=\"https:\/\/www.estedem.com\/tr\/wp-content\/uploads\/2019\/11\/93a58300-b578-4112-a8ce-9e12aafaca90.jpg\" width=\"1200\" height=\"1600\" srcset=\"https:\/\/www.estedem.com\/tr\/wp-content\/uploads\/2019\/11\/93a58300-b578-4112-a8ce-9e12aafaca90.jpg 1200w, https:\/\/www.estedem.com\/tr\/wp-content\/uploads\/2019\/11\/93a58300-b578-4112-a8ce-9e12aafaca90-225x300.jpg 225w, https:\/\/www.estedem.com\/tr\/wp-content\/uploads\/2019\/11\/93a58300-b578-4112-a8ce-9e12aafaca90-768x1024.jpg 768w\" sizes=\"(max-width: 1200px) 100vw, 1200px\" alt=\"\" \t\tclass=\"so-widget-image\"\/>\n\t<\/div>\n\n<\/div><\/div><\/div><\/div><\/div>","protected":false},"excerpt":{"rendered":"","protected":false},"author":2,"featured_media":0,"parent":0,"menu_order":0,"comment_status":"closed","ping_status":"closed","template":"","meta":{"h5ap_radio_sources":[],"footnotes":""},"class_list":["post-1682","page","type-page","status-publish","hentry"],"_links":{"self":[{"href":"https:\/\/www.estedem.com\/tr\/wp-json\/wp\/v2\/pages\/1682","targetHints":{"allow":["GET"]}}],"collection":[{"href":"https:\/\/www.estedem.com\/tr\/wp-json\/wp\/v2\/pages"}],"about":[{"href":"https:\/\/www.estedem.com\/tr\/wp-json\/wp\/v2\/types\/page"}],"author":[{"embeddable":true,"href":"https:\/\/www.estedem.com\/tr\/wp-json\/wp\/v2\/users\/2"}],"replies":[{"embeddable":true,"href":"https:\/\/www.estedem.com\/tr\/wp-json\/wp\/v2\/comments?post=1682"}],"version-history":[{"count":3,"href":"https:\/\/www.estedem.com\/tr\/wp-json\/wp\/v2\/pages\/1682\/revisions"}],"predecessor-version":[{"id":1689,"href":"https:\/\/www.estedem.com\/tr\/wp-json\/wp\/v2\/pages\/1682\/revisions\/1689"}],"wp:attachment":[{"href":"https:\/\/www.estedem.com\/tr\/wp-json\/wp\/v2\/media?parent=1682"}],"curies":[{"name":"wp","href":"https:\/\/api.w.org\/{rel}","templated":true}]}}