  
{"id":106,"date":"2019-01-10T14:07:15","date_gmt":"2019-01-10T14:07:15","guid":{"rendered":"http:\/\/www.estedem.com\/?page_id=106"},"modified":"2019-02-12T08:56:14","modified_gmt":"2019-02-12T08:56:14","slug":"active-optima-518","status":"publish","type":"page","link":"https:\/\/www.estedem.com\/tr\/active-optima-518\/","title":{"rendered":"ACT\u0130VE OPT\u0130MA 518 HIPL (GEM-PL)"},"content":{"rendered":"<div id=\"pl-106\"  class=\"panel-layout\" ><div id=\"pg-106-0\"  class=\"panel-grid panel-no-style\" ><div id=\"pgc-106-0-0\"  class=\"panel-grid-cell\" ><div id=\"panel-106-0-0-0\" class=\"so-panel widget widget_sow-image panel-first-child panel-last-child\" data-index=\"0\" ><div\n\t\t\t\n\t\t\tclass=\"so-widget-sow-image so-widget-sow-image-default-8b5b6f678277-106\"\n\t\t\t\n\t\t>\n<div class=\"sow-image-container\">\n\t\t<img \n\tsrc=\"https:\/\/www.estedem.com\/tr\/wp-content\/uploads\/2019\/01\/1349774349_elmmedya_1.jpg\" width=\"800\" height=\"800\" srcset=\"https:\/\/www.estedem.com\/tr\/wp-content\/uploads\/2019\/01\/1349774349_elmmedya_1.jpg 800w, https:\/\/www.estedem.com\/tr\/wp-content\/uploads\/2019\/01\/1349774349_elmmedya_1-150x150.jpg 150w, https:\/\/www.estedem.com\/tr\/wp-content\/uploads\/2019\/01\/1349774349_elmmedya_1-300x300.jpg 300w, https:\/\/www.estedem.com\/tr\/wp-content\/uploads\/2019\/01\/1349774349_elmmedya_1-768x768.jpg 768w\" sizes=\"(max-width: 800px) 100vw, 800px\" alt=\"\" \t\tclass=\"so-widget-image\"\/>\n\t<\/div>\n\n<\/div><\/div><\/div><div id=\"pgc-106-0-1\"  class=\"panel-grid-cell\" ><div id=\"panel-106-0-1-0\" class=\"so-panel widget widget_sow-accordion panel-first-child panel-last-child\" data-index=\"1\" ><div\n\t\t\t\n\t\t\tclass=\"so-widget-sow-accordion so-widget-sow-accordion-default-99be652ed941-106\"\n\t\t\t\n\t\t><div>\n\t<div class=\"sow-accordion\">\n\t\t\t<div class=\"sow-accordion-panel\n\t\t\t\t\t\"\n\t\t\t\tdata-anchor-id=\"aciklama\">\n\t\t\t\t\t<div class=\"sow-accordion-panel-header-container\" role=\"heading\" aria-level=\"2\">\n\t\t\t\t\t<div class=\"sow-accordion-panel-header\" tabindex=\"0\" role=\"button\" id=\"accordion-label-a%c3%a7%c4%b1klama\" aria-controls=\"accordion-content-a%c3%a7%c4%b1klama\" aria-expanded=\"false\">\n\t\t\t\t\t\t<div class=\"sow-accordion-title sow-accordion-title-icon-left\">\n\t\t\t\t\t\t\t\t\t\t\t\t\t\tA\u00e7\u0131klama\t\t\t\t\t\t\t\t\t\t\t\t\t<\/div>\n\t\t\t\t\t\t<div class=\"sow-accordion-open-close-button\">\n\t\t\t\t\t\t\t<div class=\"sow-accordion-open-button\">\n\t\t\t\t\t\t\t\t<span class=\"sow-icon-ionicons\" data-sow-icon=\"&#xf218;\"\n\t\t \n\t\taria-hidden=\"true\"><\/span>\t\t\t\t\t\t\t<\/div>\n\t\t\t\t\t\t\t<div class=\"sow-accordion-close-button\">\n\t\t\t\t\t\t\t\t<span class=\"sow-icon-ionicons\" data-sow-icon=\"&#xf209;\"\n\t\t \n\t\taria-hidden=\"true\"><\/span>\t\t\t\t\t\t\t<\/div>\n\t\t\t\t\t\t<\/div>\n\t\t\t\t\t<\/div>\n\t\t\t\t<\/div>\n\n\t\t\t<div\n\t\t\t\tclass=\"sow-accordion-panel-content\"\n\t\t\t\trole=\"region\"\n\t\t\t\taria-labelledby=\"accordion-label-a%c3%a7%c4%b1klama\"\n\t\t\t\tid=\"accordion-content-a%c3%a7%c4%b1klama\"\n\t\t\t\tstyle=\"display: none;\"\t\t\t>\n\t\t\t\t<div class=\"sow-accordion-panel-border\">\n\t\t\t\t\t<p>D\u00fcnyaca \u00fcnl\u00fc \u0130srail firmas\u0131 Active Optical System in yeni nesil lazer epilasyondaki en son bulu\u015fu... GEM-PL<\/p>\n<p>EP\u0130LASYONDA \u00c7I\u011eIR A\u00c7AN \u00a0OPT\u0130MA 518 GEM-PL \u00a0S\u0130STEM\u0130<\/p>\n<p>T\u00fcm t\u00fcy derinliklerinde sonu\u00e7 veren, cevher teknolojisi.<\/p>\n<p>Avrupa birli\u011fi CE onayl\u0131*Medikal CE onayl\u0131<\/p>\n<p>Amerikan FDA onayl\u0131<\/p>\n<p>S\u0131n\u0131f\u0131n\u0131n en iyi cihaz\u0131 oldu\u011fu t\u00fcm d\u00fcnyada kabul edilmi\u015ftir.<\/p>\n<p>D\u00fcnyaca kabul g\u00f6rm\u00fc\u015f 16 kalite sertifikas\u0131 vard\u0131r<\/p>\n<p>At\u0131m h\u0131z\u0131na m\u00fcdahale etme imkan\u0131.0,5 saniyede 1 at\u0131m yapabilir.<\/p>\n<p>Tek lambada 300,000 at\u0131m yapabilir.Ar\u0131za olas\u0131l\u0131\u011f\u0131 d\u00fc\u015f\u00fckl\u00fc\u011f\u00fc ile \u00fcnl\u00fcd\u00fcr.<\/p>\n<p>Hava so\u011futmal\u0131d\u0131r.Kesinlikle su so\u011futma bulunmamaktad\u0131r.<\/p>\n<p>2 y\u0131l \u00fcretim hatalar\u0131na kar\u015f\u0131 \u00fccretsiz garantili*8 y\u0131l \u00fccretli servis ve yedek par\u00e7a garantili<\/p>\n<p>En iyi sonu\u00e7 i\u00e7in kabul edilen ebat olan 7,5 santimetre karelik dev ba\u015fl\u0131k boyutu<\/p>\n<p>24 saatte T\u00fcrkiyenin her yerine teknik servis imkan\u0131<\/p>\n<p>*\u00a0CE MDD<\/p>\n<p>Intl. Medical Standard<\/p>\n<p>*\u00a0FDA<\/p>\n<p>US Safety Standard<\/p>\n<p>*\u00a0ISO-13485<\/p>\n<p>Med. Production STD<\/p>\n<p>*\u00a0IEC 60-601-1<\/p>\n<p>Medical Safety STD<\/p>\n<p>*\u00a0CFS<\/p>\n<p>Gov. Health Approval<\/p>\n<p>*\u00a0CSA<\/p>\n<p>Can.&amp; US Safety App<\/p>\n<p>*\u00a0TGA<\/p>\n<p>Australian health STD.<\/p>\n<p>ABOUT ACT\u0130VE<\/p>\n<p>D\u00fcnyadaki OPT\u0130MA 518 GEM-PL kullan\u0131c\u0131 yorumlar\u0131,<\/p>\n<p>\u201cT\u00fcy giderme pazar\u0131nda en iyisi, i\u015f hacmimi art\u0131rd\u0131.\u201d-\u00a0 Ana Maria Barcosa, Natal,\u00a0BREZ\u0130LYA<\/p>\n<p>\u201c\u00c7ok verimli. Can yakm\u0131yor ve m\u00fc\u015fteriler olduk\u00e7a memnun .\u201d - Pierlot Claudie, Paris,FRANSA<\/p>\n<p>\u201cM\u00fckemmel bir cihaz, test sonu\u00e7lar\u0131 \u00e7ok iyi hastalar da mutlu \u201d - Kerstin Ellert, Bad Schwalbach,\u00a0ALMANYA<\/p>\n<p>\u201c\u0130yi sonu\u00e7lar. Kulland\u0131\u011f\u0131m di\u011fer cihazlara g\u00f6re b\u00fcy\u00fck fark var .\u201d \u00a0- Joahanna Kniivila, Helsinki,\u00a0F\u0130NLAND\u0130YA<\/p>\n<p>\u201cSOnu\u00e7lar inan\u0131lmaz h\u0131zl\u0131. Uygulama soras\u0131nda yan etki yok \u201d - Violet Shelly, Holon,\u00a0\u0130SRA\u0130L<\/p>\n<p>\u201cT\u00fcy gidermede yeni bir yol. Hastalarda hi\u00e7 ac\u0131 yok \u201d - Gisela Hill-Bradder, Limburg,\u00a0ALMANYA<\/p>\n<p>\u201cKesinlikle en iyisi!\u201d - Emmanuelle Miquet, Nouilly,\u00a0FRANSA<\/p>\n<p>\u201cM\u00fc\u015flterilerden gelen tepkilerden \u00a0ne kadar g\u00fcvenilir ve kabiliyet yelpazesinin ne kadar geni\u015f oldu\u011funu g\u00f6r\u00fcyoruz .\u201d\u00a0 - Dr Liana Moslovich,RUSYA<\/p>\n<p>\u201cAkne tedavisinde \u00e7ok etkili -\u015fa\u015fk\u0131nl\u0131k verici .\u201d - Carol Lespi Niemi, Toronto,KANADA<\/p>\n\t\t\t\t<\/div>\n\t\t\t<\/div>\n\t\t<\/div>\n\t\t\t<div class=\"sow-accordion-panel\n\t\t\t\t\t\"\n\t\t\t\tdata-anchor-id=\"teknik-bilgi\">\n\t\t\t\t\t<div class=\"sow-accordion-panel-header-container\" role=\"heading\" aria-level=\"2\">\n\t\t\t\t\t<div class=\"sow-accordion-panel-header\" tabindex=\"0\" role=\"button\" id=\"accordion-label-teknik-bilgi\" aria-controls=\"accordion-content-teknik-bilgi\" aria-expanded=\"false\">\n\t\t\t\t\t\t<div class=\"sow-accordion-title sow-accordion-title-icon-left\">\n\t\t\t\t\t\t\t\t\t\t\t\t\t\tTeknik Bilgi\t\t\t\t\t\t\t\t\t\t\t\t\t<\/div>\n\t\t\t\t\t\t<div class=\"sow-accordion-open-close-button\">\n\t\t\t\t\t\t\t<div class=\"sow-accordion-open-button\">\n\t\t\t\t\t\t\t\t<span class=\"sow-icon-ionicons\" data-sow-icon=\"&#xf218;\"\n\t\t \n\t\taria-hidden=\"true\"><\/span>\t\t\t\t\t\t\t<\/div>\n\t\t\t\t\t\t\t<div class=\"sow-accordion-close-button\">\n\t\t\t\t\t\t\t\t<span class=\"sow-icon-ionicons\" data-sow-icon=\"&#xf209;\"\n\t\t \n\t\taria-hidden=\"true\"><\/span>\t\t\t\t\t\t\t<\/div>\n\t\t\t\t\t\t<\/div>\n\t\t\t\t\t<\/div>\n\t\t\t\t<\/div>\n\n\t\t\t<div\n\t\t\t\tclass=\"sow-accordion-panel-content\"\n\t\t\t\trole=\"region\"\n\t\t\t\taria-labelledby=\"accordion-label-teknik-bilgi\"\n\t\t\t\tid=\"accordion-content-teknik-bilgi\"\n\t\t\t\tstyle=\"display: none;\"\t\t\t>\n\t\t\t\t<div class=\"sow-accordion-panel-border\">\n\t\t\t\t\t<p>T\u00fcm modeller 2 y\u0131l garantilidir<\/p>\n<p>T\u00fcm modeller Avrupa Birli\u011fi CE belgesine sahiptir.<\/p>\n<p>T\u00fcrkiyenin her yerine 24 saatte teknik servis garantisi vard\u0131r.<\/p>\n<p>Kalite Sertifikalar\u0131<\/p>\n<p>\u00a0<\/p>\n<p>*\u00a0CE MDD\n<\/p><p>Intl. Medical Standard\n\n<\/p><p>*\u00a0FDA\n<\/p><p>US Safety Standard\n\n<\/p><p>*\u00a0ISO-13485\n<\/p><p>Med. Production STD\n\n<\/p><p>*\u00a0IEC 60-601-1\n<\/p><p>Medical Safety STD\n\n<\/p><p>*\u00a0CFS\n<\/p><p>Gov. Health Approval\n\n<\/p><p>*\u00a0CSA\n<\/p><p>Can.& US Safety App\n\n<\/p><p>*\u00a0TGA\n<\/p><p>Australian health STD.\n\n\n\n\n\n\n<\/p><p>\u00a0<\/p>\n<p>NEDEN ACT\u0130VE?\n\n\n\n\n\n<\/p><p>\u00a0<br \/>\nActive Optical Systems Ltd.\u00a0Lazer epilasyon tekni\u011finin T\u00fcy Giderme ve Estetik Cilt Uygulamalar\u0131 alanlar\u0131nda kullan\u0131m\u0131na dair \u00f6nde gelen imalat ve teknoloji firmas\u0131d\u0131r.<br \/>\nActive'in \u00fcr\u00fcnleri piyasadaki en \u00fcst\u00fcn maliyet verimini sunar. Cihazlar bak\u0131m ve sarf malzemeleri bak\u0131m\u0131ndan neredeyse hi\u00e7bir ilave masraf gerektirmeden g\u00fcnde 10-16 saat \u00e7al\u0131\u015fmak \u00fczere tasarlanm\u0131\u015ft\u0131r.<\/p>\n<p>Firmam\u0131z\u0131n cihazlar\u0131 dahice bir basitli\u011fe sahiptir: 3 \u00e7al\u0131\u015ft\u0131rma tu\u015fu \u00f6nceden tan\u0131mlanm\u0131\u015f ve uygulay\u0131c\u0131n\u0131n optimum uygulama sonu\u00e7lar\u0131n\u0131 elde etmesi \u00fczere rehberlik eden dijital programlar\u0131 harekete ge\u00e7irir.<\/p>\n<p>Active'in y\u00fcksek verimli uygulamalar\u0131 T\u00fcy Giderme ve di\u011fer cilt Uygulamalar\u0131na dair k\u0131yaslanamaz uygulama sonu\u00e7lar\u0131 ortaya \u00e7\u0131karan bir dizi dahili biyolojik s\u00fcre\u00e7 ba\u015flat\u0131r.<\/p>\n<p>Cihazlar benzersiz GEM-PL teknolojisini i\u00e7erir ki bu teknoloji bir enerji y\u0131\u011f\u0131n\u0131n\u0131 cilt alt\u0131nda birka\u00e7 milimetre altta konumlanm\u0131\u015f bir geometrik d\u00fczlem \u00fczerinde yo\u011funla\u015ft\u0131rarak ac\u0131y\u0131 ve yan etkileri ortadan kald\u0131r\u0131r.<\/p>\n<p>30 y\u0131ll\u0131k piyasa tecr\u00fcbesine sahibiz ve m\u00fc\u015fterimizin ba\u015far\u0131s\u0131n\u0131n bizim ba\u015far\u0131m\u0131z anlam\u0131na gelece\u011finin fark\u0131nday\u0131z. M\u00fc\u015fterilerimizi korumak g\u00f6revimizdir ve sadece sat\u0131n al\u0131p gitmemesi, daha ziyade ileti\u015fimde kal\u0131p profesyonel tavsiyeler ve ba\u015far\u0131ya d\u00f6n\u00fck rehberlik almas\u0131n\u0131 temin etmekteyiz.<\/p>\n<p>Ba\u015fl\u0131ca Avantajlar\u0131m\u0131z:<br \/>\n1.\u00a0\u00a0\u00a0\u00a0\u00a0\u00a0 T\u00fcm bahsi ge\u00e7en uygulamalarda Kan\u0131tlanm\u0131\u015f Klinik Etkinlik.<br \/>\n2.\u00a0\u00a0\u00a0\u00a0\u00a0\u00a0 Uluslararas\u0131 Emniyet, Klinik ve Kalite Koruma Onaylar\u0131: Amerikan FDA, CE-MDD,\u00a0ISO ve dahas\u0131.<br \/>\n3.\u00a0\u00a0\u00a0\u00a0\u00a0\u00a0 B\u00fct\u00fcn probun de\u011fi\u015fmesine gerek yok, sadece lamban\u0131n de\u011fi\u015fmesi yeterlidir.<br \/>\n4.\u00a0\u00a0\u00a0\u00a0\u00a0\u00a0 Lamba 300,000 at\u0131\u015f yapabilir.<br \/>\n5.\u00a0\u00a0\u00a0\u00a0\u00a0\u00a0 EN b\u00fcy\u00fck uygulama spot boyutlar\u0131: 50x15 mm (uygulama spot boyutu ne kadar b\u00fcy\u00fck olursa belirli bir cilt alan\u0131n\u0131 daha k\u0131sa uygulama s\u00fcresinde tedavi etmek i\u00e7in daha da az at\u0131\u015f yeterli olacakt\u0131r).<br \/>\n6.\u00a0\u00a0\u00a0\u00a0\u00a0\u00a0\u00a0 Kapsaml\u0131 garanti.<br \/>\n7.\u00a0\u00a0\u00a0\u00a0\u00a0\u00a0\u00a0 Ayr\u0131nt\u0131l\u0131 Uygulama Protokolleri.<br \/>\n8.\u00a0\u00a0\u00a0\u00a0\u00a0\u00a0\u00a0 Kapsaml\u0131 sat\u0131\u015f sonras\u0131 destek.<br \/>\n9.\u00a0\u00a0\u00a0\u00a0\u00a0\u00a0\u00a0 S\u00fcrekli \u00fcr\u00fcn geli\u015ftirme ve yeni versiyonlara y\u00fckseltme.<\/p>\n\n\n\n\n\n\n\n\n\t\t\t\t<\/div>\n\t\t\t<\/div>\n\t\t<\/div>\n\t\t\t<div class=\"sow-accordion-panel\n\t\t\t\t\t\"\n\t\t\t\tdata-anchor-id=\"video\">\n\t\t\t\t\t<div class=\"sow-accordion-panel-header-container\" role=\"heading\" aria-level=\"2\">\n\t\t\t\t\t<div class=\"sow-accordion-panel-header\" tabindex=\"0\" role=\"button\" id=\"accordion-label-video\" aria-controls=\"accordion-content-video\" aria-expanded=\"false\">\n\t\t\t\t\t\t<div class=\"sow-accordion-title sow-accordion-title-icon-left\">\n\t\t\t\t\t\t\t\t\t\t\t\t\t\tVideo\t\t\t\t\t\t\t\t\t\t\t\t\t<\/div>\n\t\t\t\t\t\t<div class=\"sow-accordion-open-close-button\">\n\t\t\t\t\t\t\t<div class=\"sow-accordion-open-button\">\n\t\t\t\t\t\t\t\t<span class=\"sow-icon-ionicons\" data-sow-icon=\"&#xf218;\"\n\t\t \n\t\taria-hidden=\"true\"><\/span>\t\t\t\t\t\t\t<\/div>\n\t\t\t\t\t\t\t<div class=\"sow-accordion-close-button\">\n\t\t\t\t\t\t\t\t<span class=\"sow-icon-ionicons\" data-sow-icon=\"&#xf209;\"\n\t\t \n\t\taria-hidden=\"true\"><\/span>\t\t\t\t\t\t\t<\/div>\n\t\t\t\t\t\t<\/div>\n\t\t\t\t\t<\/div>\n\t\t\t\t<\/div>\n\n\t\t\t<div\n\t\t\t\tclass=\"sow-accordion-panel-content\"\n\t\t\t\trole=\"region\"\n\t\t\t\taria-labelledby=\"accordion-label-video\"\n\t\t\t\tid=\"accordion-content-video\"\n\t\t\t\tstyle=\"display: none;\"\t\t\t>\n\t\t\t\t<div class=\"sow-accordion-panel-border\">\n\t\t\t\t\t\t\t\t\t<\/div>\n\t\t\t<\/div>\n\t\t<\/div>\n\t\t\t<div class=\"sow-accordion-panel\n\t\t\t\t\t\"\n\t\t\t\tdata-anchor-id=\"kullanma-kilavuzu\">\n\t\t\t\t\t<div class=\"sow-accordion-panel-header-container\" role=\"heading\" aria-level=\"2\">\n\t\t\t\t\t<div class=\"sow-accordion-panel-header\" tabindex=\"0\" role=\"button\" id=\"accordion-label-kullanma-k%c4%b1lavuzu\" aria-controls=\"accordion-content-kullanma-k%c4%b1lavuzu\" aria-expanded=\"false\">\n\t\t\t\t\t\t<div class=\"sow-accordion-title sow-accordion-title-icon-left\">\n\t\t\t\t\t\t\t\t\t\t\t\t\t\tKullanma K\u0131lavuzu\t\t\t\t\t\t\t\t\t\t\t\t\t<\/div>\n\t\t\t\t\t\t<div class=\"sow-accordion-open-close-button\">\n\t\t\t\t\t\t\t<div class=\"sow-accordion-open-button\">\n\t\t\t\t\t\t\t\t<span class=\"sow-icon-ionicons\" data-sow-icon=\"&#xf218;\"\n\t\t \n\t\taria-hidden=\"true\"><\/span>\t\t\t\t\t\t\t<\/div>\n\t\t\t\t\t\t\t<div class=\"sow-accordion-close-button\">\n\t\t\t\t\t\t\t\t<span class=\"sow-icon-ionicons\" data-sow-icon=\"&#xf209;\"\n\t\t \n\t\taria-hidden=\"true\"><\/span>\t\t\t\t\t\t\t<\/div>\n\t\t\t\t\t\t<\/div>\n\t\t\t\t\t<\/div>\n\t\t\t\t<\/div>\n\n\t\t\t<div\n\t\t\t\tclass=\"sow-accordion-panel-content\"\n\t\t\t\trole=\"region\"\n\t\t\t\taria-labelledby=\"accordion-label-kullanma-k%c4%b1lavuzu\"\n\t\t\t\tid=\"accordion-content-kullanma-k%c4%b1lavuzu\"\n\t\t\t\tstyle=\"display: none;\"\t\t\t>\n\t\t\t\t<div class=\"sow-accordion-panel-border\">\n\t\t\t\t\t\t\t\t\t<\/div>\n\t\t\t<\/div>\n\t\t<\/div>\n\t\t\t<div class=\"sow-accordion-panel\n\t\t\t\t\t\"\n\t\t\t\tdata-anchor-id=\"gorseller\">\n\t\t\t\t\t<div class=\"sow-accordion-panel-header-container\" role=\"heading\" aria-level=\"2\">\n\t\t\t\t\t<div class=\"sow-accordion-panel-header\" tabindex=\"0\" role=\"button\" id=\"accordion-label-g%c3%b6rseller\" aria-controls=\"accordion-content-g%c3%b6rseller\" aria-expanded=\"false\">\n\t\t\t\t\t\t<div class=\"sow-accordion-title sow-accordion-title-icon-left\">\n\t\t\t\t\t\t\t\t\t\t\t\t\t\tG\u00f6rseller\t\t\t\t\t\t\t\t\t\t\t\t\t<\/div>\n\t\t\t\t\t\t<div class=\"sow-accordion-open-close-button\">\n\t\t\t\t\t\t\t<div class=\"sow-accordion-open-button\">\n\t\t\t\t\t\t\t\t<span class=\"sow-icon-ionicons\" data-sow-icon=\"&#xf218;\"\n\t\t \n\t\taria-hidden=\"true\"><\/span>\t\t\t\t\t\t\t<\/div>\n\t\t\t\t\t\t\t<div class=\"sow-accordion-close-button\">\n\t\t\t\t\t\t\t\t<span class=\"sow-icon-ionicons\" data-sow-icon=\"&#xf209;\"\n\t\t \n\t\taria-hidden=\"true\"><\/span>\t\t\t\t\t\t\t<\/div>\n\t\t\t\t\t\t<\/div>\n\t\t\t\t\t<\/div>\n\t\t\t\t<\/div>\n\n\t\t\t<div\n\t\t\t\tclass=\"sow-accordion-panel-content\"\n\t\t\t\trole=\"region\"\n\t\t\t\taria-labelledby=\"accordion-label-g%c3%b6rseller\"\n\t\t\t\tid=\"accordion-content-g%c3%b6rseller\"\n\t\t\t\tstyle=\"display: none;\"\t\t\t>\n\t\t\t\t<div class=\"sow-accordion-panel-border\">\n\t\t\t\t\t\n\t\t\t\t<\/div>\n\t\t\t<\/div>\n\t\t<\/div>\n\t\t<\/div>\n<\/div>\n<\/div><\/div><\/div><\/div><\/div>","protected":false},"excerpt":{"rendered":"<p>A\u00e7\u0131klama D\u00fcnyaca \u00fcnl\u00fc \u0130srail firmas\u0131 Active Optical System in yeni nesil lazer epilasyondaki en son bulu\u015fu&#8230; GEM-PL EP\u0130LASYONDA \u00c7I\u011eIR A\u00c7AN \u00a0OPT\u0130MA 518 GEM-PL \u00a0S\u0130STEM\u0130 T\u00fcm t\u00fcy derinliklerinde sonu\u00e7 veren, cevher teknolojisi. Avrupa birli\u011fi CE onayl\u0131*Medikal CE onayl\u0131 Amerikan FDA onayl\u0131 S\u0131n\u0131f\u0131n\u0131n en iyi cihaz\u0131 oldu\u011fu t\u00fcm d\u00fcnyada kabul edilmi\u015ftir. D\u00fcnyaca kabul g\u00f6rm\u00fc\u015f 16 kalite sertifikas\u0131 [&hellip;]<\/p>\n","protected":false},"author":1,"featured_media":0,"parent":0,"menu_order":0,"comment_status":"closed","ping_status":"closed","template":"","meta":{"h5ap_radio_sources":[],"footnotes":""},"class_list":["post-106","page","type-page","status-publish","hentry"],"_links":{"self":[{"href":"https:\/\/www.estedem.com\/tr\/wp-json\/wp\/v2\/pages\/106","targetHints":{"allow":["GET"]}}],"collection":[{"href":"https:\/\/www.estedem.com\/tr\/wp-json\/wp\/v2\/pages"}],"about":[{"href":"https:\/\/www.estedem.com\/tr\/wp-json\/wp\/v2\/types\/page"}],"author":[{"embeddable":true,"href":"https:\/\/www.estedem.com\/tr\/wp-json\/wp\/v2\/users\/1"}],"replies":[{"embeddable":true,"href":"https:\/\/www.estedem.com\/tr\/wp-json\/wp\/v2\/comments?post=106"}],"version-history":[{"count":8,"href":"https:\/\/www.estedem.com\/tr\/wp-json\/wp\/v2\/pages\/106\/revisions"}],"predecessor-version":[{"id":2078,"href":"https:\/\/www.estedem.com\/tr\/wp-json\/wp\/v2\/pages\/106\/revisions\/2078"}],"wp:attachment":[{"href":"https:\/\/www.estedem.com\/tr\/wp-json\/wp\/v2\/media?parent=106"}],"curies":[{"name":"wp","href":"https:\/\/api.w.org\/{rel}","templated":true}]}}