  
{"id":1012,"date":"2019-02-13T07:02:08","date_gmt":"2019-02-13T07:02:08","guid":{"rendered":"https:\/\/www.estedem.com\/tr\/?page_id=1012"},"modified":"2019-02-14T13:09:05","modified_gmt":"2019-02-14T13:09:05","slug":"kentpark-guzellik-salonu","status":"publish","type":"page","link":"https:\/\/www.estedem.com\/tr\/kentpark-guzellik-salonu\/","title":{"rendered":"KENTPARK G\u00dcZELL\u0130K SALONU"},"content":{"rendered":"<div id=\"pl-1012\"  class=\"panel-layout\" ><div id=\"pg-1012-0\"  class=\"panel-grid panel-no-style\" ><div id=\"pgc-1012-0-0\"  class=\"panel-grid-cell\" ><div id=\"panel-1012-0-0-0\" class=\"so-panel widget widget_sow-editor panel-first-child\" data-index=\"0\" ><div\n\t\t\t\n\t\t\tclass=\"so-widget-sow-editor so-widget-sow-editor-base\"\n\t\t\t\n\t\t>\n<div class=\"siteorigin-widget-tinymce textwidget\">\n\t<p>FELSEFEM\u0130Z<\/p>\n<p>Bizim felsefemiz g\u00fcven ve ba\u015far\u0131\u00a0\u00fczerine kuruludur.Tutkulu, hayalleri,\u00a0vizyonu olan ve bunlar\u0131 ger\u00e7e\u011fe\u00a0d\u00f6n\u00fc\u015ft\u00fcrmek isteyen insanlar i\u00e7in\u00a0buraday\u0131z.<\/p>\n<p>G\u00fczellik trendlerini\u00a0yak\u0131ndan izliyor, New York ve Paris tecr\u00fcbemizi an\u0131nda\u00a0Kent Park G\u00fczellik Salonuna ta\u015f\u0131yoruz.<\/p>\n<p>K\u00fc\u00e7\u00fck \u015feylerin b\u00fcy\u00fck de\u011fi\u015fimler yapt\u0131\u011f\u0131na inan\u0131yoruz.<\/p>\n<p>&nbsp;<\/p>\n<p>Adres:\u00a0Nasuh Dede Mah. Hac\u0131 Hasan Cad. No:4 Merkez\/KIR\u015eEH\u0130R<\/p>\n<p>Telefon:\u00a00386 214 45 65 - 0\u00a0544 650 42 54<\/p>\n<p><a href=\"https:\/\/www.kentparksalon.com\/\">www.kentparksalon.com<\/a><\/p>\n<\/div>\n<\/div><\/div><div id=\"panel-1012-0-0-1\" class=\"so-panel widget widget_sow-image panel-last-child\" data-index=\"1\" ><div\n\t\t\t\n\t\t\tclass=\"so-widget-sow-image so-widget-sow-image-default-8b5b6f678277-1012\"\n\t\t\t\n\t\t><\/div><\/div><\/div><div id=\"pgc-1012-0-1\"  class=\"panel-grid-cell\" ><div id=\"panel-1012-0-1-0\" class=\"so-panel widget widget_sow-image panel-first-child\" data-index=\"2\" ><div\n\t\t\t\n\t\t\tclass=\"so-widget-sow-image so-widget-sow-image-default-8b5b6f678277-1012\"\n\t\t\t\n\t\t>\n<div class=\"sow-image-container\">\n\t\t<img \n\tsrc=\"https:\/\/www.estedem.com\/tr\/wp-content\/uploads\/2019\/02\/842a2ab2-c5f4-4da3-9d57-8828931c87b6.jpg\" width=\"1125\" height=\"815\" srcset=\"https:\/\/www.estedem.com\/tr\/wp-content\/uploads\/2019\/02\/842a2ab2-c5f4-4da3-9d57-8828931c87b6.jpg 1125w, https:\/\/www.estedem.com\/tr\/wp-content\/uploads\/2019\/02\/842a2ab2-c5f4-4da3-9d57-8828931c87b6-300x217.jpg 300w, https:\/\/www.estedem.com\/tr\/wp-content\/uploads\/2019\/02\/842a2ab2-c5f4-4da3-9d57-8828931c87b6-768x556.jpg 768w, https:\/\/www.estedem.com\/tr\/wp-content\/uploads\/2019\/02\/842a2ab2-c5f4-4da3-9d57-8828931c87b6-1024x742.jpg 1024w\" sizes=\"(max-width: 1125px) 100vw, 1125px\" alt=\"\" \t\tclass=\"so-widget-image\"\/>\n\t<\/div>\n\n<\/div><\/div><\/div><\/div><\/div>","protected":false},"excerpt":{"rendered":"<p>FELSEFEM\u0130Z Bizim felsefemiz g\u00fcven ve ba\u015far\u0131\u00a0\u00fczerine kuruludur.Tutkulu, hayalleri,\u00a0vizyonu olan ve bunlar\u0131 ger\u00e7e\u011fe\u00a0d\u00f6n\u00fc\u015ft\u00fcrmek isteyen insanlar i\u00e7in\u00a0buraday\u0131z. G\u00fczellik trendlerini\u00a0yak\u0131ndan izliyor, New York ve Paris tecr\u00fcbemizi an\u0131nda\u00a0Kent Park G\u00fczellik Salonuna ta\u015f\u0131yoruz. K\u00fc\u00e7\u00fck \u015feylerin b\u00fcy\u00fck de\u011fi\u015fimler yapt\u0131\u011f\u0131na inan\u0131yoruz. &nbsp; Adres:\u00a0Nasuh Dede Mah. Hac\u0131 Hasan Cad. No:4 Merkez\/KIR\u015eEH\u0130R Telefon:\u00a00386 214 45 65 &#8211; 0\u00a0544 650 42 54 www.kentparksalon.com<\/p>\n","protected":false},"author":1,"featured_media":0,"parent":0,"menu_order":0,"comment_status":"closed","ping_status":"closed","template":"","meta":{"h5ap_radio_sources":[],"footnotes":""},"class_list":["post-1012","page","type-page","status-publish","hentry"],"_links":{"self":[{"href":"https:\/\/www.estedem.com\/tr\/wp-json\/wp\/v2\/pages\/1012","targetHints":{"allow":["GET"]}}],"collection":[{"href":"https:\/\/www.estedem.com\/tr\/wp-json\/wp\/v2\/pages"}],"about":[{"href":"https:\/\/www.estedem.com\/tr\/wp-json\/wp\/v2\/types\/page"}],"author":[{"embeddable":true,"href":"https:\/\/www.estedem.com\/tr\/wp-json\/wp\/v2\/users\/1"}],"replies":[{"embeddable":true,"href":"https:\/\/www.estedem.com\/tr\/wp-json\/wp\/v2\/comments?post=1012"}],"version-history":[{"count":14,"href":"https:\/\/www.estedem.com\/tr\/wp-json\/wp\/v2\/pages\/1012\/revisions"}],"predecessor-version":[{"id":1405,"href":"https:\/\/www.estedem.com\/tr\/wp-json\/wp\/v2\/pages\/1012\/revisions\/1405"}],"wp:attachment":[{"href":"https:\/\/www.estedem.com\/tr\/wp-json\/wp\/v2\/media?parent=1012"}],"curies":[{"name":"wp","href":"https:\/\/api.w.org\/{rel}","templated":true}]}}