  
{"id":10,"date":"2019-01-10T11:22:16","date_gmt":"2019-01-10T11:22:16","guid":{"rendered":"http:\/\/www.estedem.com\/?page_id=10"},"modified":"2019-05-13T09:41:33","modified_gmt":"2019-05-13T09:41:33","slug":"estedemhakkimizda","status":"publish","type":"page","link":"https:\/\/www.estedem.com\/tr\/estedemhakkimizda\/","title":{"rendered":"Hakk\u0131m\u0131zda"},"content":{"rendered":"<div id=\"pl-10\"  class=\"panel-layout\" ><div id=\"pg-10-0\"  class=\"panel-grid panel-no-style\" ><div id=\"pgc-10-0-0\"  class=\"panel-grid-cell\" ><div id=\"panel-10-0-0-0\" class=\"so-panel widget widget_sow-image panel-first-child panel-last-child\" data-index=\"0\" ><div\n\t\t\t\n\t\t\tclass=\"so-widget-sow-image so-widget-sow-image-default-8b5b6f678277-10\"\n\t\t\t\n\t\t>\n<div class=\"sow-image-container\">\n\t\t<img \n\tsrc=\"https:\/\/www.estedem.com\/tr\/wp-content\/uploads\/2019\/01\/19933335_194708284395200_6405750130628100096_n.jpg\" width=\"1080\" height=\"718\" srcset=\"https:\/\/www.estedem.com\/tr\/wp-content\/uploads\/2019\/01\/19933335_194708284395200_6405750130628100096_n.jpg 1080w, https:\/\/www.estedem.com\/tr\/wp-content\/uploads\/2019\/01\/19933335_194708284395200_6405750130628100096_n-300x199.jpg 300w, https:\/\/www.estedem.com\/tr\/wp-content\/uploads\/2019\/01\/19933335_194708284395200_6405750130628100096_n-768x511.jpg 768w, https:\/\/www.estedem.com\/tr\/wp-content\/uploads\/2019\/01\/19933335_194708284395200_6405750130628100096_n-1024x681.jpg 1024w, https:\/\/www.estedem.com\/tr\/wp-content\/uploads\/2019\/01\/19933335_194708284395200_6405750130628100096_n-272x182.jpg 272w\" sizes=\"(max-width: 1080px) 100vw, 1080px\" alt=\"\" \t\tclass=\"so-widget-image\"\/>\n\t<\/div>\n\n<\/div><\/div><\/div><div id=\"pgc-10-0-1\"  class=\"panel-grid-cell\" ><div id=\"panel-10-0-1-0\" class=\"so-panel widget widget_sow-editor panel-first-child panel-last-child\" data-index=\"1\" ><div\n\t\t\t\n\t\t\tclass=\"so-widget-sow-editor so-widget-sow-editor-base\"\n\t\t\t\n\t\t>\n<div class=\"siteorigin-widget-tinymce textwidget\">\n\t<p><span style=\"font-family: Tahoma; font-size: small;\">23 y\u0131ll\u0131k sekt\u00f6rel\u00a0 deneyim ve ba\u015far\u0131m\u0131z\u0131 bor\u00e7lu oldu\u011fumuz,\u00a0 do\u011fruluk, g\u00fcven\u00a0 ve d\u00fcr\u00fcstl\u00fck\u00a0 ilkelerinden \u00f6d\u00fcn vermeden ,d\u00fcnyadaki geli\u015fmeleri yak\u0131ndan takip ederek bug\u00fcnlere ula\u015ft\u0131k. Sekt\u00f6r\u00fcm\u00fczde \u00e7al\u0131\u015fan kurulu\u015flar\u0131n en b\u00fcy\u00fck beklentisi\u00a0 olan kaliteli \u00fcr\u00fcnleri\u00a0 ekonomik se\u00e7eneklerle temin etme ve sat\u0131\u015f sonras\u0131 hizmetleri konular\u0131ndaki\u00a0 ihtiyaca, \u00f6rnek seviye\u00a0 yan\u0131t verebilecek, uzmanla\u015fm\u0131\u015f bir ekiple yol alman\u0131n hakl\u0131 gururunu ya\u015f\u0131yoruz.<\/span><\/p>\n<p><span style=\"font-family: Tahoma; font-size: small;\">Hedef kitlemizi olu\u015fturan hastaneler,SPA otelleri,G\u00fczellik merkezleri ve\u00a0 polikliniklere,ihtiya\u00e7 duyduklar\u0131 t\u00fcm makine,ekipman,teknik servis ve profesyonel dan\u0131\u015fmanl\u0131k hizmetlerimizle \u00a0ESTEDEM medikal-estetik-kozmetik fark\u0131 ile devam ediyoruz.<\/span><\/p>\n<p>&nbsp;<\/p>\n<p><span style=\"font-family: Tahoma; font-size: small;\">Sayg\u0131lar\u0131m\u0131zla,<\/span><\/p>\n<p><span style=\"font-family: Tahoma; font-size: small;\">Umut DEM\u0130R<\/span><\/p>\n<\/div>\n<\/div><\/div><\/div><\/div><div id=\"pg-10-1\"  class=\"panel-grid panel-no-style\" ><div id=\"pgc-10-1-0\"  class=\"panel-grid-cell\" ><div id=\"panel-10-1-0-0\" class=\"so-panel widget widget_sow-image panel-first-child panel-last-child\" data-index=\"2\" ><div\n\t\t\t\n\t\t\tclass=\"so-widget-sow-image so-widget-sow-image-default-8b5b6f678277-10\"\n\t\t\t\n\t\t>\n<div class=\"sow-image-container\">\n\t\t\t<a href=\"http:\/\/estedem.com\/tr\/wp-content\/themes\/estedem\/images\/1.jpeg\"\n\t\t\ttarget=\"_blank\" rel=\"noopener noreferrer\" \t\t data-rel=\"lightbox-image-0\" data-rl_title=\"\" data-rl_caption=\"\">\n\t\t\t<img \n\tsrc=\"https:\/\/www.estedem.com\/tr\/wp-content\/uploads\/2019\/02\/1-1-186x300.jpeg\" width=\"186\" height=\"300\" sizes=\"(max-width: 186px) 100vw, 186px\" title=\"\" alt=\"\" \t\tclass=\"so-widget-image\"\/>\n\t\t\t<\/a><\/div>\n\n<\/div><\/div><\/div><div id=\"pgc-10-1-1\"  class=\"panel-grid-cell\" ><div id=\"panel-10-1-1-0\" class=\"so-panel widget widget_sow-image panel-first-child panel-last-child\" data-index=\"3\" ><div\n\t\t\t\n\t\t\tclass=\"so-widget-sow-image so-widget-sow-image-default-8b5b6f678277-10\"\n\t\t\t\n\t\t>\n<div class=\"sow-image-container\">\n\t\t\t<a href=\"http:\/\/estedem.com\/tr\/wp-content\/themes\/estedem\/images\/5.jpeg\"\n\t\t\ttarget=\"_blank\" rel=\"noopener noreferrer\" \t\t data-rel=\"lightbox-image-1\" data-rl_title=\"\" data-rl_caption=\"\" title=\"\">\n\t\t\t<img \n\tsrc=\"https:\/\/www.estedem.com\/tr\/wp-content\/uploads\/2019\/02\/5-186x300.jpeg\" width=\"186\" height=\"300\" srcset=\"https:\/\/www.estedem.com\/tr\/wp-content\/uploads\/2019\/02\/5-186x300.jpeg 186w, https:\/\/www.estedem.com\/tr\/wp-content\/uploads\/2019\/02\/5.jpeg 635w\" sizes=\"(max-width: 186px) 100vw, 186px\" alt=\"\" \t\tclass=\"so-widget-image\"\/>\n\t\t\t<\/a><\/div>\n\n<\/div><\/div><\/div><div id=\"pgc-10-1-2\"  class=\"panel-grid-cell\" ><div id=\"panel-10-1-2-0\" class=\"so-panel widget widget_sow-image panel-first-child panel-last-child\" data-index=\"4\" ><div\n\t\t\t\n\t\t\tclass=\"so-widget-sow-image so-widget-sow-image-default-8b5b6f678277-10\"\n\t\t\t\n\t\t>\n<div class=\"sow-image-container\">\n\t\t\t<a href=\"https:\/\/www.estedem.com\/tr\/wp-content\/uploads\/2019\/05\/749c8e99-5a1f-4ba3-981b-6a24bd34ee03.jpg\"\n\t\t\ttarget=\"_blank\" rel=\"noopener noreferrer\" \t\t data-rel=\"lightbox-image-2\" data-rl_title=\"\" data-rl_caption=\"\" title=\"\">\n\t\t\t<img \n\tsrc=\"https:\/\/www.estedem.com\/tr\/wp-content\/uploads\/2019\/02\/IMG-20190205-WA0027-191x300.jpg\" width=\"191\" height=\"300\" srcset=\"https:\/\/www.estedem.com\/tr\/wp-content\/uploads\/2019\/02\/IMG-20190205-WA0027-191x300.jpg 191w, https:\/\/www.estedem.com\/tr\/wp-content\/uploads\/2019\/02\/IMG-20190205-WA0027.jpg 651w\" sizes=\"(max-width: 191px) 100vw, 191px\" alt=\"\" \t\tclass=\"so-widget-image\"\/>\n\t\t\t<\/a><\/div>\n\n<\/div><\/div><\/div><div id=\"pgc-10-1-3\"  class=\"panel-grid-cell\" ><div id=\"panel-10-1-3-0\" class=\"so-panel widget widget_sow-image panel-first-child panel-last-child\" data-index=\"5\" ><div\n\t\t\t\n\t\t\tclass=\"so-widget-sow-image so-widget-sow-image-default-8b5b6f678277-10\"\n\t\t\t\n\t\t>\n<div class=\"sow-image-container\">\n\t\t\t<a href=\"http:\/\/estedem.com\/tr\/wp-content\/themes\/estedem\/images\/3.jpeg\"\n\t\t\ttarget=\"_blank\" rel=\"noopener noreferrer\" \t\t data-rel=\"lightbox-image-3\" data-rl_title=\"\" data-rl_caption=\"\" title=\"\">\n\t\t\t<img \n\tsrc=\"https:\/\/www.estedem.com\/tr\/wp-content\/uploads\/2019\/02\/3-192x300.jpeg\" width=\"192\" height=\"300\" srcset=\"https:\/\/www.estedem.com\/tr\/wp-content\/uploads\/2019\/02\/3-192x300.jpeg 192w, https:\/\/www.estedem.com\/tr\/wp-content\/uploads\/2019\/02\/3.jpeg 655w\" sizes=\"(max-width: 192px) 100vw, 192px\" alt=\"\" \t\tclass=\"so-widget-image\"\/>\n\t\t\t<\/a><\/div>\n\n<\/div><\/div><\/div><div id=\"pgc-10-1-4\"  class=\"panel-grid-cell\" ><div id=\"panel-10-1-4-0\" class=\"so-panel widget widget_sow-image panel-first-child panel-last-child\" data-index=\"6\" ><div\n\t\t\t\n\t\t\tclass=\"so-widget-sow-image so-widget-sow-image-default-8b5b6f678277-10\"\n\t\t\t\n\t\t>\n<div class=\"sow-image-container\">\n\t\t\t<a href=\"http:\/\/estedem.com\/tr\/wp-content\/themes\/estedem\/images\/2.jpeg\"\n\t\t\ttarget=\"_blank\" rel=\"noopener noreferrer\" \t\t data-rel=\"lightbox-image-4\" data-rl_title=\"\" data-rl_caption=\"\" title=\"\">\n\t\t\t<img \n\tsrc=\"https:\/\/www.estedem.com\/tr\/wp-content\/uploads\/2019\/02\/2-197x300.jpeg\" width=\"197\" height=\"300\" srcset=\"https:\/\/www.estedem.com\/tr\/wp-content\/uploads\/2019\/02\/2-197x300.jpeg 197w, https:\/\/www.estedem.com\/tr\/wp-content\/uploads\/2019\/02\/2.jpeg 673w\" sizes=\"(max-width: 197px) 100vw, 197px\" alt=\"\" \t\tclass=\"so-widget-image\"\/>\n\t\t\t<\/a><\/div>\n\n<\/div><\/div><\/div><div id=\"pgc-10-1-5\"  class=\"panel-grid-cell\" ><div id=\"panel-10-1-5-0\" class=\"so-panel widget widget_sow-image panel-first-child panel-last-child\" data-index=\"7\" ><div\n\t\t\t\n\t\t\tclass=\"so-widget-sow-image so-widget-sow-image-default-8b5b6f678277-10\"\n\t\t\t\n\t\t>\n<div class=\"sow-image-container\">\n\t\t\t<a href=\"http:\/\/estedem.com\/tr\/wp-content\/themes\/estedem\/images\/4.jpg\"\n\t\t\ttarget=\"_blank\" rel=\"noopener noreferrer\" \t\t data-rel=\"lightbox-image-5\" data-rl_title=\"\" data-rl_caption=\"\" title=\"\">\n\t\t\t<img \n\tsrc=\"https:\/\/www.estedem.com\/tr\/wp-content\/uploads\/2019\/02\/4-211x300.jpg\" width=\"211\" height=\"300\" srcset=\"https:\/\/www.estedem.com\/tr\/wp-content\/uploads\/2019\/02\/4-211x300.jpg 211w, https:\/\/www.estedem.com\/tr\/wp-content\/uploads\/2019\/02\/4.jpg 721w\" sizes=\"(max-width: 211px) 100vw, 211px\" alt=\"\" \t\tclass=\"so-widget-image\"\/>\n\t\t\t<\/a><\/div>\n\n<\/div><\/div><\/div><\/div><div id=\"pg-10-2\"  class=\"panel-grid panel-no-style\" ><div id=\"pgc-10-2-0\"  class=\"panel-grid-cell panel-grid-cell-empty\" ><\/div><\/div><\/div>","protected":false},"excerpt":{"rendered":"<p>23 y\u0131ll\u0131k sekt\u00f6rel\u00a0 deneyim ve ba\u015far\u0131m\u0131z\u0131 bor\u00e7lu oldu\u011fumuz,\u00a0 do\u011fruluk, g\u00fcven\u00a0 ve d\u00fcr\u00fcstl\u00fck\u00a0 ilkelerinden \u00f6d\u00fcn vermeden ,d\u00fcnyadaki geli\u015fmeleri yak\u0131ndan takip ederek bug\u00fcnlere ula\u015ft\u0131k. Sekt\u00f6r\u00fcm\u00fczde \u00e7al\u0131\u015fan kurulu\u015flar\u0131n en b\u00fcy\u00fck beklentisi\u00a0 olan kaliteli \u00fcr\u00fcnleri\u00a0 ekonomik se\u00e7eneklerle temin etme ve sat\u0131\u015f sonras\u0131 hizmetleri konular\u0131ndaki\u00a0 ihtiyaca, \u00f6rnek seviye\u00a0 yan\u0131t verebilecek, uzmanla\u015fm\u0131\u015f bir ekiple yol alman\u0131n hakl\u0131 gururunu ya\u015f\u0131yoruz. Hedef kitlemizi [&hellip;]<\/p>\n","protected":false},"author":1,"featured_media":0,"parent":0,"menu_order":0,"comment_status":"closed","ping_status":"closed","template":"","meta":{"h5ap_radio_sources":[],"footnotes":""},"class_list":["post-10","page","type-page","status-publish","hentry"],"_links":{"self":[{"href":"https:\/\/www.estedem.com\/tr\/wp-json\/wp\/v2\/pages\/10","targetHints":{"allow":["GET"]}}],"collection":[{"href":"https:\/\/www.estedem.com\/tr\/wp-json\/wp\/v2\/pages"}],"about":[{"href":"https:\/\/www.estedem.com\/tr\/wp-json\/wp\/v2\/types\/page"}],"author":[{"embeddable":true,"href":"https:\/\/www.estedem.com\/tr\/wp-json\/wp\/v2\/users\/1"}],"replies":[{"embeddable":true,"href":"https:\/\/www.estedem.com\/tr\/wp-json\/wp\/v2\/comments?post=10"}],"version-history":[{"count":36,"href":"https:\/\/www.estedem.com\/tr\/wp-json\/wp\/v2\/pages\/10\/revisions"}],"predecessor-version":[{"id":1606,"href":"https:\/\/www.estedem.com\/tr\/wp-json\/wp\/v2\/pages\/10\/revisions\/1606"}],"wp:attachment":[{"href":"https:\/\/www.estedem.com\/tr\/wp-json\/wp\/v2\/media?parent=10"}],"curies":[{"name":"wp","href":"https:\/\/api.w.org\/{rel}","templated":true}]}}