  
{"id":261,"date":"2019-01-19T08:22:38","date_gmt":"2019-01-19T08:22:38","guid":{"rendered":"http:\/\/www.estedem.com\/?page_id=261"},"modified":"2019-02-08T11:25:01","modified_gmt":"2019-02-08T11:25:01","slug":"estemoons","status":"publish","type":"page","link":"https:\/\/www.estedem.com\/en\/estemoons\/","title":{"rendered":"Estemoons"},"content":{"rendered":"<div id=\"pl-261\"  class=\"panel-layout\" ><div id=\"pg-261-0\"  class=\"panel-grid panel-no-style\" ><div id=\"pgc-261-0-0\"  class=\"panel-grid-cell\" ><div id=\"panel-261-0-0-0\" class=\"so-panel widget widget_sow-editor panel-first-child panel-last-child\" data-index=\"0\" ><div\n\t\t\t\n\t\t\tclass=\"so-widget-sow-editor so-widget-sow-editor-base\"\n\t\t\t\n\t\t>\n<div class=\"siteorigin-widget-tinymce textwidget\">\n\t<p>20 y\u0131ll\u0131k sekt\u00f6rel&nbsp; deneyim ve ba\u015far\u0131m\u0131z\u0131 bor\u00e7lu oldu\u011fumuz,&nbsp; do\u011fruluk, g\u00fcven&nbsp; ve d\u00fcr\u00fcstl\u00fck&nbsp; ilkelerinden \u00f6d\u00fcn vermeden ,d\u00fcnyadaki geli\u015fmeleri yak\u0131ndan takip ederek bug\u00fcnlere ula\u015ft\u0131k. Sekt\u00f6r\u00fcm\u00fczde \u00e7al\u0131\u015fan kurulu\u015flar\u0131n en b\u00fcy\u00fck beklentisi&nbsp; olan kaliteli \u00fcr\u00fcnleri&nbsp; ekonomik se\u00e7eneklerle temin etme ve sat\u0131\u015f sonras\u0131 hizmetleri konular\u0131ndaki&nbsp; ihtiyaca, \u00f6rnek seviye&nbsp; yan\u0131t verebilecek, uzmanla\u015fm\u0131\u015f bir ekiple yol alman\u0131n hakl\u0131 gururunu ya\u015f\u0131yoruz.<\/p>\n<p>Hedef kitlemizi olu\u015fturan hastaneler,SPA otelleri,G\u00fczellik merkezleri ve&nbsp; polikliniklere,ihtiya\u00e7 duyduklar\u0131 t\u00fcm makine,ekipman,teknik servis ve profesyonel dan\u0131\u015fmanl\u0131k hizmetlerimizle &nbsp;ESTEDEM medikal-estetik-kozmetik fark\u0131 ile devam ediyoruz.<\/p>\n<\/div>\n<\/div><\/div><\/div><div id=\"pgc-261-0-1\"  class=\"panel-grid-cell\" ><div id=\"panel-261-0-1-0\" class=\"so-panel widget widget_media_video panel-first-child panel-last-child\" data-index=\"1\" ><div style=\"width:100%;\" class=\"wp-video\"><!--[if lt IE 9]><script>document.createElement('video');<\/script><![endif]-->\n<video class=\"wp-video-shortcode\" id=\"video-261-1\" preload=\"metadata\" controls=\"controls\"><source type=\"video\/mp4\" src=\"https:\/\/www.estedem.com\/en\/wp-content\/uploads\/2019\/01\/WhatsApp-Video-2019-01-17-at-11.57.38-1.mp4?_=1\" \/><source type=\"video\/mp4\" src=\"http:\/\/www.estedem.com\/wp-content\/uploads\/2019\/01\/WhatsApp-Video-2019-01-17-at-11.57.38-1.mp4?_=1\" \/><a href=\"https:\/\/www.estedem.com\/en\/wp-content\/uploads\/2019\/01\/WhatsApp-Video-2019-01-17-at-11.57.38-1.mp4\">https:\/\/www.estedem.com\/en\/wp-content\/uploads\/2019\/01\/WhatsApp-Video-2019-01-17-at-11.57.38-1.mp4<\/a><\/video><\/div><\/div><\/div><\/div><div id=\"pg-261-1\"  class=\"panel-grid panel-no-style\" ><div id=\"pgc-261-1-0\"  class=\"panel-grid-cell\" ><div id=\"panel-261-1-0-0\" class=\"so-panel widget widget_sow-image panel-first-child panel-last-child\" data-index=\"2\" ><div\n\t\t\t\n\t\t\tclass=\"so-widget-sow-image so-widget-sow-image-default-8b5b6f678277-261\"\n\t\t\t\n\t\t>\n<div class=\"sow-image-container\">\n\t\t<img \n\tsrc=\"https:\/\/www.estedem.com\/en\/wp-content\/uploads\/2019\/01\/8.jpg\" width=\"960\" height=\"652\" srcset=\"https:\/\/www.estedem.com\/en\/wp-content\/uploads\/2019\/01\/8.jpg 960w, https:\/\/www.estedem.com\/en\/wp-content\/uploads\/2019\/01\/8-300x204.jpg 300w, https:\/\/www.estedem.com\/en\/wp-content\/uploads\/2019\/01\/8-768x522.jpg 768w\" sizes=\"(max-width: 960px) 100vw, 960px\" alt=\"\" \t\tclass=\"so-widget-image\"\/>\n\t<\/div>\n\n<\/div><\/div><\/div><div id=\"pgc-261-1-1\"  class=\"panel-grid-cell\" ><div id=\"panel-261-1-1-0\" class=\"so-panel widget widget_sow-image panel-first-child panel-last-child\" data-index=\"3\" ><div\n\t\t\t\n\t\t\tclass=\"so-widget-sow-image so-widget-sow-image-default-8b5b6f678277-261\"\n\t\t\t\n\t\t>\n<div class=\"sow-image-container\">\n\t\t<img \n\tsrc=\"https:\/\/www.estedem.com\/en\/wp-content\/uploads\/2019\/01\/8.jpg\" width=\"960\" height=\"652\" srcset=\"https:\/\/www.estedem.com\/en\/wp-content\/uploads\/2019\/01\/8.jpg 960w, https:\/\/www.estedem.com\/en\/wp-content\/uploads\/2019\/01\/8-300x204.jpg 300w, https:\/\/www.estedem.com\/en\/wp-content\/uploads\/2019\/01\/8-768x522.jpg 768w\" sizes=\"(max-width: 960px) 100vw, 960px\" alt=\"\" \t\tclass=\"so-widget-image\"\/>\n\t<\/div>\n\n<\/div><\/div><\/div><\/div><\/div>","protected":false},"excerpt":{"rendered":"<p>20 y\u0131ll\u0131k sekt\u00f6rel&nbsp; deneyim ve ba\u015far\u0131m\u0131z\u0131 bor\u00e7lu oldu\u011fumuz,&nbsp; do\u011fruluk, g\u00fcven&nbsp; ve d\u00fcr\u00fcstl\u00fck&nbsp; ilkelerinden \u00f6d\u00fcn vermeden ,d\u00fcnyadaki geli\u015fmeleri yak\u0131ndan takip ederek bug\u00fcnlere ula\u015ft\u0131k. Sekt\u00f6r\u00fcm\u00fczde \u00e7al\u0131\u015fan kurulu\u015flar\u0131n en b\u00fcy\u00fck beklentisi&nbsp; olan kaliteli \u00fcr\u00fcnleri&nbsp; ekonomik se\u00e7eneklerle temin etme ve sat\u0131\u015f sonras\u0131 hizmetleri konular\u0131ndaki&nbsp; ihtiyaca, \u00f6rnek seviye&nbsp; yan\u0131t verebilecek, uzmanla\u015fm\u0131\u015f bir ekiple yol alman\u0131n hakl\u0131 gururunu ya\u015f\u0131yoruz. Hedef kitlemizi [&hellip;]<\/p>\n","protected":false},"author":1,"featured_media":0,"parent":0,"menu_order":0,"comment_status":"closed","ping_status":"closed","template":"","meta":{"h5ap_radio_sources":[],"footnotes":""},"_links":{"self":[{"href":"https:\/\/www.estedem.com\/en\/wp-json\/wp\/v2\/pages\/261"}],"collection":[{"href":"https:\/\/www.estedem.com\/en\/wp-json\/wp\/v2\/pages"}],"about":[{"href":"https:\/\/www.estedem.com\/en\/wp-json\/wp\/v2\/types\/page"}],"author":[{"embeddable":true,"href":"https:\/\/www.estedem.com\/en\/wp-json\/wp\/v2\/users\/1"}],"replies":[{"embeddable":true,"href":"https:\/\/www.estedem.com\/en\/wp-json\/wp\/v2\/comments?post=261"}],"version-history":[{"count":4,"href":"https:\/\/www.estedem.com\/en\/wp-json\/wp\/v2\/pages\/261\/revisions"}],"predecessor-version":[{"id":570,"href":"https:\/\/www.estedem.com\/en\/wp-json\/wp\/v2\/pages\/261\/revisions\/570"}],"wp:attachment":[{"href":"https:\/\/www.estedem.com\/en\/wp-json\/wp\/v2\/media?parent=261"}],"curies":[{"name":"wp","href":"https:\/\/api.w.org\/{rel}","templated":true}]}}