  
{"id":245,"date":"2019-01-19T08:14:56","date_gmt":"2019-01-19T08:14:56","guid":{"rendered":"http:\/\/www.estedem.com\/?page_id=245"},"modified":"2019-02-14T09:13:31","modified_gmt":"2019-02-14T09:13:31","slug":"kentpark-guzellik","status":"publish","type":"page","link":"https:\/\/www.estedem.com\/en\/kentpark-guzellik\/","title":{"rendered":"Kentpark G\u00fczellik"},"content":{"rendered":"<div id=\"pl-245\"  class=\"panel-layout\" ><div id=\"pg-245-0\"  class=\"panel-grid panel-no-style\" ><div id=\"pgc-245-0-0\"  class=\"panel-grid-cell\" ><div id=\"panel-245-0-0-0\" class=\"so-panel widget widget_sow-editor panel-first-child panel-last-child\" data-index=\"0\" ><div\n\t\t\t\n\t\t\tclass=\"so-widget-sow-editor so-widget-sow-editor-base\"\n\t\t\t\n\t\t>\n<div class=\"siteorigin-widget-tinymce textwidget\">\n\t<p>FELSEFEM\u0130Z<\/p>\n<p>Bizim felsefemiz g\u00fcven ve ba\u015far\u0131\u00a0\u00fczerine kuruludur.Tutkulu, hayalleri,\u00a0vizyonu olan ve bunlar\u0131 ger\u00e7e\u011fe\u00a0d\u00f6n\u00fc\u015ft\u00fcrmek isteyen insanlar i\u00e7in\u00a0buraday\u0131z.<\/p>\n<p>G\u00fczellik trendlerini\u00a0yak\u0131ndan izliyor, New York ve Paris tecr\u00fcbemizi an\u0131nda\u00a0Kent Park G\u00fczellik Salonuna ta\u015f\u0131yoruz.<\/p>\n<p><strong>K\u00fc\u00e7\u00fck \u015feylerin b\u00fcy\u00fck de\u011fi\u015fimler yapt\u0131\u011f\u0131na inan\u0131yoruz.<\/strong><\/p>\n<\/div>\n<\/div><\/div><\/div><div id=\"pgc-245-0-1\"  class=\"panel-grid-cell\" ><div id=\"panel-245-0-1-0\" class=\"so-panel widget widget_sow-image panel-first-child panel-last-child\" data-index=\"1\" ><div\n\t\t\t\n\t\t\tclass=\"so-widget-sow-image so-widget-sow-image-default-8b5b6f678277-245\"\n\t\t\t\n\t\t>\n<div class=\"sow-image-container\">\n\t\t<img \n\tsrc=\"https:\/\/www.estedem.com\/en\/wp-content\/uploads\/2019\/02\/kentpark.jpg\" width=\"640\" height=\"640\" srcset=\"https:\/\/www.estedem.com\/en\/wp-content\/uploads\/2019\/02\/kentpark.jpg 640w, https:\/\/www.estedem.com\/en\/wp-content\/uploads\/2019\/02\/kentpark-150x150.jpg 150w, https:\/\/www.estedem.com\/en\/wp-content\/uploads\/2019\/02\/kentpark-300x300.jpg 300w\" sizes=\"(max-width: 640px) 100vw, 640px\" alt=\"\" \t\tclass=\"so-widget-image\"\/>\n\t<\/div>\n\n<\/div><\/div><\/div><\/div><div id=\"pg-245-1\"  class=\"panel-grid panel-no-style\" ><div id=\"pgc-245-1-0\"  class=\"panel-grid-cell\" ><div id=\"panel-245-1-0-0\" class=\"so-panel widget widget_sow-image panel-first-child panel-last-child\" data-index=\"2\" ><div\n\t\t\t\n\t\t\tclass=\"so-widget-sow-image so-widget-sow-image-default-8b5b6f678277-245\"\n\t\t\t\n\t\t>\n<div class=\"sow-image-container\">\n\t\t<img \n\tsrc=\"https:\/\/www.estedem.com\/en\/wp-content\/uploads\/2019\/01\/8.jpg\" width=\"960\" height=\"652\" srcset=\"https:\/\/www.estedem.com\/en\/wp-content\/uploads\/2019\/01\/8.jpg 960w, https:\/\/www.estedem.com\/en\/wp-content\/uploads\/2019\/01\/8-300x204.jpg 300w, https:\/\/www.estedem.com\/en\/wp-content\/uploads\/2019\/01\/8-768x522.jpg 768w\" sizes=\"(max-width: 960px) 100vw, 960px\" alt=\"\" \t\tclass=\"so-widget-image\"\/>\n\t<\/div>\n\n<\/div><\/div><\/div><div id=\"pgc-245-1-1\"  class=\"panel-grid-cell\" ><div id=\"panel-245-1-1-0\" class=\"so-panel widget widget_media_video panel-first-child panel-last-child\" data-index=\"3\" ><div style=\"width:100%;\" class=\"wp-video\"><!--[if lt IE 9]><script>document.createElement('video');<\/script><![endif]-->\n<video class=\"wp-video-shortcode\" id=\"video-245-1\" preload=\"metadata\" controls=\"controls\"><source type=\"video\/mp4\" src=\"https:\/\/www.estedem.com\/en\/wp-content\/uploads\/2019\/01\/WhatsApp-Video-2019-01-17-at-11.57.38-1.mp4?_=1\" \/><source type=\"video\/mp4\" src=\"http:\/\/www.estedem.com\/wp-content\/uploads\/2019\/01\/WhatsApp-Video-2019-01-17-at-11.57.38-1.mp4?_=1\" \/><a href=\"https:\/\/www.estedem.com\/en\/wp-content\/uploads\/2019\/01\/WhatsApp-Video-2019-01-17-at-11.57.38-1.mp4\">https:\/\/www.estedem.com\/en\/wp-content\/uploads\/2019\/01\/WhatsApp-Video-2019-01-17-at-11.57.38-1.mp4<\/a><\/video><\/div><\/div><\/div><\/div><\/div>","protected":false},"excerpt":{"rendered":"<p>FELSEFEM\u0130Z Bizim felsefemiz g\u00fcven ve ba\u015far\u0131\u00a0\u00fczerine kuruludur.Tutkulu, hayalleri,\u00a0vizyonu olan ve bunlar\u0131 ger\u00e7e\u011fe\u00a0d\u00f6n\u00fc\u015ft\u00fcrmek isteyen insanlar i\u00e7in\u00a0buraday\u0131z. G\u00fczellik trendlerini\u00a0yak\u0131ndan izliyor, New York ve Paris tecr\u00fcbemizi an\u0131nda\u00a0Kent Park G\u00fczellik Salonuna ta\u015f\u0131yoruz. K\u00fc\u00e7\u00fck \u015feylerin b\u00fcy\u00fck de\u011fi\u015fimler yapt\u0131\u011f\u0131na inan\u0131yoruz.<\/p>\n","protected":false},"author":1,"featured_media":0,"parent":0,"menu_order":0,"comment_status":"closed","ping_status":"closed","template":"","meta":{"h5ap_radio_sources":[],"footnotes":""},"_links":{"self":[{"href":"https:\/\/www.estedem.com\/en\/wp-json\/wp\/v2\/pages\/245"}],"collection":[{"href":"https:\/\/www.estedem.com\/en\/wp-json\/wp\/v2\/pages"}],"about":[{"href":"https:\/\/www.estedem.com\/en\/wp-json\/wp\/v2\/types\/page"}],"author":[{"embeddable":true,"href":"https:\/\/www.estedem.com\/en\/wp-json\/wp\/v2\/users\/1"}],"replies":[{"embeddable":true,"href":"https:\/\/www.estedem.com\/en\/wp-json\/wp\/v2\/comments?post=245"}],"version-history":[{"count":7,"href":"https:\/\/www.estedem.com\/en\/wp-json\/wp\/v2\/pages\/245\/revisions"}],"predecessor-version":[{"id":679,"href":"https:\/\/www.estedem.com\/en\/wp-json\/wp\/v2\/pages\/245\/revisions\/679"}],"wp:attachment":[{"href":"https:\/\/www.estedem.com\/en\/wp-json\/wp\/v2\/media?parent=245"}],"curies":[{"name":"wp","href":"https:\/\/api.w.org\/{rel}","templated":true}]}}