  
{"id":193,"date":"2019-01-18T11:44:29","date_gmt":"2019-01-18T11:44:29","guid":{"rendered":"http:\/\/www.estedem.com\/?page_id=193"},"modified":"2019-02-14T09:55:27","modified_gmt":"2019-02-14T09:55:27","slug":"ergul-keskin","status":"publish","type":"page","link":"https:\/\/www.estedem.com\/en\/ergul-keskin\/","title":{"rendered":"ERG\u00dcL KESK\u0130N"},"content":{"rendered":"<div id=\"pl-193\"  class=\"panel-layout\" ><div id=\"pg-193-0\"  class=\"panel-grid panel-no-style\" ><div id=\"pgc-193-0-0\"  class=\"panel-grid-cell\" ><div id=\"panel-193-0-0-0\" class=\"so-panel widget widget_sow-editor panel-first-child panel-last-child\" data-index=\"0\" ><div\n\t\t\t\n\t\t\tclass=\"so-widget-sow-editor so-widget-sow-editor-base\"\n\t\t\t\n\t\t>\n<div class=\"siteorigin-widget-tinymce textwidget\">\n\t<p>Herkes g\u00fczellik ve bak\u0131mda daha fazlas\u0131n\u0131 hak eder. Her daim bak\u0131ml\u0131 g\u00f6r\u00fcnmenin ve ya\u015fama haz\u0131r olman\u0131n en kolay yolu olan kal\u0131c\u0131 makyaj, do\u011fru ellerde uyguland\u0131\u011f\u0131nda asl\u0131nda sahip oldu\u011funuz g\u00fczelli\u011fin ortaya \u00e7\u0131kmas\u0131n\u0131 sa\u011flar. Erg\u00fcl Keskin Conture Make-Up Studio\u2019nun fark\u0131, kal\u0131c\u0131 makyaj ile daha bak\u0131ml\u0131 ve g\u00fczel bir g\u00f6r\u00fcn\u00fcm\u00fc m\u00fcmk\u00fcn k\u0131larken, profesyonel, kaliteli ve g\u00fcvenilir bir hizmet veriyor olmas\u0131d\u0131r. T\u00fcrkiye\u2019de kont\u00fcr makyaj\u0131n profesyonel olarak yap\u0131lmas\u0131 amac\u0131yla yola \u00e7\u0131kan ve sekt\u00f6rde \u00f6nc\u00fc olmay\u0131 ba\u015faran Erg\u00fcl Keskin, bu konuda uzmanl\u0131\u011f\u0131n\u0131 payla\u015farak sekt\u00f6re de\u011fer kat\u0131yor. 37 y\u0131ll\u0131k \u00e7al\u0131\u015fma hayat\u0131n\u0131n kazand\u0131rm\u0131\u015f oldu\u011fu deneyimler ve \u00f6d\u00fcllerle T\u00fcrkiye\u2019de kal\u0131c\u0131 makyaj standard\u0131n\u0131 y\u00fckselten Erg\u00fcl Keskin, kurmu\u015f oldu\u011fu kal\u0131c\u0131 makyaj st\u00fcdyosu ile bir ilke de imza at\u0131yor. Vermi\u015f oldu\u011fu profesyonel kal\u0131c\u0131 makyaj hizmeti ile g\u00fczelli\u011finizi koruyan Erg\u00fcl Keskin Conture Make-Up Studio, ayn\u0131 zamanda alan\u0131nda \u00f6nc\u00fc olan Alman markas\u0131 Long Time Liner Conture Make-up markas\u0131n\u0131n T\u00fcrkiye Distrib\u00fct\u00f6r\u00fc ve uygulama merkezidir. Son olarak, Erg\u00fcl Keskin Conture Make-up Studio, potansiyel kal\u0131c\u0131 makyaj uzmanlar\u0131na y\u00f6nelik \u00e7e\u015fitli at\u00f6lyeler d\u00fczenleyerek, ki\u015filere alanda uzmanla\u015fma konusunda f\u0131rsatlar sunmaktad\u0131r.<\/p>\n<p><a href=\"http:\/\/ergulkeskin.com.tr\/\">ergulkeskin.com.tr<\/a><\/p>\n<\/div>\n<\/div><\/div><\/div><div id=\"pgc-193-0-1\"  class=\"panel-grid-cell\" ><div id=\"panel-193-0-1-0\" class=\"so-panel widget widget_sow-image panel-first-child panel-last-child\" data-index=\"1\" ><div\n\t\t\t\n\t\t\tclass=\"so-widget-sow-image so-widget-sow-image-default-8b5b6f678277-193\"\n\t\t\t\n\t\t>\n<div class=\"sow-image-container\">\n\t\t<img \n\tsrc=\"https:\/\/www.estedem.com\/en\/wp-content\/uploads\/2019\/02\/erg\u00fcl-keskin2.jpg\" width=\"720\" height=\"960\" srcset=\"https:\/\/www.estedem.com\/en\/wp-content\/uploads\/2019\/02\/erg\u00fcl-keskin2.jpg 720w, https:\/\/www.estedem.com\/en\/wp-content\/uploads\/2019\/02\/erg\u00fcl-keskin2-225x300.jpg 225w\" sizes=\"(max-width: 720px) 100vw, 720px\" title=\"erg\u00fcl keskin2\" alt=\"\" \t\tclass=\"so-widget-image\"\/>\n\t<\/div>\n\n<\/div><\/div><\/div><\/div><div id=\"pg-193-1\"  class=\"panel-grid panel-no-style\" ><div id=\"pgc-193-1-0\"  class=\"panel-grid-cell\" ><div id=\"panel-193-1-0-0\" class=\"so-panel widget widget_sow-image panel-first-child panel-last-child\" data-index=\"2\" ><div\n\t\t\t\n\t\t\tclass=\"so-widget-sow-image so-widget-sow-image-default-8b5b6f678277-193\"\n\t\t\t\n\t\t>\n<div class=\"sow-image-container\">\n\t\t<img \n\tsrc=\"https:\/\/www.estedem.com\/en\/wp-content\/uploads\/2019\/02\/erg\u00fcl-keskin.jpg\" width=\"750\" height=\"796\" srcset=\"https:\/\/www.estedem.com\/en\/wp-content\/uploads\/2019\/02\/erg\u00fcl-keskin.jpg 750w, https:\/\/www.estedem.com\/en\/wp-content\/uploads\/2019\/02\/erg\u00fcl-keskin-283x300.jpg 283w\" sizes=\"(max-width: 750px) 100vw, 750px\" title=\"erg\u00fcl keskin\" alt=\"\" \t\tclass=\"so-widget-image\"\/>\n\t<\/div>\n\n<\/div><\/div><\/div><div id=\"pgc-193-1-1\"  class=\"panel-grid-cell\" ><div id=\"panel-193-1-1-0\" class=\"so-panel widget widget_media_video panel-first-child panel-last-child\" data-index=\"3\" ><div style=\"width:100%;\" class=\"wp-video\"><!--[if lt IE 9]><script>document.createElement('video');<\/script><![endif]-->\n<video class=\"wp-video-shortcode\" id=\"video-193-1\" preload=\"metadata\" controls=\"controls\"><source type=\"video\/mp4\" src=\"https:\/\/www.estedem.com\/en\/wp-content\/uploads\/2019\/01\/WhatsApp-Video-2019-01-17-at-11.57.38-1.mp4?_=1\" \/><source type=\"video\/mp4\" src=\"http:\/\/www.estedem.com\/wp-content\/uploads\/2019\/01\/WhatsApp-Video-2019-01-17-at-11.57.38-1.mp4?_=1\" \/><a href=\"https:\/\/www.estedem.com\/en\/wp-content\/uploads\/2019\/01\/WhatsApp-Video-2019-01-17-at-11.57.38-1.mp4\">https:\/\/www.estedem.com\/en\/wp-content\/uploads\/2019\/01\/WhatsApp-Video-2019-01-17-at-11.57.38-1.mp4<\/a><\/video><\/div><\/div><\/div><\/div><\/div>","protected":false},"excerpt":{"rendered":"<p>Herkes g\u00fczellik ve bak\u0131mda daha fazlas\u0131n\u0131 hak eder. Her daim bak\u0131ml\u0131 g\u00f6r\u00fcnmenin ve ya\u015fama haz\u0131r olman\u0131n en kolay yolu olan kal\u0131c\u0131 makyaj, do\u011fru ellerde uyguland\u0131\u011f\u0131nda asl\u0131nda sahip oldu\u011funuz g\u00fczelli\u011fin ortaya \u00e7\u0131kmas\u0131n\u0131 sa\u011flar. Erg\u00fcl Keskin Conture Make-Up Studio\u2019nun fark\u0131, kal\u0131c\u0131 makyaj ile daha bak\u0131ml\u0131 ve g\u00fczel bir g\u00f6r\u00fcn\u00fcm\u00fc m\u00fcmk\u00fcn k\u0131larken, profesyonel, kaliteli ve g\u00fcvenilir bir hizmet [&hellip;]<\/p>\n","protected":false},"author":1,"featured_media":0,"parent":0,"menu_order":0,"comment_status":"closed","ping_status":"closed","template":"","meta":{"h5ap_radio_sources":[],"footnotes":""},"_links":{"self":[{"href":"https:\/\/www.estedem.com\/en\/wp-json\/wp\/v2\/pages\/193"}],"collection":[{"href":"https:\/\/www.estedem.com\/en\/wp-json\/wp\/v2\/pages"}],"about":[{"href":"https:\/\/www.estedem.com\/en\/wp-json\/wp\/v2\/types\/page"}],"author":[{"embeddable":true,"href":"https:\/\/www.estedem.com\/en\/wp-json\/wp\/v2\/users\/1"}],"replies":[{"embeddable":true,"href":"https:\/\/www.estedem.com\/en\/wp-json\/wp\/v2\/comments?post=193"}],"version-history":[{"count":6,"href":"https:\/\/www.estedem.com\/en\/wp-json\/wp\/v2\/pages\/193\/revisions"}],"predecessor-version":[{"id":768,"href":"https:\/\/www.estedem.com\/en\/wp-json\/wp\/v2\/pages\/193\/revisions\/768"}],"wp:attachment":[{"href":"https:\/\/www.estedem.com\/en\/wp-json\/wp\/v2\/media?parent=193"}],"curies":[{"name":"wp","href":"https:\/\/api.w.org\/{rel}","templated":true}]}}